{"id":4279,"date":"2023-02-20T17:28:35","date_gmt":"2023-02-20T16:28:35","guid":{"rendered":"https:\/\/www.valaz.es\/?post_type=product&#038;p=4279"},"modified":"2025-07-02T17:24:26","modified_gmt":"2025-07-02T15:24:26","slug":"grifo-de-banera-exenta-redondo-acero-cepillado-serie-ebro","status":"publish","type":"product","link":"https:\/\/www.valaz.es\/it\/prodotto\/grifo-de-banera-exenta-redondo-acero-cepillado-serie-ebro\/","title":{"rendered":"Grifo de ba\u00f1era exenta redondo acero cepillado &#8211; Serie Ebro"},"content":{"rendered":"<p class=\"\" data-start=\"139\" data-end=\"373\">Grifo de ba\u00f1era de pie con dise\u00f1o redondo en acabado acero cepillado. Su elegante cascada aporta un toque moderno y sofisticado al ba\u00f1o. Ideal para ba\u00f1eras exentas, combina funcionalidad y est\u00e9tica en un solo cuerpo.<\/p>\n<p class=\"\" data-start=\"375\" data-end=\"397\"><strong data-start=\"375\" data-end=\"395\">Especificaciones<\/strong><\/p>\n<ul data-start=\"398\" data-end=\"643\">\n<li class=\"\" data-start=\"398\" data-end=\"445\">\n<p class=\"\" data-start=\"400\" data-end=\"445\">Tipo de grifo: monomando de pie para ba\u00f1era<\/p>\n<\/li>\n<li class=\"\" data-start=\"446\" data-end=\"474\">\n<p class=\"\" data-start=\"448\" data-end=\"474\">Acabado: acero cepillado<\/p>\n<\/li>\n<li class=\"\" data-start=\"475\" data-end=\"504\">\n<p class=\"\" data-start=\"477\" data-end=\"504\">Material: cuerpo en lat\u00f3n<\/p>\n<\/li>\n<li data-start=\"475\" data-end=\"504\">Flexo y alcachofa de mano: PVC<\/li>\n<li class=\"\" data-start=\"505\" data-end=\"527\">\n<p class=\"\" data-start=\"507\" data-end=\"527\">Cartucho: cer\u00e1mico<\/p>\n<\/li>\n<li class=\"\" data-start=\"528\" data-end=\"560\">\n<p class=\"\" data-start=\"530\" data-end=\"560\">Salida de agua: tipo cascada<\/p>\n<\/li>\n<li class=\"\" data-start=\"561\" data-end=\"618\">\n<p class=\"\" data-start=\"563\" data-end=\"618\">Conexiones: agua caliente y fr\u00eda con conector de 1\/2\u201d<\/p>\n<\/li>\n<li class=\"\" data-start=\"619\" data-end=\"643\">\n<p class=\"\" data-start=\"621\" data-end=\"643\">Altura total: 101 cm<\/p>\n<\/li>\n<\/ul>\n","protected":false},"excerpt":{"rendered":"<p>Serie Ebro es la cl\u00e1sica redonda que nos aportan elegancia y bienestar, perfecta para todo tipo de ba\u00f1os. \u00a0Disponemos de diferentes acabados cromados, acero cepillado, dorado cepillado, negro mate. Cuenta con barras de ducha\/ba\u00f1era, grifo de lavabo, grifo para pica , grifo de bid\u00e9, en la que encontraras grifos de ba\u00f1era exenta y t\u00f3tem.<\/p>\n<p>La garant\u00eda de todos nuestros productos es de 3 a\u00f1os, para funcionamiento, duraci\u00f3n del esmaltado y anticorrosi\u00f3n.<\/p>\n<p>Recomendamos para un correcto mantenimiento de la grifer\u00eda y evitar el deterioro por el uso. Secar las gotas de agua con un pa\u00f1o suave despu\u00e9s del uso, evitando que se posen en la superficie y deterioran el acabado, no utilizar esponjas que puedan rayar la grifer\u00eda, utilizar limpiadores como vinagre limpieza, agua caliente y jab\u00f3n con ph neutro.<\/p>\n<p>&nbsp;<\/p>\n<p><strong>Nuestro departamento\u00a0t\u00e9cnico\u00a0dispone de\u00a0gu\u00edas\u00a0de todos los\u00a0modelos\u00a0empotrados\u00a0que vendemos<\/strong><strong>,\u00a0si tiene alguna duda con la\u00a0instalaci\u00f3n\u00a0contacte con nosotros mediante\u00a0tel\u00e9fono,\u00a0WhatsApp\u00a0o email dentro del horario laboral indicado en la web.<\/strong><\/p>\n<p><strong>Recuerden que una vez instalado el cuerpo\u00a0empotrado\u00a0de la\u00a0grifer\u00eda\u00a0revisar de su correcto funcionamiento de paso de agua, comprobaci\u00f3n de cartuchos y corte de agua, si detecta alguna\u00a0anomal\u00eda\u00a0informe a nuestro\u00a0departamento\u00a0para darle una\u00a0soluci\u00f3n, no\u00a0contin\u00fae\u00a0con la\u00a0instalaci\u00f3n\u00a0de cerramiento de la pared.<\/strong><\/p>\n","protected":false},"featured_media":8406,"template":"","meta":[],"product_brand":[],"product_cat":[60,49],"product_tag":[],"serie":[24],"manual-de-instalacion":[84],"color":[28],"class_list":{"0":"post-4279","1":"product","2":"type-product","3":"status-publish","4":"has-post-thumbnail","6":"product_cat-griferia-de-banera","7":"product_cat-grifos-de-banera-exenta","8":"serie-ebro","9":"manual-de-instalacion-guia-instalacion-grifo-exenta","10":"color-acero-cepillado","12":"first","13":"instock","14":"taxable","15":"shipping-taxable","16":"product-type-simple"},"_links":{"self":[{"href":"https:\/\/www.valaz.es\/it\/wp-json\/wp\/v2\/product\/4279","targetHints":{"allow":["GET"]}}],"collection":[{"href":"https:\/\/www.valaz.es\/it\/wp-json\/wp\/v2\/product"}],"about":[{"href":"https:\/\/www.valaz.es\/it\/wp-json\/wp\/v2\/types\/product"}],"wp:featuredmedia":[{"embeddable":true,"href":"https:\/\/www.valaz.es\/it\/wp-json\/wp\/v2\/media\/8406"}],"wp:attachment":[{"href":"https:\/\/www.valaz.es\/it\/wp-json\/wp\/v2\/media?parent=4279"}],"wp:term":[{"taxonomy":"product_brand","embeddable":true,"href":"https:\/\/www.valaz.es\/it\/wp-json\/wp\/v2\/product_brand?post=4279"},{"taxonomy":"product_cat","embeddable":true,"href":"https:\/\/www.valaz.es\/it\/wp-json\/wp\/v2\/product_cat?post=4279"},{"taxonomy":"product_tag","embeddable":true,"href":"https:\/\/www.valaz.es\/it\/wp-json\/wp\/v2\/product_tag?post=4279"},{"taxonomy":"serie","embeddable":true,"href":"https:\/\/www.valaz.es\/it\/wp-json\/wp\/v2\/serie?post=4279"},{"taxonomy":"manual-de-instalacion","embeddable":true,"href":"https:\/\/www.valaz.es\/it\/wp-json\/wp\/v2\/manual-de-instalacion?post=4279"},{"taxonomy":"color","embeddable":true,"href":"https:\/\/www.valaz.es\/it\/wp-json\/wp\/v2\/color?post=4279"}],"curies":[{"name":"wp","href":"https:\/\/api.w.org\/{rel}","templated":true}]}}