{"id":408,"date":"2022-11-09T10:55:25","date_gmt":"2022-11-09T09:55:25","guid":{"rendered":"https:\/\/www.valaz.es\/?post_type=product&#038;p=408"},"modified":"2025-09-03T14:00:49","modified_gmt":"2025-09-03T12:00:49","slug":"grifo-de-bidet-monomando-redondo-gun-metal-serie-jabalon","status":"publish","type":"product","link":"https:\/\/www.valaz.es\/it\/prodotto\/grifo-de-bidet-monomando-redondo-gun-metal-serie-jabalon\/","title":{"rendered":"Grifo de bidet monomando redondo Gun metal &#8211; Serie Jabalon"},"content":{"rendered":"<p class=\"\" data-start=\"63\" data-end=\"347\">El grifo de bid\u00e9 monomando de la Serie Jabal\u00f3n en acabado gun metal aporta un estilo moderno y uniforme al conjunto de ba\u00f1o. Su formato redondo y su control monomando permiten un uso c\u00f3modo y preciso, integr\u00e1ndose perfectamente con otros elementos de la misma serie.<\/p>\n<p class=\"\" data-start=\"349\" data-end=\"371\"><strong data-start=\"349\" data-end=\"369\">Especificaciones<\/strong><\/p>\n<ul data-start=\"372\" data-end=\"587\">\n<li class=\"\" data-start=\"372\" data-end=\"404\">\n<p class=\"\" data-start=\"374\" data-end=\"404\"><strong data-start=\"374\" data-end=\"392\">Tipo de grifo:<\/strong> Para bid\u00e9<\/p>\n<\/li>\n<li class=\"\" data-start=\"405\" data-end=\"439\">\n<p class=\"\" data-start=\"407\" data-end=\"439\"><strong data-start=\"407\" data-end=\"423\">Instalaci\u00f3n:<\/strong> De superficie<\/p>\n<\/li>\n<li class=\"\" data-start=\"440\" data-end=\"472\">\n<p class=\"\" data-start=\"442\" data-end=\"472\"><strong data-start=\"442\" data-end=\"460\">Accionamiento:<\/strong> Monomando<\/p>\n<\/li>\n<li class=\"\" data-start=\"473\" data-end=\"506\">\n<p class=\"\" data-start=\"475\" data-end=\"506\"><strong data-start=\"475\" data-end=\"488\">Material:<\/strong> Cuerpo de lat\u00f3n<\/p>\n<\/li>\n<li class=\"\" data-start=\"507\" data-end=\"533\">\n<p class=\"\" data-start=\"509\" data-end=\"533\"><strong data-start=\"509\" data-end=\"522\">Cartucho:<\/strong> Cer\u00e1mico<\/p>\n<\/li>\n<li class=\"\" data-start=\"534\" data-end=\"560\">\n<p class=\"\" data-start=\"536\" data-end=\"560\"><strong data-start=\"536\" data-end=\"549\">Conexi\u00f3n:<\/strong> Est\u00e1ndar<\/p>\n<\/li>\n<li class=\"\" data-start=\"561\" data-end=\"587\">\n<p class=\"\" data-start=\"563\" data-end=\"587\"><strong data-start=\"563\" data-end=\"575\">Acabado:<\/strong> Gun metal<\/p>\n<\/li>\n<\/ul>\n","protected":false},"excerpt":{"rendered":"<p>SERIE<\/p>\n<p><strong>JABALON<\/strong><\/p>\n<p>Serie jabal\u00f3n es perfecta si quiere apostar por un ba\u00f1o minimalista y con elegancia, ya que puede encajar en todo tipo de cuartos de ba\u00f1o. Actualmente tenemos diferentes modelos:\u00a0 grifo de lavabo, grifo alto pica y grifo de bid\u00e9, disponemos de varios acabados cromo, dorado cepillado, Gun metal, negro, dorado envejecido, blanco y acero cepillado. \u00a0Todos nuestros modelos incluyen los flexos de instalaci\u00f3n.<\/p>\n<p>La garant\u00eda de todos nuestros productos es de 3 a\u00f1os, para funcionamiento, duraci\u00f3n del esmaltado y anticorrosi\u00f3n.<\/p>\n<p>Recomendamos para un correcto mantenimiento de la grifer\u00eda y evitar el deterioro por el uso. Secar las gotas de agua con un pa\u00f1o suave despu\u00e9s del uso, evitando que se posen en la superficie y deterioran el acabado, no utilizar esponjas que puedan rayar la grifer\u00eda, utilizar limpiadores como vinagre limpieza, agua caliente y jab\u00f3n con ph neutro.<\/p>\n<p>&nbsp;<\/p>\n<p><strong>Nuestro departamento\u00a0t\u00e9cnico\u00a0dispone de\u00a0gu\u00edas\u00a0de todos los\u00a0modelos\u00a0empotrados\u00a0que vendemos<\/strong><strong>,\u00a0si tiene alguna duda con la\u00a0instalaci\u00f3n\u00a0contacte con nosotros mediante\u00a0tel\u00e9fono,\u00a0WhatsApp\u00a0o email dentro del horario laboral indicado en la web.<\/strong><\/p>\n<p><strong>Recuerden que una vez instalado el cuerpo\u00a0empotrado\u00a0de la\u00a0grifer\u00eda\u00a0revisar de su correcto funcionamiento de paso de agua, comprobaci\u00f3n de cartuchos y corte de agua, si detecta alguna\u00a0anomal\u00eda\u00a0informe a nuestro\u00a0departamento\u00a0para darle una\u00a0soluci\u00f3n, no\u00a0contin\u00fae\u00a0con la\u00a0instalaci\u00f3n\u00a0de cerramiento de la pared.<\/strong><\/p>\n","protected":false},"featured_media":4490,"template":"","meta":[],"product_brand":[],"product_cat":[54],"product_tag":[],"serie":[40],"manual-de-instalacion":[83],"color":[30],"class_list":{"0":"post-408","1":"product","2":"type-product","3":"status-publish","4":"has-post-thumbnail","6":"product_cat-grifos-de-bidet","7":"serie-jabalon","8":"manual-de-instalacion-guia-instalacion-grifo-superficie","9":"color-gun-metal","11":"first","12":"instock","13":"taxable","14":"shipping-taxable","15":"product-type-simple"},"_links":{"self":[{"href":"https:\/\/www.valaz.es\/it\/wp-json\/wp\/v2\/product\/408","targetHints":{"allow":["GET"]}}],"collection":[{"href":"https:\/\/www.valaz.es\/it\/wp-json\/wp\/v2\/product"}],"about":[{"href":"https:\/\/www.valaz.es\/it\/wp-json\/wp\/v2\/types\/product"}],"wp:featuredmedia":[{"embeddable":true,"href":"https:\/\/www.valaz.es\/it\/wp-json\/wp\/v2\/media\/4490"}],"wp:attachment":[{"href":"https:\/\/www.valaz.es\/it\/wp-json\/wp\/v2\/media?parent=408"}],"wp:term":[{"taxonomy":"product_brand","embeddable":true,"href":"https:\/\/www.valaz.es\/it\/wp-json\/wp\/v2\/product_brand?post=408"},{"taxonomy":"product_cat","embeddable":true,"href":"https:\/\/www.valaz.es\/it\/wp-json\/wp\/v2\/product_cat?post=408"},{"taxonomy":"product_tag","embeddable":true,"href":"https:\/\/www.valaz.es\/it\/wp-json\/wp\/v2\/product_tag?post=408"},{"taxonomy":"serie","embeddable":true,"href":"https:\/\/www.valaz.es\/it\/wp-json\/wp\/v2\/serie?post=408"},{"taxonomy":"manual-de-instalacion","embeddable":true,"href":"https:\/\/www.valaz.es\/it\/wp-json\/wp\/v2\/manual-de-instalacion?post=408"},{"taxonomy":"color","embeddable":true,"href":"https:\/\/www.valaz.es\/it\/wp-json\/wp\/v2\/color?post=408"}],"curies":[{"name":"wp","href":"https:\/\/api.w.org\/{rel}","templated":true}]}}