{"id":398,"date":"2022-11-09T10:44:52","date_gmt":"2022-11-09T09:44:52","guid":{"rendered":"https:\/\/www.valaz.es\/?post_type=product&#038;p=398"},"modified":"2026-04-27T13:54:38","modified_gmt":"2026-04-27T11:54:38","slug":"grifo-lavabo-alto-para-pica-monomando-redondo-acero-cepillado-serie-jabalon","status":"publish","type":"product","link":"https:\/\/www.valaz.es\/it\/prodotto\/grifo-lavabo-alto-para-pica-monomando-redondo-acero-cepillado-serie-jabalon\/","title":{"rendered":"Grifo lavabo alto para pica monomando redondo acero cepillado &#8211; Serie Jabalon"},"content":{"rendered":"<p class=\"\" data-start=\"86\" data-end=\"396\">El grifo alto para pica de la Serie Jabal\u00f3n est\u00e1 dise\u00f1ado para lavabos sobre encimera, ofreciendo una est\u00e9tica minimalista y funcional. Su formato elevado y su acabado en acero cepillado lo convierten en una opci\u00f3n elegante y resistente al paso del tiempo, perfecta para ba\u00f1os contempor\u00e1neos.<\/p>\n<p class=\"\" data-start=\"398\" data-end=\"420\"><strong data-start=\"398\" data-end=\"418\">Especificaciones<\/strong><\/p>\n<ul data-start=\"421\" data-end=\"654\">\n<li class=\"\" data-start=\"421\" data-end=\"465\">\n<p class=\"\" data-start=\"423\" data-end=\"465\"><strong data-start=\"423\" data-end=\"441\">Tipo de grifo:<\/strong> Lavabo alto para pica<\/p>\n<\/li>\n<li class=\"\" data-start=\"466\" data-end=\"500\">\n<p class=\"\" data-start=\"468\" data-end=\"500\"><strong data-start=\"468\" data-end=\"484\">Instalaci\u00f3n:<\/strong> De superficie<\/p>\n<\/li>\n<li class=\"\" data-start=\"501\" data-end=\"533\">\n<p class=\"\" data-start=\"503\" data-end=\"533\"><strong data-start=\"503\" data-end=\"521\">Accionamiento:<\/strong> Monomando<\/p>\n<\/li>\n<li class=\"\" data-start=\"534\" data-end=\"567\">\n<p class=\"\" data-start=\"536\" data-end=\"567\"><strong data-start=\"536\" data-end=\"549\">Material:<\/strong> Cuerpo de lat\u00f3n<\/p>\n<\/li>\n<li class=\"\" data-start=\"568\" data-end=\"594\">\n<p class=\"\" data-start=\"570\" data-end=\"594\"><strong data-start=\"570\" data-end=\"583\">Cartucho:<\/strong> Cer\u00e1mico<\/p>\n<\/li>\n<li class=\"\" data-start=\"595\" data-end=\"621\">\n<p class=\"\" data-start=\"597\" data-end=\"621\"><strong data-start=\"597\" data-end=\"610\">Conexi\u00f3n:<\/strong> Est\u00e1ndar<\/p>\n<\/li>\n<li class=\"\" data-start=\"622\" data-end=\"654\">\n<p class=\"\" data-start=\"624\" data-end=\"654\"><strong data-start=\"624\" data-end=\"636\">Acabado:<\/strong> Acero cepillado<\/p>\n<\/li>\n<\/ul>\n","protected":false},"excerpt":{"rendered":"<p>SERIE<\/p>\n<p><strong>JABALON<\/strong><\/p>\n<p>Serie jabal\u00f3n es perfecta si quiere apostar por un ba\u00f1o minimalista y con elegancia, ya que puede encajar en todo tipo de cuartos de ba\u00f1o. Actualmente tenemos diferentes modelos:\u00a0 grifo de lavabo, grifo alto pica y grifo de bid\u00e9, disponemos de varios acabados cromo, dorado cepillado, Gun metal, negro, dorado envejecido, blanco y acero cepillado. \u00a0Todos nuestros modelos incluyen los flexos de instalaci\u00f3n.<\/p>\n<p>La garant\u00eda de todos nuestros productos es de 3 a\u00f1os, para funcionamiento, duraci\u00f3n del esmaltado y anticorrosi\u00f3n.<\/p>\n<p>Recomendamos para un correcto mantenimiento de la grifer\u00eda y evitar el deterioro por el uso. Secar las gotas de agua con un pa\u00f1o suave despu\u00e9s del uso, evitando que se posen en la superficie y deterioran el acabado, no utilizar esponjas que puedan rayar la grifer\u00eda, utilizar limpiadores como vinagre limpieza, agua caliente y jab\u00f3n con ph neutro.<\/p>\n<p>&nbsp;<\/p>\n<p><strong>Nuestro departamento\u00a0t\u00e9cnico\u00a0dispone de\u00a0gu\u00edas\u00a0de todos los\u00a0modelos\u00a0empotrados\u00a0que vendemos<\/strong><strong>,\u00a0si tiene alguna duda con la\u00a0instalaci\u00f3n\u00a0contacte con nosotros mediante\u00a0tel\u00e9fono,\u00a0WhatsApp\u00a0o email dentro del horario laboral indicado en la web.<\/strong><\/p>\n<p><strong>Recuerden que una vez instalado el cuerpo\u00a0empotrado\u00a0de la\u00a0grifer\u00eda\u00a0revisar de su correcto funcionamiento de paso de agua, comprobaci\u00f3n de cartuchos y corte de agua, si detecta alguna\u00a0anomal\u00eda\u00a0informe a nuestro\u00a0departamento\u00a0para darle una\u00a0soluci\u00f3n, no\u00a0contin\u00fae\u00a0con la\u00a0instalaci\u00f3n\u00a0de cerramiento de la pared.<\/strong><\/p>\n","protected":false},"featured_media":399,"template":"","meta":[],"product_brand":[],"product_cat":[48],"product_tag":[],"serie":[40],"manual-de-instalacion":[83],"color":[28],"class_list":{"0":"post-398","1":"product","2":"type-product","3":"status-publish","4":"has-post-thumbnail","6":"product_cat-grifos-de-lavabo","7":"serie-jabalon","8":"manual-de-instalacion-guia-instalacion-grifo-superficie","9":"color-acero-cepillado","11":"first","12":"instock","13":"taxable","14":"shipping-taxable","15":"product-type-simple"},"_links":{"self":[{"href":"https:\/\/www.valaz.es\/it\/wp-json\/wp\/v2\/product\/398","targetHints":{"allow":["GET"]}}],"collection":[{"href":"https:\/\/www.valaz.es\/it\/wp-json\/wp\/v2\/product"}],"about":[{"href":"https:\/\/www.valaz.es\/it\/wp-json\/wp\/v2\/types\/product"}],"wp:featuredmedia":[{"embeddable":true,"href":"https:\/\/www.valaz.es\/it\/wp-json\/wp\/v2\/media\/399"}],"wp:attachment":[{"href":"https:\/\/www.valaz.es\/it\/wp-json\/wp\/v2\/media?parent=398"}],"wp:term":[{"taxonomy":"product_brand","embeddable":true,"href":"https:\/\/www.valaz.es\/it\/wp-json\/wp\/v2\/product_brand?post=398"},{"taxonomy":"product_cat","embeddable":true,"href":"https:\/\/www.valaz.es\/it\/wp-json\/wp\/v2\/product_cat?post=398"},{"taxonomy":"product_tag","embeddable":true,"href":"https:\/\/www.valaz.es\/it\/wp-json\/wp\/v2\/product_tag?post=398"},{"taxonomy":"serie","embeddable":true,"href":"https:\/\/www.valaz.es\/it\/wp-json\/wp\/v2\/serie?post=398"},{"taxonomy":"manual-de-instalacion","embeddable":true,"href":"https:\/\/www.valaz.es\/it\/wp-json\/wp\/v2\/manual-de-instalacion?post=398"},{"taxonomy":"color","embeddable":true,"href":"https:\/\/www.valaz.es\/it\/wp-json\/wp\/v2\/color?post=398"}],"curies":[{"name":"wp","href":"https:\/\/api.w.org\/{rel}","templated":true}]}}