{"id":393,"date":"2022-11-09T10:42:10","date_gmt":"2022-11-09T09:42:10","guid":{"rendered":"https:\/\/www.valaz.es\/?post_type=product&#038;p=393"},"modified":"2026-04-13T09:47:19","modified_gmt":"2026-04-13T07:47:19","slug":"grifo-de-lavabo-monomando-redondo-acero-cepillado-serie-jabalon","status":"publish","type":"product","link":"https:\/\/www.valaz.es\/it\/prodotto\/grifo-de-lavabo-monomando-redondo-acero-cepillado-serie-jabalon\/","title":{"rendered":"Grifo de lavabo monomando redondo acero cepillado &#8211; Serie Jabal\u00f3n"},"content":{"rendered":"<p class=\"\" data-start=\"150\" data-end=\"379\">Grifo monomando para lavabo con dise\u00f1o redondo, ideal para ba\u00f1os de estilo moderno y minimalista. Su acabado en acero cepillado aporta durabilidad y una est\u00e9tica contempor\u00e1nea que se adapta a cualquier ambiente.<\/p>\n<p class=\"\" data-start=\"381\" data-end=\"403\"><strong data-start=\"381\" data-end=\"401\">Especificaciones<\/strong><\/p>\n<ul data-start=\"404\" data-end=\"592\">\n<li class=\"\" data-start=\"404\" data-end=\"433\">\n<p class=\"\" data-start=\"406\" data-end=\"433\"><strong data-start=\"406\" data-end=\"424\">Tipo de grifo:<\/strong> Lavabo<\/p>\n<\/li>\n<li class=\"\" data-start=\"434\" data-end=\"466\">\n<p class=\"\" data-start=\"436\" data-end=\"466\"><strong data-start=\"436\" data-end=\"454\">Accionamiento:<\/strong> Monomando<\/p>\n<\/li>\n<li class=\"\" data-start=\"467\" data-end=\"522\">\n<p class=\"\" data-start=\"469\" data-end=\"522\"><strong data-start=\"469\" data-end=\"482\">Material:<\/strong> Cuerpo de grifer\u00eda en acero cepillado<\/p>\n<\/li>\n<li class=\"\" data-start=\"523\" data-end=\"558\">\n<p class=\"\" data-start=\"525\" data-end=\"558\"><strong data-start=\"525\" data-end=\"538\">Cartucho:<\/strong> Cer\u00e1mico de 35 mm<\/p>\n<\/li>\n<li class=\"\" data-start=\"559\" data-end=\"592\">\n<p class=\"\" data-start=\"561\" data-end=\"592\"><strong data-start=\"561\" data-end=\"574\">Conexi\u00f3n:<\/strong> Latiguillos 3\/8<\/p>\n<\/li>\n<\/ul>\n","protected":false},"excerpt":{"rendered":"<p>SERIE<\/p>\n<p><strong>JABALON<\/strong><\/p>\n<p>Serie jabal\u00f3n es perfecta si quiere apostar por un ba\u00f1o minimalista y con elegancia, ya que puede encajar en todo tipo de cuartos de ba\u00f1o. Actualmente tenemos diferentes modelos:\u00a0 grifo de lavabo, grifo alto pica y grifo de bid\u00e9, disponemos de varios acabados cromo, dorado cepillado, Gun metal, negro, dorado envejecido, blanco y acero cepillado. \u00a0Todos nuestros modelos incluyen los flexos de instalaci\u00f3n.<\/p>\n<p>La garant\u00eda de todos nuestros productos es de 3 a\u00f1os, para funcionamiento, duraci\u00f3n del esmaltado y anticorrosi\u00f3n.<\/p>\n<p>Recomendamos para un correcto mantenimiento de la grifer\u00eda y evitar el deterioro por el uso. Secar las gotas de agua con un pa\u00f1o suave despu\u00e9s del uso, evitando que se posen en la superficie y deterioran el acabado, no utilizar esponjas que puedan rayar la grifer\u00eda, utilizar limpiadores como vinagre limpieza, agua caliente y jab\u00f3n con ph neutro.<\/p>\n<p>&nbsp;<\/p>\n<p><strong>Nuestro departamento\u00a0t\u00e9cnico\u00a0dispone de\u00a0gu\u00edas\u00a0de todos los\u00a0modelos\u00a0empotrados\u00a0que vendemos<\/strong><strong>,\u00a0si tiene alguna duda con la\u00a0instalaci\u00f3n\u00a0contacte con nosotros mediante\u00a0tel\u00e9fono,\u00a0WhatsApp\u00a0o email dentro del horario laboral indicado en la web.<\/strong><\/p>\n<p><strong>Recuerden que una vez instalado el cuerpo\u00a0empotrado\u00a0de la\u00a0grifer\u00eda\u00a0revisar de su correcto funcionamiento de paso de agua, comprobaci\u00f3n de cartuchos y corte de agua, si detecta alguna\u00a0anomal\u00eda\u00a0informe a nuestro\u00a0departamento\u00a0para darle una\u00a0soluci\u00f3n, no\u00a0contin\u00fae\u00a0con la\u00a0instalaci\u00f3n\u00a0de cerramiento de la pared.<\/strong><\/p>\n","protected":false},"featured_media":395,"template":"","meta":[],"product_brand":[],"product_cat":[48],"product_tag":[],"serie":[40],"manual-de-instalacion":[83],"color":[28],"class_list":{"0":"post-393","1":"product","2":"type-product","3":"status-publish","4":"has-post-thumbnail","6":"product_cat-grifos-de-lavabo","7":"serie-jabalon","8":"manual-de-instalacion-guia-instalacion-grifo-superficie","9":"color-acero-cepillado","11":"first","12":"instock","13":"taxable","14":"shipping-taxable","15":"product-type-simple"},"_links":{"self":[{"href":"https:\/\/www.valaz.es\/it\/wp-json\/wp\/v2\/product\/393","targetHints":{"allow":["GET"]}}],"collection":[{"href":"https:\/\/www.valaz.es\/it\/wp-json\/wp\/v2\/product"}],"about":[{"href":"https:\/\/www.valaz.es\/it\/wp-json\/wp\/v2\/types\/product"}],"wp:featuredmedia":[{"embeddable":true,"href":"https:\/\/www.valaz.es\/it\/wp-json\/wp\/v2\/media\/395"}],"wp:attachment":[{"href":"https:\/\/www.valaz.es\/it\/wp-json\/wp\/v2\/media?parent=393"}],"wp:term":[{"taxonomy":"product_brand","embeddable":true,"href":"https:\/\/www.valaz.es\/it\/wp-json\/wp\/v2\/product_brand?post=393"},{"taxonomy":"product_cat","embeddable":true,"href":"https:\/\/www.valaz.es\/it\/wp-json\/wp\/v2\/product_cat?post=393"},{"taxonomy":"product_tag","embeddable":true,"href":"https:\/\/www.valaz.es\/it\/wp-json\/wp\/v2\/product_tag?post=393"},{"taxonomy":"serie","embeddable":true,"href":"https:\/\/www.valaz.es\/it\/wp-json\/wp\/v2\/serie?post=393"},{"taxonomy":"manual-de-instalacion","embeddable":true,"href":"https:\/\/www.valaz.es\/it\/wp-json\/wp\/v2\/manual-de-instalacion?post=393"},{"taxonomy":"color","embeddable":true,"href":"https:\/\/www.valaz.es\/it\/wp-json\/wp\/v2\/color?post=393"}],"curies":[{"name":"wp","href":"https:\/\/api.w.org\/{rel}","templated":true}]}}