{"id":387,"date":"2022-11-09T10:38:02","date_gmt":"2022-11-09T09:38:02","guid":{"rendered":"https:\/\/www.valaz.es\/?post_type=product&#038;p=387"},"modified":"2025-10-23T11:54:30","modified_gmt":"2025-10-23T09:54:30","slug":"grifo-de-bidet-monomando-redondo-dorado-cepillado-serie-jabalon","status":"publish","type":"product","link":"https:\/\/www.valaz.es\/it\/prodotto\/grifo-de-bidet-monomando-redondo-dorado-cepillado-serie-jabalon\/","title":{"rendered":"Grifo de bidet monomando redondo dorado cepillado &#8211; Serie Jabalon"},"content":{"rendered":"<p class=\"\" data-start=\"149\" data-end=\"381\">Este grifo monomando para bidet, con un dise\u00f1o redondo y acabado dorado cepillado, aporta un toque de elegancia y sofisticaci\u00f3n a tu ba\u00f1o. Ideal para quienes buscan un grifo de alto rendimiento y est\u00e9tica refinada.<\/p>\n<p class=\"\" data-start=\"383\" data-end=\"405\"><strong data-start=\"383\" data-end=\"403\">Especificaciones<\/strong><\/p>\n<ul data-start=\"406\" data-end=\"577\">\n<li class=\"\" data-start=\"406\" data-end=\"444\">\n<p class=\"\" data-start=\"408\" data-end=\"444\"><strong data-start=\"408\" data-end=\"426\">Tipo de grifo:<\/strong> Bidet monomando<\/p>\n<\/li>\n<li class=\"\" data-start=\"445\" data-end=\"507\">\n<p class=\"\" data-start=\"447\" data-end=\"507\"><strong data-start=\"447\" data-end=\"460\">Material:<\/strong> Cuerpo de grifer\u00eda en lat\u00f3n dorado cepillado<\/p>\n<\/li>\n<li class=\"\" data-start=\"508\" data-end=\"543\">\n<p class=\"\" data-start=\"510\" data-end=\"543\"><strong data-start=\"510\" data-end=\"523\">Cartucho:<\/strong> Cer\u00e1mico de 35 mm<\/p>\n<\/li>\n<li class=\"\" data-start=\"544\" data-end=\"577\">\n<p class=\"\" data-start=\"546\" data-end=\"577\"><strong data-start=\"546\" data-end=\"559\">Conexi\u00f3n:<\/strong> Latiguillos 3\/8<\/p>\n<\/li>\n<\/ul>\n","protected":false},"excerpt":{"rendered":"<p>SERIE<br \/>\nJABALON<br \/>\nSerie jabal\u00f3n es perfecta si quiere apostar por un ba\u00f1o minimalista y con elegancia, ya que puede encajar en todo tipo de cuartos de ba\u00f1o. Actualmente tenemos diferentes modelos: grifo de lavabo, grifo alto pica y grifo de bid\u00e9, disponemos de varios acabados cromo, dorado cepillado, Gun metal, negro, dorado envejecido, blanco y acero cepillado. Todos nuestros modelos incluyen los flexos de instalaci\u00f3n.<br \/>\nLa garant\u00eda de todos nuestros productos es de 3 a\u00f1os, para funcionamiento, duraci\u00f3n del esmaltado y anticorrosi\u00f3n.<br \/>\nRecomendamos para un correcto mantenimiento de la grifer\u00eda y evitar el deterioro por el uso. Secar las gotas de agua con un pa\u00f1o suave despu\u00e9s del uso, evitando que se posen en la superficie y deterioraSERIE<br \/>\nJABALON<br \/>\nSerie jabal\u00f3n es perfecta si quiere apostar por un ba\u00f1o minimalista y con elegancia, ya que puede encajar en todo tipo de cuartos de ba\u00f1o. Actualmente tenemos diferentes modelos: grifo de lavabo, grifo alto pica y grifo de bid\u00e9, disponemos de varios acabados cromo, dorado cepillado, Gun metal, negro, dorado envejecido, blanco y acero cepillado. Todos nuestros modelos incluyen los flexos de instalaci\u00f3n.<br \/>\nLa garant\u00eda de todos nuestros productos es de 3 a\u00f1os, para funcionamiento, duraci\u00f3n del esmaltado y anticorrosi\u00f3n.<br \/>\nRecomendamos para un correcto mantenimiento de la grifer\u00eda y evitar el deterioro por el uso. Secar las gotas de agua con un pa\u00f1o suave despu\u00e9s del uso, evitando que se posen en la superficie y deterioran el acabado, no utilizar esponjas que puedan rayar la grifer\u00eda, utilizar limpiadores como vinagre limpieza, agua caliente y jab\u00f3n con ph neutro.<\/p>\n<p>Nuestro departamento t\u00e9cnico dispone de gu\u00edas de todos los modelos empotrados que vendemos, si tiene alguna duda con la instalaci\u00f3n contacte con nosotros mediante tel\u00e9fono, WhatsApp o email dentro del horario laboral indicado en la web.<br \/>\nRecuerden que una vez instalado el cuerpo empotrado de la grifer\u00eda revisar de su correcto funcionamiento de paso de agua, comprobaci\u00f3n de cartuchos y corte de agua, si detecta alguna anomal\u00eda informe a nuestro departamento para darle una soluci\u00f3n, no contin\u00fae con la instalaci\u00f3n de cerramiento de la pared.<\/p>\n","protected":false},"featured_media":6460,"template":"","meta":[],"product_brand":[],"product_cat":[54],"product_tag":[],"serie":[40],"manual-de-instalacion":[83],"color":[34],"class_list":{"0":"post-387","1":"product","2":"type-product","3":"status-publish","4":"has-post-thumbnail","6":"product_cat-grifos-de-bidet","7":"serie-jabalon","8":"manual-de-instalacion-guia-instalacion-grifo-superficie","9":"color-dorado-cepillado","11":"first","12":"instock","13":"taxable","14":"shipping-taxable","15":"product-type-simple"},"_links":{"self":[{"href":"https:\/\/www.valaz.es\/it\/wp-json\/wp\/v2\/product\/387","targetHints":{"allow":["GET"]}}],"collection":[{"href":"https:\/\/www.valaz.es\/it\/wp-json\/wp\/v2\/product"}],"about":[{"href":"https:\/\/www.valaz.es\/it\/wp-json\/wp\/v2\/types\/product"}],"wp:featuredmedia":[{"embeddable":true,"href":"https:\/\/www.valaz.es\/it\/wp-json\/wp\/v2\/media\/6460"}],"wp:attachment":[{"href":"https:\/\/www.valaz.es\/it\/wp-json\/wp\/v2\/media?parent=387"}],"wp:term":[{"taxonomy":"product_brand","embeddable":true,"href":"https:\/\/www.valaz.es\/it\/wp-json\/wp\/v2\/product_brand?post=387"},{"taxonomy":"product_cat","embeddable":true,"href":"https:\/\/www.valaz.es\/it\/wp-json\/wp\/v2\/product_cat?post=387"},{"taxonomy":"product_tag","embeddable":true,"href":"https:\/\/www.valaz.es\/it\/wp-json\/wp\/v2\/product_tag?post=387"},{"taxonomy":"serie","embeddable":true,"href":"https:\/\/www.valaz.es\/it\/wp-json\/wp\/v2\/serie?post=387"},{"taxonomy":"manual-de-instalacion","embeddable":true,"href":"https:\/\/www.valaz.es\/it\/wp-json\/wp\/v2\/manual-de-instalacion?post=387"},{"taxonomy":"color","embeddable":true,"href":"https:\/\/www.valaz.es\/it\/wp-json\/wp\/v2\/color?post=387"}],"curies":[{"name":"wp","href":"https:\/\/api.w.org\/{rel}","templated":true}]}}