{"id":385,"date":"2022-11-09T10:35:54","date_gmt":"2022-11-09T09:35:54","guid":{"rendered":"https:\/\/www.valaz.es\/?post_type=product&#038;p=385"},"modified":"2026-03-27T13:40:43","modified_gmt":"2026-03-27T12:40:43","slug":"grifo-de-lavabo-monomando-redondo-dorado-cepillado-serie-jabalon","status":"publish","type":"product","link":"https:\/\/www.valaz.es\/it\/prodotto\/grifo-de-lavabo-monomando-redondo-dorado-cepillado-serie-jabalon\/","title":{"rendered":"Grifo de lavabo monomando redondo dorado cepillado Serie Jabal\u00f3n"},"content":{"rendered":"<p class=\"\" data-start=\"476\" data-end=\"768\">El grifo de lavabo monomando redondo en dorado cepillado de la Serie Jabal\u00f3n ofrece una soluci\u00f3n elegante y funcional para ba\u00f1os que buscan estilo y calidad en cada detalle. Su dise\u00f1o redondeado se adapta perfectamente a lavabos de encimera o sobre encimera, aportando un toque de distinci\u00f3n.<\/p>\n<p class=\"\" data-start=\"770\" data-end=\"1021\">Fabricado en lat\u00f3n con acabado dorado cepillado, este grifo combina durabilidad y est\u00e9tica sofisticada. El cartucho cer\u00e1mico de 35 mm garantiza un control preciso del caudal y la temperatura del agua, y asegura una larga vida \u00fatil con un uso continuo.<\/p>\n<p class=\"\" data-start=\"1023\" data-end=\"1291\">Ideal para ba\u00f1os modernos o cl\u00e1sicos que incorporan detalles dorados en su dise\u00f1o, este grifo es f\u00e1cil de instalar e incluye latiguillos de conexi\u00f3n de 3\/8\u201d. Su construcci\u00f3n robusta en lat\u00f3n y su acabado cepillado lo hacen resistente a la corrosi\u00f3n y f\u00e1cil de limpiar.<\/p>\n<p class=\"\" data-start=\"1293\" data-end=\"1314\"><strong data-start=\"1293\" data-end=\"1313\">Especificaciones<\/strong>:<\/p>\n<ul data-start=\"1315\" data-end=\"1525\">\n<li class=\"\" data-start=\"1315\" data-end=\"1350\">\n<p class=\"\" data-start=\"1317\" data-end=\"1350\">Tipo: Grifo de lavabo monomando<\/p>\n<\/li>\n<li class=\"\" data-start=\"1351\" data-end=\"1370\">\n<p class=\"\" data-start=\"1353\" data-end=\"1370\">Dise\u00f1o: Redondo<\/p>\n<\/li>\n<li class=\"\" data-start=\"1371\" data-end=\"1390\">\n<p class=\"\" data-start=\"1373\" data-end=\"1390\">Material: Lat\u00f3n<\/p>\n<\/li>\n<li class=\"\" data-start=\"1391\" data-end=\"1420\">\n<p class=\"\" data-start=\"1393\" data-end=\"1420\">Acabado: Dorado cepillado<\/p>\n<\/li>\n<li class=\"\" data-start=\"1421\" data-end=\"1452\">\n<p class=\"\" data-start=\"1423\" data-end=\"1452\">Cartucho: Cer\u00e1mico de 35 mm<\/p>\n<\/li>\n<li class=\"\" data-start=\"1453\" data-end=\"1493\">\n<p class=\"\" data-start=\"1455\" data-end=\"1493\">Conexi\u00f3n: Latiguillos 3\/8\u201d incluidos<\/p>\n<\/li>\n<li class=\"\" data-start=\"1494\" data-end=\"1525\">\n<p class=\"\" data-start=\"1496\" data-end=\"1525\">Instalaci\u00f3n: Sobre encimera<\/p>\n<\/li>\n<\/ul>\n","protected":false},"excerpt":{"rendered":"<p>SERIE<\/p>\n<p><strong>JABALON<\/strong><\/p>\n<p>Serie jabal\u00f3n es perfecta si quiere apostar por un ba\u00f1o minimalista y con elegancia, ya que puede encajar en todo tipo de cuartos de ba\u00f1o. Actualmente tenemos diferentes modelos:\u00a0 grifo de lavabo, grifo alto pica y grifo de bid\u00e9, disponemos de varios acabados cromo, dorado cepillado, Gun metal, negro, dorado envejecido, blanco y acero cepillado. \u00a0Todos nuestros modelos incluyen los flexos de instalaci\u00f3n.<\/p>\n<p>La garant\u00eda de todos nuestros productos es de 3 a\u00f1os, para funcionamiento, duraci\u00f3n del esmaltado y anticorrosi\u00f3n.<\/p>\n<p>Recomendamos para un correcto mantenimiento de la grifer\u00eda y evitar el deterioro por el uso. Secar las gotas de agua con un pa\u00f1o suave despu\u00e9s del uso, evitando que se posen en la superficie y deterioran el acabado, no utilizar esponjas que puedan rayar la grifer\u00eda, utilizar limpiadores como vinagre limpieza, agua caliente y jab\u00f3n con ph neutro.<\/p>\n<p>&nbsp;<\/p>\n<p><strong>Nuestro departamento\u00a0t\u00e9cnico\u00a0dispone de\u00a0gu\u00edas\u00a0de todos los\u00a0modelos\u00a0empotrados\u00a0que vendemos<\/strong><strong>,\u00a0si tiene alguna duda con la\u00a0instalaci\u00f3n\u00a0contacte con nosotros mediante\u00a0tel\u00e9fono,\u00a0WhatsApp\u00a0o email dentro del horario laboral indicado en la web.<\/strong><\/p>\n<p><strong>Recuerden que una vez instalado el cuerpo\u00a0empotrado\u00a0de la\u00a0grifer\u00eda\u00a0revisar de su correcto funcionamiento de paso de agua, comprobaci\u00f3n de cartuchos y corte de agua, si detecta alguna\u00a0anomal\u00eda\u00a0informe a nuestro\u00a0departamento\u00a0para darle una\u00a0soluci\u00f3n, no\u00a0contin\u00fae\u00a0con la\u00a0instalaci\u00f3n\u00a0de cerramiento de la pared.<\/strong><\/p>\n","protected":false},"featured_media":19566,"template":"","meta":[],"product_brand":[],"product_cat":[48],"product_tag":[],"serie":[40],"manual-de-instalacion":[83],"color":[34],"class_list":{"0":"post-385","1":"product","2":"type-product","3":"status-publish","4":"has-post-thumbnail","6":"product_cat-grifos-de-lavabo","7":"serie-jabalon","8":"manual-de-instalacion-guia-instalacion-grifo-superficie","9":"color-dorado-cepillado","11":"first","12":"instock","13":"taxable","14":"shipping-taxable","15":"product-type-simple"},"_links":{"self":[{"href":"https:\/\/www.valaz.es\/it\/wp-json\/wp\/v2\/product\/385","targetHints":{"allow":["GET"]}}],"collection":[{"href":"https:\/\/www.valaz.es\/it\/wp-json\/wp\/v2\/product"}],"about":[{"href":"https:\/\/www.valaz.es\/it\/wp-json\/wp\/v2\/types\/product"}],"wp:featuredmedia":[{"embeddable":true,"href":"https:\/\/www.valaz.es\/it\/wp-json\/wp\/v2\/media\/19566"}],"wp:attachment":[{"href":"https:\/\/www.valaz.es\/it\/wp-json\/wp\/v2\/media?parent=385"}],"wp:term":[{"taxonomy":"product_brand","embeddable":true,"href":"https:\/\/www.valaz.es\/it\/wp-json\/wp\/v2\/product_brand?post=385"},{"taxonomy":"product_cat","embeddable":true,"href":"https:\/\/www.valaz.es\/it\/wp-json\/wp\/v2\/product_cat?post=385"},{"taxonomy":"product_tag","embeddable":true,"href":"https:\/\/www.valaz.es\/it\/wp-json\/wp\/v2\/product_tag?post=385"},{"taxonomy":"serie","embeddable":true,"href":"https:\/\/www.valaz.es\/it\/wp-json\/wp\/v2\/serie?post=385"},{"taxonomy":"manual-de-instalacion","embeddable":true,"href":"https:\/\/www.valaz.es\/it\/wp-json\/wp\/v2\/manual-de-instalacion?post=385"},{"taxonomy":"color","embeddable":true,"href":"https:\/\/www.valaz.es\/it\/wp-json\/wp\/v2\/color?post=385"}],"curies":[{"name":"wp","href":"https:\/\/api.w.org\/{rel}","templated":true}]}}