{"id":367,"date":"2022-11-09T10:08:48","date_gmt":"2022-11-09T09:08:48","guid":{"rendered":"https:\/\/www.valaz.es\/?post_type=product&#038;p=367"},"modified":"2025-12-10T10:54:26","modified_gmt":"2025-12-10T09:54:26","slug":"grifo-de-lavabo-monomando-redondo-cromado-serie-jabalon","status":"publish","type":"product","link":"https:\/\/www.valaz.es\/it\/prodotto\/grifo-de-lavabo-monomando-redondo-cromado-serie-jabalon\/","title":{"rendered":"Grifo de lavabo monomando redondo cromado &#8211; Serie Jabalon"},"content":{"rendered":"<p class=\"\" data-start=\"158\" data-end=\"481\">Este grifo de lavabo monomando redondo, con acabado cromado, es la opci\u00f3n ideal para un ba\u00f1o moderno y elegante. Su dise\u00f1o sencillo y funcional, combinado con la durabilidad del cromado, lo convierte en un producto resistente a la corrosi\u00f3n, f\u00e1cil de mantener y perfecto para cualquier tipo de decoraci\u00f3n.<\/p>\n<p class=\"\" data-start=\"483\" data-end=\"505\"><strong data-start=\"483\" data-end=\"503\">Especificaciones<\/strong><\/p>\n<ul data-start=\"506\" data-end=\"674\">\n<li class=\"\" data-start=\"506\" data-end=\"550\">\n<p class=\"\" data-start=\"508\" data-end=\"550\"><strong data-start=\"508\" data-end=\"526\">Tipo de grifo:<\/strong> Monomando para lavabo<\/p>\n<\/li>\n<li class=\"\" data-start=\"551\" data-end=\"604\">\n<p class=\"\" data-start=\"553\" data-end=\"604\"><strong data-start=\"553\" data-end=\"566\">Material:<\/strong> Cuerpo de grifer\u00eda en lat\u00f3n cromado<\/p>\n<\/li>\n<li class=\"\" data-start=\"605\" data-end=\"640\">\n<p class=\"\" data-start=\"607\" data-end=\"640\"><strong data-start=\"607\" data-end=\"620\">Cartucho:<\/strong> Cer\u00e1mico de 35 mm<\/p>\n<\/li>\n<li class=\"\" data-start=\"641\" data-end=\"674\">\n<p class=\"\" data-start=\"643\" data-end=\"674\"><strong data-start=\"643\" data-end=\"656\">Conexi\u00f3n:<\/strong> Latiguillos 3\/8<\/p>\n<\/li>\n<\/ul>\n","protected":false},"excerpt":{"rendered":"<p>SERIE<\/p>\n<p><strong>JABALON<\/strong><\/p>\n<p>Serie jabal\u00f3n es perfecta si quiere apostar por un ba\u00f1o minimalista y con elegancia, ya que puede encajar en todo tipo de cuartos de ba\u00f1o. Actualmente tenemos diferentes modelos:\u00a0 grifo de lavabo, grifo alto pica y grifo de bid\u00e9, disponemos de varios acabados cromo, dorado cepillado, Gun metal, negro, dorado envejecido, blanco y acero cepillado. \u00a0Todos nuestros modelos incluyen los flexos de instalaci\u00f3n.<\/p>\n<p>La garant\u00eda de todos nuestros productos es de 3 a\u00f1os, para funcionamiento, duraci\u00f3n del esmaltado y anticorrosi\u00f3n.<\/p>\n<p>Recomendamos para un correcto mantenimiento de la grifer\u00eda y evitar el deterioro por el uso. Secar las gotas de agua con un pa\u00f1o suave despu\u00e9s del uso, evitando que se posen en la superficie y deterioran el acabado, no utilizar esponjas que puedan rayar la grifer\u00eda, utilizar limpiadores como vinagre limpieza, agua caliente y jab\u00f3n con ph neutro.<\/p>\n<p>&nbsp;<\/p>\n<p><strong>Nuestro departamento\u00a0t\u00e9cnico\u00a0dispone de\u00a0gu\u00edas\u00a0de todos los\u00a0modelos\u00a0empotrados\u00a0que vendemos<\/strong><strong>,\u00a0si tiene alguna duda con la\u00a0instalaci\u00f3n\u00a0contacte con nosotros mediante\u00a0tel\u00e9fono,\u00a0WhatsApp\u00a0o email dentro del horario laboral indicado en la web.<\/strong><\/p>\n<p><strong>Recuerden que una vez instalado el cuerpo\u00a0empotrado\u00a0de la\u00a0grifer\u00eda\u00a0revisar de su correcto funcionamiento de paso de agua, comprobaci\u00f3n de cartuchos y corte de agua, si detecta alguna\u00a0anomal\u00eda\u00a0informe a nuestro\u00a0departamento\u00a0para darle una\u00a0soluci\u00f3n, no\u00a0contin\u00fae\u00a0con la\u00a0instalaci\u00f3n\u00a0de cerramiento de la pared.<\/strong><\/p>\n","protected":false},"featured_media":372,"template":"","meta":[],"product_brand":[],"product_cat":[48],"product_tag":[],"serie":[40],"manual-de-instalacion":[83],"color":[26],"class_list":{"0":"post-367","1":"product","2":"type-product","3":"status-publish","4":"has-post-thumbnail","6":"product_cat-grifos-de-lavabo","7":"serie-jabalon","8":"manual-de-instalacion-guia-instalacion-grifo-superficie","9":"color-cromo","11":"first","12":"instock","13":"taxable","14":"shipping-taxable","15":"product-type-simple"},"_links":{"self":[{"href":"https:\/\/www.valaz.es\/it\/wp-json\/wp\/v2\/product\/367","targetHints":{"allow":["GET"]}}],"collection":[{"href":"https:\/\/www.valaz.es\/it\/wp-json\/wp\/v2\/product"}],"about":[{"href":"https:\/\/www.valaz.es\/it\/wp-json\/wp\/v2\/types\/product"}],"wp:featuredmedia":[{"embeddable":true,"href":"https:\/\/www.valaz.es\/it\/wp-json\/wp\/v2\/media\/372"}],"wp:attachment":[{"href":"https:\/\/www.valaz.es\/it\/wp-json\/wp\/v2\/media?parent=367"}],"wp:term":[{"taxonomy":"product_brand","embeddable":true,"href":"https:\/\/www.valaz.es\/it\/wp-json\/wp\/v2\/product_brand?post=367"},{"taxonomy":"product_cat","embeddable":true,"href":"https:\/\/www.valaz.es\/it\/wp-json\/wp\/v2\/product_cat?post=367"},{"taxonomy":"product_tag","embeddable":true,"href":"https:\/\/www.valaz.es\/it\/wp-json\/wp\/v2\/product_tag?post=367"},{"taxonomy":"serie","embeddable":true,"href":"https:\/\/www.valaz.es\/it\/wp-json\/wp\/v2\/serie?post=367"},{"taxonomy":"manual-de-instalacion","embeddable":true,"href":"https:\/\/www.valaz.es\/it\/wp-json\/wp\/v2\/manual-de-instalacion?post=367"},{"taxonomy":"color","embeddable":true,"href":"https:\/\/www.valaz.es\/it\/wp-json\/wp\/v2\/color?post=367"}],"curies":[{"name":"wp","href":"https:\/\/api.w.org\/{rel}","templated":true}]}}