{"id":3503,"date":"2022-12-23T12:34:09","date_gmt":"2022-12-23T11:34:09","guid":{"rendered":"https:\/\/www.valaz.es\/?post_type=product&#038;p=3503"},"modified":"2026-02-18T12:48:26","modified_gmt":"2026-02-18T11:48:26","slug":"ducha-empotrada-monomando-redondo-a-techo-cromado-serie-guadiana","status":"publish","type":"product","link":"https:\/\/www.valaz.es\/it\/prodotto\/ducha-empotrada-monomando-redondo-a-techo-cromado-serie-guadiana\/","title":{"rendered":"Ducha empotrada monomando redonda a techo cromado &#8211; Serie Guadiana"},"content":{"rendered":"<p class=\"\" data-start=\"232\" data-end=\"550\">La ducha empotrada monomando a techo de la Serie Guadiana en acabado cromado ofrece una experiencia de ducha premium con un dise\u00f1o elegante y funcional. Su instalaci\u00f3n empotrada garantiza un aspecto limpio y sofisticado, mientras que sus materiales de alta calidad aseguran durabilidad y rendimiento.<\/p>\n<p class=\"\" data-start=\"552\" data-end=\"574\"><strong data-start=\"552\" data-end=\"572\">Especificaciones<\/strong><\/p>\n<ul data-start=\"575\" data-end=\"881\">\n<li class=\"\" data-start=\"575\" data-end=\"617\">\n<p class=\"\" data-start=\"577\" data-end=\"617\">Tipo de instalaci\u00f3n: empotrada a techo<\/p>\n<\/li>\n<li class=\"\" data-start=\"618\" data-end=\"638\">\n<p class=\"\" data-start=\"620\" data-end=\"638\">Acabado: cromado<\/p>\n<\/li>\n<li class=\"\" data-start=\"639\" data-end=\"671\">\n<p class=\"\" data-start=\"641\" data-end=\"671\">Cuerpo de la grifer\u00eda: lat\u00f3n<\/p>\n<\/li>\n<li class=\"\" data-start=\"672\" data-end=\"702\">\n<p class=\"\" data-start=\"674\" data-end=\"702\">Rociador: acero inoxidable<\/p>\n<\/li>\n<li class=\"\" data-start=\"703\" data-end=\"729\">\n<p class=\"\" data-start=\"705\" data-end=\"729\">Alcachofa de mano: PVC<\/p>\n<\/li>\n<li class=\"\" data-start=\"730\" data-end=\"757\">\n<p class=\"\" data-start=\"732\" data-end=\"757\">Flexo: acero inoxidable<\/p>\n<\/li>\n<li class=\"\" data-start=\"758\" data-end=\"779\">\n<p class=\"\" data-start=\"760\" data-end=\"779\">Monomando: 2 v\u00edas<\/p>\n<\/li>\n<li class=\"\" data-start=\"780\" data-end=\"881\">\n<p class=\"\" data-start=\"782\" data-end=\"881\">Incluye soporte para rociador, salida de agua, soporte alcachofa de mano, flexo, alcachofa de mano y cuerpo empotrable<\/p>\n<\/li>\n<\/ul>\n","protected":false},"excerpt":{"rendered":"<p>Serie Guadiana con l\u00edneas curvas y redondas, destacada por su sencillez y elegancia, una de nuestras series m\u00e1s minimalista y moderna. Disponemos de ducha empotrada tanto a pared como a techo, grifo de lavabo empotrado, grifo de bid\u00e9 empotrado. Es una de las series m\u00e1s completas en cuanto a productos con la mejor relaci\u00f3n calidad precio y unos acabados en cromado, dorado cepillado, negro mate, acero cepillado, Gun metal, dorado envejecido, blanco.<\/p>\n<p>La garant\u00eda de todos nuestros productos es de 3 a\u00f1os, para funcionamiento, duraci\u00f3n del esmaltado y anticorrosi\u00f3n.<\/p>\n<p>Recomendamos para un correcto mantenimiento de la grifer\u00eda y evitar el deterioro por el uso. Secar las gotas de agua con un pa\u00f1o suave despu\u00e9s del uso, evitando que se posen en la superficie y deterioran el acabado, no utilizar esponjas que puedan rayar la grifer\u00eda, utilizar limpiadores como vinagre limpieza, agua caliente y jab\u00f3n con pH neutro.<\/p>\n<p>&nbsp;<\/p>\n<p><strong>Nuestro departamento\u00a0t\u00e9cnico\u00a0dispone de\u00a0gu\u00edas\u00a0de todos los\u00a0modelos\u00a0empotrados\u00a0que vendemos<\/strong><strong>,\u00a0si tiene alguna duda con la\u00a0instalaci\u00f3n\u00a0contacte con nosotros mediante\u00a0tel\u00e9fono,\u00a0WhatsApp\u00a0o email dentro del horario laboral indicado en la web.<\/strong><\/p>\n<p><strong>Recuerden que una vez instalado el cuerpo\u00a0empotrado\u00a0de la\u00a0grifer\u00eda\u00a0revisar de su correcto funcionamiento de paso de agua, comprobaci\u00f3n de cartuchos y corte de agua, si detecta alguna\u00a0anomal\u00eda\u00a0informe a nuestro\u00a0departamento\u00a0para darle una\u00a0soluci\u00f3n, no\u00a0contin\u00fae\u00a0con la\u00a0instalaci\u00f3n\u00a0de cerramiento de la pared.<\/strong><\/p>\n","protected":false},"featured_media":3685,"template":"","meta":[],"product_brand":[],"product_cat":[57,47],"product_tag":[],"serie":[63],"manual-de-instalacion":[404],"color":[26],"class_list":{"0":"post-3503","1":"product","2":"type-product","3":"status-publish","4":"has-post-thumbnail","6":"product_cat-duchas-empotradas","7":"product_cat-duchas","8":"pa_tamano-rociador-20cm","9":"pa_tamano-rociador-25cm","10":"pa_tamano-rociador-30cm","11":"serie-guadiana","12":"manual-de-instalacion-manual-gd004-2-vias","13":"color-cromo","15":"first","16":"instock","17":"taxable","18":"shipping-taxable","19":"product-type-variable"},"_links":{"self":[{"href":"https:\/\/www.valaz.es\/it\/wp-json\/wp\/v2\/product\/3503","targetHints":{"allow":["GET"]}}],"collection":[{"href":"https:\/\/www.valaz.es\/it\/wp-json\/wp\/v2\/product"}],"about":[{"href":"https:\/\/www.valaz.es\/it\/wp-json\/wp\/v2\/types\/product"}],"wp:featuredmedia":[{"embeddable":true,"href":"https:\/\/www.valaz.es\/it\/wp-json\/wp\/v2\/media\/3685"}],"wp:attachment":[{"href":"https:\/\/www.valaz.es\/it\/wp-json\/wp\/v2\/media?parent=3503"}],"wp:term":[{"taxonomy":"product_brand","embeddable":true,"href":"https:\/\/www.valaz.es\/it\/wp-json\/wp\/v2\/product_brand?post=3503"},{"taxonomy":"product_cat","embeddable":true,"href":"https:\/\/www.valaz.es\/it\/wp-json\/wp\/v2\/product_cat?post=3503"},{"taxonomy":"product_tag","embeddable":true,"href":"https:\/\/www.valaz.es\/it\/wp-json\/wp\/v2\/product_tag?post=3503"},{"taxonomy":"serie","embeddable":true,"href":"https:\/\/www.valaz.es\/it\/wp-json\/wp\/v2\/serie?post=3503"},{"taxonomy":"manual-de-instalacion","embeddable":true,"href":"https:\/\/www.valaz.es\/it\/wp-json\/wp\/v2\/manual-de-instalacion?post=3503"},{"taxonomy":"color","embeddable":true,"href":"https:\/\/www.valaz.es\/it\/wp-json\/wp\/v2\/color?post=3503"}],"curies":[{"name":"wp","href":"https:\/\/api.w.org\/{rel}","templated":true}]}}