{"id":3501,"date":"2022-12-23T12:28:50","date_gmt":"2022-12-23T11:28:50","guid":{"rendered":"https:\/\/www.valaz.es\/?post_type=product&#038;p=3501"},"modified":"2025-06-27T11:20:04","modified_gmt":"2025-06-27T09:20:04","slug":"ducha-empotrada-monomando-con-boton-redonda-a-techo-dorado-cepillado-serie-andarax","status":"publish","type":"product","link":"https:\/\/www.valaz.es\/it\/prodotto\/ducha-empotrada-monomando-con-boton-redonda-a-techo-dorado-cepillado-serie-andarax\/","title":{"rendered":"Ducha empotrada monomando con bot\u00f3n redonda a techo dorado cepillado &#8211; Serie Andarax"},"content":{"rendered":"<p class=\"\" data-start=\"268\" data-end=\"643\">La ducha empotrada monomando con bot\u00f3n de la Serie Andarax, en acabado dorado cepillado, es la opci\u00f3n perfecta para quienes buscan un dise\u00f1o elegante y funcional. Con su innovador sistema de bot\u00f3n con funci\u00f3n clic clac, ofrece un control preciso de las funciones de la ducha. Ideal para ba\u00f1os modernos y sofisticados, combina estilo y comodidad en cada uso.<\/p>\n<p class=\"\" data-start=\"645\" data-end=\"667\"><strong data-start=\"645\" data-end=\"665\">Especificaciones<\/strong><\/p>\n<ul data-start=\"668\" data-end=\"1027\">\n<li class=\"\" data-start=\"668\" data-end=\"710\">\n<p class=\"\" data-start=\"670\" data-end=\"710\">Tipo de instalaci\u00f3n: empotrada a techo<\/p>\n<\/li>\n<li class=\"\" data-start=\"711\" data-end=\"740\">\n<p class=\"\" data-start=\"713\" data-end=\"740\">Acabado: dorado cepillado<\/p>\n<\/li>\n<li class=\"\" data-start=\"741\" data-end=\"773\">\n<p class=\"\" data-start=\"743\" data-end=\"773\">Cuerpo de la grifer\u00eda: lat\u00f3n<\/p>\n<\/li>\n<li class=\"\" data-start=\"774\" data-end=\"804\">\n<p class=\"\" data-start=\"776\" data-end=\"804\">Rociador: acero inoxidable<\/p>\n<\/li>\n<li class=\"\" data-start=\"805\" data-end=\"831\">\n<p class=\"\" data-start=\"807\" data-end=\"831\">Alcachofa de mano: PVC<\/p>\n<\/li>\n<li class=\"\" data-start=\"832\" data-end=\"846\">\n<p class=\"\" data-start=\"834\" data-end=\"846\">Flexo: PVC<\/p>\n<\/li>\n<li class=\"\" data-start=\"847\" data-end=\"880\">\n<p class=\"\" data-start=\"849\" data-end=\"880\">Monomando con bot\u00f3n de 2 v\u00edas<\/p>\n<\/li>\n<li class=\"\" data-start=\"881\" data-end=\"925\">\n<p class=\"\" data-start=\"883\" data-end=\"925\">Funci\u00f3n clic clac para un control c\u00f3modo<\/p>\n<\/li>\n<li class=\"\" data-start=\"926\" data-end=\"1027\">\n<p class=\"\" data-start=\"928\" data-end=\"1027\">Incluye soporte para rociador, salida de agua, soporte alcachofa de mano, flexo, alcachofa de mano y caja box empotrable<\/p>\n<\/li>\n<\/ul>\n","protected":false},"excerpt":{"rendered":"<p>Serie Andarax es redonda y con l\u00edneas cl\u00e1sicas nos aporta ese toque de elegancia, ya que es monomando con bot\u00f3n su funci\u00f3n clic clac es diferente.\u00a0 Sus acabados son dorado cepillado, cromado y negro mate. Disponemos de ducha empotrada con soporte a techo o pared y con su grifo de lavabo empotrado la hace muy completa y moderna. Todos nuestros modelos de grifer\u00eda empotrada incluyen la caja box con cartucho monomando y selector, soporte de ducha, flexo y alcachofa de mano junto con el rociador.<\/p>\n<p>&nbsp;<\/p>\n<p>La garant\u00eda de todos nuestros productos es de 3 a\u00f1os, para funcionamiento, duraci\u00f3n del esmaltado y anticorrosi\u00f3n.<\/p>\n<p>Recomendamos para un correcto mantenimiento de la grifer\u00eda y evitar el deterioro por el uso. Secar las gotas de agua con un pa\u00f1o suave despu\u00e9s del uso, evitando que se posen en la superficie y deterioran el acabado, no utilizar esponjas que puedan rayar la grifer\u00eda, utilizar limpiadores como vinagre limpieza, agua caliente y jab\u00f3n con ph neutro.<\/p>\n<p>&nbsp;<\/p>\n<p><strong>Nuestro departamento\u00a0t\u00e9cnico\u00a0dispone de\u00a0gu\u00edas\u00a0de todos los\u00a0modelos\u00a0empotrados\u00a0que vendemos<\/strong><strong>,\u00a0si tiene alguna duda con la\u00a0instalaci\u00f3n\u00a0contacte con nosotros mediante\u00a0tel\u00e9fono,\u00a0WhatsApp\u00a0o email dentro del horario laboral indicado en la web.<\/strong><\/p>\n<p><strong>Recuerden que una vez instalado el cuerpo\u00a0empotrado\u00a0de la\u00a0grifer\u00eda\u00a0revisar de su correcto funcionamiento de paso de agua, comprobaci\u00f3n de cartuchos y corte de agua, si detecta alguna\u00a0anomal\u00eda\u00a0informe a nuestro\u00a0departamento\u00a0para darle una\u00a0soluci\u00f3n, no\u00a0contin\u00fae\u00a0con la\u00a0instalaci\u00f3n\u00a0de cerramiento de la pared.<\/strong><\/p>\n<p>&nbsp;<\/p>\n","protected":false},"featured_media":3701,"template":"","meta":[],"product_brand":[],"product_cat":[57,47],"product_tag":[],"serie":[316],"manual-de-instalacion":[78],"color":[34],"class_list":{"0":"post-3501","1":"product","2":"type-product","3":"status-publish","4":"has-post-thumbnail","6":"product_cat-duchas-empotradas","7":"product_cat-duchas","8":"pa_tamano-rociador-20cm","9":"pa_tamano-rociador-25cm","10":"pa_tamano-rociador-30cm","11":"serie-andarax","12":"manual-de-instalacion-guia-instalacion-duchas-empotradas-monomando","13":"color-dorado-cepillado","15":"first","16":"outofstock","17":"taxable","18":"shipping-taxable","19":"product-type-variable"},"_links":{"self":[{"href":"https:\/\/www.valaz.es\/it\/wp-json\/wp\/v2\/product\/3501","targetHints":{"allow":["GET"]}}],"collection":[{"href":"https:\/\/www.valaz.es\/it\/wp-json\/wp\/v2\/product"}],"about":[{"href":"https:\/\/www.valaz.es\/it\/wp-json\/wp\/v2\/types\/product"}],"wp:featuredmedia":[{"embeddable":true,"href":"https:\/\/www.valaz.es\/it\/wp-json\/wp\/v2\/media\/3701"}],"wp:attachment":[{"href":"https:\/\/www.valaz.es\/it\/wp-json\/wp\/v2\/media?parent=3501"}],"wp:term":[{"taxonomy":"product_brand","embeddable":true,"href":"https:\/\/www.valaz.es\/it\/wp-json\/wp\/v2\/product_brand?post=3501"},{"taxonomy":"product_cat","embeddable":true,"href":"https:\/\/www.valaz.es\/it\/wp-json\/wp\/v2\/product_cat?post=3501"},{"taxonomy":"product_tag","embeddable":true,"href":"https:\/\/www.valaz.es\/it\/wp-json\/wp\/v2\/product_tag?post=3501"},{"taxonomy":"serie","embeddable":true,"href":"https:\/\/www.valaz.es\/it\/wp-json\/wp\/v2\/serie?post=3501"},{"taxonomy":"manual-de-instalacion","embeddable":true,"href":"https:\/\/www.valaz.es\/it\/wp-json\/wp\/v2\/manual-de-instalacion?post=3501"},{"taxonomy":"color","embeddable":true,"href":"https:\/\/www.valaz.es\/it\/wp-json\/wp\/v2\/color?post=3501"}],"curies":[{"name":"wp","href":"https:\/\/api.w.org\/{rel}","templated":true}]}}