{"id":3500,"date":"2022-12-23T12:27:33","date_gmt":"2022-12-23T11:27:33","guid":{"rendered":"https:\/\/www.valaz.es\/?post_type=product&#038;p=3500"},"modified":"2025-06-27T11:24:56","modified_gmt":"2025-06-27T09:24:56","slug":"ducha-empotrada-monomando-con-boton-redonda-a-techo-cromado-serie-andarax","status":"publish","type":"product","link":"https:\/\/www.valaz.es\/it\/prodotto\/ducha-empotrada-monomando-con-boton-redonda-a-techo-cromado-serie-andarax\/","title":{"rendered":"Ducha empotrada monomando con bot\u00f3n redonda a techo cromado &#8211; Serie Andarax"},"content":{"rendered":"<p class=\"\" data-start=\"214\" data-end=\"563\">La ducha empotrada monomando con bot\u00f3n de la Serie Andarax, en acabado cromado, es una elecci\u00f3n ideal para un ba\u00f1o moderno y elegante. Su innovador sistema de bot\u00f3n con funci\u00f3n clic clac asegura un manejo f\u00e1cil y eficiente. El dise\u00f1o empotrado a techo ahorra espacio mientras mantiene un estilo sofisticado y pr\u00e1ctico para tu ba\u00f1o.<\/p>\n<p class=\"\" data-start=\"565\" data-end=\"587\"><strong data-start=\"565\" data-end=\"585\">Especificaciones<\/strong><\/p>\n<ul data-start=\"588\" data-end=\"938\">\n<li class=\"\" data-start=\"588\" data-end=\"630\">\n<p class=\"\" data-start=\"590\" data-end=\"630\">Tipo de instalaci\u00f3n: empotrada a techo<\/p>\n<\/li>\n<li class=\"\" data-start=\"631\" data-end=\"651\">\n<p class=\"\" data-start=\"633\" data-end=\"651\">Acabado: cromado<\/p>\n<\/li>\n<li class=\"\" data-start=\"652\" data-end=\"684\">\n<p class=\"\" data-start=\"654\" data-end=\"684\">Cuerpo de la grifer\u00eda: lat\u00f3n<\/p>\n<\/li>\n<li class=\"\" data-start=\"685\" data-end=\"715\">\n<p class=\"\" data-start=\"687\" data-end=\"715\">Rociador: acero inoxidable<\/p>\n<\/li>\n<li class=\"\" data-start=\"716\" data-end=\"742\">\n<p class=\"\" data-start=\"718\" data-end=\"742\">Alcachofa de mano: PVC<\/p>\n<\/li>\n<li class=\"\" data-start=\"743\" data-end=\"757\">\n<p class=\"\" data-start=\"745\" data-end=\"757\">Flexo: Acero inoxidable<\/p>\n<\/li>\n<li class=\"\" data-start=\"758\" data-end=\"791\">\n<p class=\"\" data-start=\"760\" data-end=\"791\">Monomando con bot\u00f3n de 2 v\u00edas<\/p>\n<\/li>\n<li class=\"\" data-start=\"792\" data-end=\"836\">\n<p class=\"\" data-start=\"794\" data-end=\"836\">Funci\u00f3n clic clac para un control c\u00f3modo<\/p>\n<\/li>\n<li class=\"\" data-start=\"837\" data-end=\"938\">\n<p class=\"\" data-start=\"839\" data-end=\"938\">Incluye soporte para rociador, salida de agua, soporte alcachofa de mano, flexo, alcachofa de mano y caja box empotrable<\/p>\n<\/li>\n<\/ul>\n","protected":false},"excerpt":{"rendered":"<p>Serie Andarax es redonda y con l\u00edneas cl\u00e1sicas nos aporta ese toque de elegancia, ya que es monomando con bot\u00f3n su funci\u00f3n clic clac es diferente.\u00a0 Sus acabados son dorado cepillado, cromado y negro mate. Disponemos de ducha empotrada con soporte a techo o pared y con su grifo de lavabo empotrado la hace muy completa y moderna. Todos nuestros modelos de grifer\u00eda empotrada incluyen la caja box con cartucho monomando y selector, soporte de ducha, flexo y alcachofa de mano junto con el rociador.<\/p>\n<p>&nbsp;<\/p>\n<p>La garant\u00eda de todos nuestros productos es de 3 a\u00f1os, para funcionamiento, duraci\u00f3n del esmaltado y anticorrosi\u00f3n.<\/p>\n<p>Recomendamos para un correcto mantenimiento de la grifer\u00eda y evitar el deterioro por el uso. Secar las gotas de agua con un pa\u00f1o suave despu\u00e9s del uso, evitando que se posen en la superficie y deterioran el acabado, no utilizar esponjas que puedan rayar la grifer\u00eda, utilizar limpiadores como vinagre limpieza, agua caliente y jab\u00f3n con ph neutro.<\/p>\n<p>&nbsp;<\/p>\n<p><strong>Nuestro departamento\u00a0t\u00e9cnico\u00a0dispone de\u00a0gu\u00edas\u00a0de todos los\u00a0modelos\u00a0empotrados\u00a0que vendemos<\/strong><strong>,\u00a0si tiene alguna duda con la\u00a0instalaci\u00f3n\u00a0contacte con nosotros mediante\u00a0tel\u00e9fono,\u00a0WhatsApp\u00a0o email dentro del horario laboral indicado en la web.<\/strong><\/p>\n<p><strong>Recuerden que una vez instalado el cuerpo\u00a0empotrado\u00a0de la\u00a0grifer\u00eda\u00a0revisar de su correcto funcionamiento de paso de agua, comprobaci\u00f3n de cartuchos y corte de agua, si detecta alguna\u00a0anomal\u00eda\u00a0informe a nuestro\u00a0departamento\u00a0para darle una\u00a0soluci\u00f3n, no\u00a0contin\u00fae\u00a0con la\u00a0instalaci\u00f3n\u00a0de cerramiento de la pared.<\/strong><\/p>\n<p>&nbsp;<\/p>\n","protected":false},"featured_media":3697,"template":"","meta":[],"product_brand":[],"product_cat":[57,47],"product_tag":[],"serie":[316],"manual-de-instalacion":[78],"color":[26],"class_list":{"0":"post-3500","1":"product","2":"type-product","3":"status-publish","4":"has-post-thumbnail","6":"product_cat-duchas-empotradas","7":"product_cat-duchas","8":"pa_tamano-rociador-20cm","9":"pa_tamano-rociador-25cm","10":"pa_tamano-rociador-30cm","11":"serie-andarax","12":"manual-de-instalacion-guia-instalacion-duchas-empotradas-monomando","13":"color-cromo","15":"first","16":"instock","17":"taxable","18":"shipping-taxable","19":"product-type-variable"},"_links":{"self":[{"href":"https:\/\/www.valaz.es\/it\/wp-json\/wp\/v2\/product\/3500","targetHints":{"allow":["GET"]}}],"collection":[{"href":"https:\/\/www.valaz.es\/it\/wp-json\/wp\/v2\/product"}],"about":[{"href":"https:\/\/www.valaz.es\/it\/wp-json\/wp\/v2\/types\/product"}],"wp:featuredmedia":[{"embeddable":true,"href":"https:\/\/www.valaz.es\/it\/wp-json\/wp\/v2\/media\/3697"}],"wp:attachment":[{"href":"https:\/\/www.valaz.es\/it\/wp-json\/wp\/v2\/media?parent=3500"}],"wp:term":[{"taxonomy":"product_brand","embeddable":true,"href":"https:\/\/www.valaz.es\/it\/wp-json\/wp\/v2\/product_brand?post=3500"},{"taxonomy":"product_cat","embeddable":true,"href":"https:\/\/www.valaz.es\/it\/wp-json\/wp\/v2\/product_cat?post=3500"},{"taxonomy":"product_tag","embeddable":true,"href":"https:\/\/www.valaz.es\/it\/wp-json\/wp\/v2\/product_tag?post=3500"},{"taxonomy":"serie","embeddable":true,"href":"https:\/\/www.valaz.es\/it\/wp-json\/wp\/v2\/serie?post=3500"},{"taxonomy":"manual-de-instalacion","embeddable":true,"href":"https:\/\/www.valaz.es\/it\/wp-json\/wp\/v2\/manual-de-instalacion?post=3500"},{"taxonomy":"color","embeddable":true,"href":"https:\/\/www.valaz.es\/it\/wp-json\/wp\/v2\/color?post=3500"}],"curies":[{"name":"wp","href":"https:\/\/api.w.org\/{rel}","templated":true}]}}