{"id":3498,"date":"2022-12-23T12:15:51","date_gmt":"2022-12-23T11:15:51","guid":{"rendered":"https:\/\/www.valaz.es\/?post_type=product&#038;p=3498"},"modified":"2026-04-16T17:08:25","modified_gmt":"2026-04-16T15:08:25","slug":"ducha-empotrada-monomando-ovalada-cuadrada-a-techo-oro-mate-con-proteccion-pvd-serie-esla","status":"publish","type":"product","link":"https:\/\/www.valaz.es\/it\/prodotto\/ducha-empotrada-monomando-ovalada-cuadrada-a-techo-oro-mate-con-proteccion-pvd-serie-esla\/","title":{"rendered":"Ducha empotrada monomando ovalada\/cuadrada a techo oro mate con protecci\u00f3n PVD &#8211; Serie Esla"},"content":{"rendered":"<p class=\"\" data-start=\"246\" data-end=\"695\">La ducha empotrada monomando ovalada\/cuadrada de la Serie Esla, con un elegante acabado oro mate y protecci\u00f3n PVD, es una opci\u00f3n de lujo para tu ba\u00f1o. Este modelo ofrece un dise\u00f1o moderno y funcional con dos opciones de salida de agua: un rociador de efecto lluvia y una alcachofa de mano. La instalaci\u00f3n empotrada a techo garantiza un aspecto limpio y sofisticado, mientras que su protecci\u00f3n PVD asegura durabilidad y resistencia.<\/p>\n<p class=\"\" data-start=\"697\" data-end=\"719\"><strong data-start=\"697\" data-end=\"717\">Especificaciones<\/strong><\/p>\n<ul data-start=\"720\" data-end=\"1172\">\n<li class=\"\" data-start=\"720\" data-end=\"762\">\n<p class=\"\" data-start=\"722\" data-end=\"762\">Tipo de instalaci\u00f3n: empotrada a techo<\/p>\n<\/li>\n<li class=\"\" data-start=\"763\" data-end=\"813\">\n<p class=\"\" data-start=\"765\" data-end=\"813\">Acabado: oro mate cepillado con protecci\u00f3n PVD<\/p>\n<\/li>\n<li class=\"\" data-start=\"814\" data-end=\"846\">\n<p class=\"\" data-start=\"816\" data-end=\"846\">Cuerpo de la grifer\u00eda: lat\u00f3n<\/p>\n<\/li>\n<li class=\"\" data-start=\"847\" data-end=\"913\">\n<p class=\"\" data-start=\"849\" data-end=\"913\">Rociador: acero inoxidable (disponible en 20\u00d720, 25\u00d725, 30\u00d730)<\/p>\n<\/li>\n<li class=\"\" data-start=\"914\" data-end=\"940\">\n<p class=\"\" data-start=\"916\" data-end=\"940\">Alcachofa de mano: lat\u00f3n<\/p>\n<\/li>\n<li class=\"\" data-start=\"941\" data-end=\"964\">\n<p class=\"\" data-start=\"943\" data-end=\"964\">Flexo: PVC (150 cm)<\/p>\n<\/li>\n<li class=\"\" data-start=\"965\" data-end=\"1033\">\n<p class=\"\" data-start=\"967\" data-end=\"1033\">Monomando de 2 v\u00edas (rociador efecto lluvia y alcachofa de mano)<\/p>\n<\/li>\n<li class=\"\" data-start=\"1034\" data-end=\"1092\">\n<p class=\"\" data-start=\"1036\" data-end=\"1092\">Funci\u00f3n: rociador de efecto lluvia y alcachofa de mano<\/p>\n<\/li>\n<li class=\"\" data-start=\"1093\" data-end=\"1138\">\n<p class=\"\" data-start=\"1095\" data-end=\"1138\">Soporte a techo incluido para el rociador<\/p>\n<\/li>\n<li class=\"\" data-start=\"1139\" data-end=\"1172\">\n<p class=\"\" data-start=\"1141\" data-end=\"1172\">Alcachofa de mano con soporte<\/p>\n<\/li>\n<li data-start=\"1139\" data-end=\"1172\">Incluye caja box empotrable<\/li>\n<\/ul>\n","protected":false},"excerpt":{"rendered":"<p>La serie Esla destaca por su acabado cuadrado con l\u00edneas ovaladas es cl\u00e1sica, sus acabados son dorado cepillado, cromado y negro mate. Disponemos de ducha empotrada monomando a techo o pared y a juego con su grifo de lavabo monomando empotrado<\/p>\n<p>&nbsp;<\/p>\n<p>La garant\u00eda de todos nuestros productos es de 3 a\u00f1os, para funcionamiento, duraci\u00f3n del esmaltado y anticorrosi\u00f3n.<\/p>\n<p>Recomendamos para un correcto mantenimiento de la grifer\u00eda y evitar el deterioro por el uso. Secar las gotas de agua con un pa\u00f1o suave despu\u00e9s del uso, evitando que se posen en la superficie y deterioran el acabado, no utilizar esponjas que puedan rayar la grifer\u00eda, utilizar limpiadores como vinagre limpieza, agua caliente y jab\u00f3n con ph neutro.<\/p>\n<p>&nbsp;<\/p>\n<p><strong>Nuestro departamento\u00a0t\u00e9cnico\u00a0dispone de\u00a0gu\u00edas\u00a0de todos los\u00a0modelos\u00a0empotrados\u00a0que vendemos<\/strong><strong>,\u00a0si tiene alguna duda con la\u00a0instalaci\u00f3n\u00a0contacte con nosotros mediante\u00a0tel\u00e9fono,\u00a0WhatsApp\u00a0o email dentro del horario laboral indicado en la web.<\/strong><\/p>\n<p><strong>Recuerden que una vez instalado el cuerpo\u00a0empotrado\u00a0de la\u00a0grifer\u00eda\u00a0revisar de su correcto funcionamiento de paso de agua, comprobaci\u00f3n de cartuchos y corte de agua, si detecta alguna\u00a0anomal\u00eda\u00a0informe a nuestro\u00a0departamento\u00a0para darle una\u00a0soluci\u00f3n, no\u00a0contin\u00fae\u00a0con la\u00a0instalaci\u00f3n\u00a0de cerramiento de la pared.<\/strong><\/p>\n<p>&nbsp;<\/p>\n","protected":false},"featured_media":14317,"template":"","meta":[],"product_brand":[],"product_cat":[57,47],"product_tag":[],"serie":[317],"manual-de-instalacion":[78],"color":[350],"class_list":{"0":"post-3498","1":"product","2":"type-product","3":"status-publish","4":"has-post-thumbnail","6":"product_cat-duchas-empotradas","7":"product_cat-duchas","8":"pa_tamano-rociador-20cm","9":"pa_tamano-rociador-25cm","10":"pa_tamano-rociador-30cm","11":"serie-esla","12":"manual-de-instalacion-guia-instalacion-duchas-empotradas-monomando","13":"color-oro-mate-cepillado","15":"first","16":"outofstock","17":"taxable","18":"shipping-taxable","19":"product-type-variable"},"_links":{"self":[{"href":"https:\/\/www.valaz.es\/it\/wp-json\/wp\/v2\/product\/3498","targetHints":{"allow":["GET"]}}],"collection":[{"href":"https:\/\/www.valaz.es\/it\/wp-json\/wp\/v2\/product"}],"about":[{"href":"https:\/\/www.valaz.es\/it\/wp-json\/wp\/v2\/types\/product"}],"wp:featuredmedia":[{"embeddable":true,"href":"https:\/\/www.valaz.es\/it\/wp-json\/wp\/v2\/media\/14317"}],"wp:attachment":[{"href":"https:\/\/www.valaz.es\/it\/wp-json\/wp\/v2\/media?parent=3498"}],"wp:term":[{"taxonomy":"product_brand","embeddable":true,"href":"https:\/\/www.valaz.es\/it\/wp-json\/wp\/v2\/product_brand?post=3498"},{"taxonomy":"product_cat","embeddable":true,"href":"https:\/\/www.valaz.es\/it\/wp-json\/wp\/v2\/product_cat?post=3498"},{"taxonomy":"product_tag","embeddable":true,"href":"https:\/\/www.valaz.es\/it\/wp-json\/wp\/v2\/product_tag?post=3498"},{"taxonomy":"serie","embeddable":true,"href":"https:\/\/www.valaz.es\/it\/wp-json\/wp\/v2\/serie?post=3498"},{"taxonomy":"manual-de-instalacion","embeddable":true,"href":"https:\/\/www.valaz.es\/it\/wp-json\/wp\/v2\/manual-de-instalacion?post=3498"},{"taxonomy":"color","embeddable":true,"href":"https:\/\/www.valaz.es\/it\/wp-json\/wp\/v2\/color?post=3498"}],"curies":[{"name":"wp","href":"https:\/\/api.w.org\/{rel}","templated":true}]}}