{"id":3497,"date":"2022-12-23T12:13:33","date_gmt":"2022-12-23T11:13:33","guid":{"rendered":"https:\/\/www.valaz.es\/?post_type=product&#038;p=3497"},"modified":"2025-06-27T11:57:40","modified_gmt":"2025-06-27T09:57:40","slug":"ducha-empotrada-monomando-a-pared-ovalada-cuadrada-a-techo-negro-mate-serie-esla","status":"publish","type":"product","link":"https:\/\/www.valaz.es\/it\/prodotto\/ducha-empotrada-monomando-a-pared-ovalada-cuadrada-a-techo-negro-mate-serie-esla\/","title":{"rendered":"Ducha empotrada monomando ovalada\/cuadrada a techo negro mate serie Esla"},"content":{"rendered":"<p class=\"\" data-start=\"593\" data-end=\"893\">La ducha empotrada a techo de la serie Esla en acabado negro mate destaca por su elegancia contempor\u00e1nea y su funcionalidad pr\u00e1ctica. Dise\u00f1ada para quienes buscan una experiencia de ducha envolvente con est\u00e9tica cuidada, esta grifer\u00eda empotrada combina l\u00edneas minimalistas con materiales resistentes.<\/p>\n<p class=\"\" data-start=\"895\" data-end=\"1228\">Este modelo incorpora un monomando de 2 v\u00edas que permite alternar entre el rociador superior efecto lluvia y la alcachofa de mano, adapt\u00e1ndose al tipo de uso diario o momentos de relajaci\u00f3n. El rociador est\u00e1 disponible en formato cuadrado o ovalado, con medidas de 20\u00d720, 25\u00d725 o 30\u00d730 cm, seg\u00fan las necesidades del espacio de ducha.<\/p>\n<p class=\"\" data-start=\"1230\" data-end=\"1559\">Su cuerpo principal es de lat\u00f3n con un acabado negro mate que aporta estilo y durabilidad, mientras que el rociador de acero inoxidable y la alcachofa de PVC aseguran una distribuci\u00f3n uniforme del agua y un mantenimiento sencillo. El flexo de acero inoxidable de 150 cm garantiza libertad de movimiento y resistencia al desgaste.<\/p>\n<p class=\"\" data-start=\"1561\" data-end=\"1684\">Una opci\u00f3n perfecta para cuartos de ba\u00f1o modernos que buscan integrar una ducha empotrada con un dise\u00f1o limpio y funcional.<\/p>\n<p class=\"\" data-start=\"1686\" data-end=\"1707\"><strong data-start=\"1686\" data-end=\"1706\">Especificaciones<\/strong>:<\/p>\n<ul data-start=\"1708\" data-end=\"2079\">\n<li class=\"\" data-start=\"1708\" data-end=\"1741\">\n<p class=\"\" data-start=\"1710\" data-end=\"1741\">Tipo: Ducha empotrada a techo<\/p>\n<\/li>\n<li class=\"\" data-start=\"1742\" data-end=\"1802\">\n<p class=\"\" data-start=\"1744\" data-end=\"1802\">V\u00edas: Monomando de 2 v\u00edas (rociador y alcachofa de mano)<\/p>\n<\/li>\n<li class=\"\" data-start=\"1803\" data-end=\"1826\">\n<p class=\"\" data-start=\"1805\" data-end=\"1826\">Acabado: Negro mate<\/p>\n<\/li>\n<li class=\"\" data-start=\"1827\" data-end=\"1896\">\n<p class=\"\" data-start=\"1829\" data-end=\"1896\">Formato de rociador: Ovalado o cuadrado (20\u00d720, 25\u00d725 o 30\u00d730 cm)<\/p>\n<\/li>\n<li class=\"\" data-start=\"1897\" data-end=\"1927\">\n<p class=\"\" data-start=\"1899\" data-end=\"1927\">Material del cuerpo: Lat\u00f3n<\/p>\n<\/li>\n<li class=\"\" data-start=\"1928\" data-end=\"1958\">\n<p class=\"\" data-start=\"1930\" data-end=\"1958\">Rociador: Acero inoxidable<\/p>\n<\/li>\n<li class=\"\" data-start=\"1959\" data-end=\"1985\">\n<p class=\"\" data-start=\"1961\" data-end=\"1985\">Alcachofa de mano: PVC<\/p>\n<\/li>\n<li class=\"\" data-start=\"1986\" data-end=\"2023\">\n<p class=\"\" data-start=\"1988\" data-end=\"2023\">Flexo: Acero inoxidable de 150 cm<\/p>\n<\/li>\n<li class=\"\" data-start=\"2024\" data-end=\"2079\">\n<p class=\"\" data-start=\"2026\" data-end=\"2079\">Instalaci\u00f3n: Empotrada, soporte de rociador a techo<\/p>\n<\/li>\n<\/ul>\n","protected":false},"excerpt":{"rendered":"<p>La serie Esla destaca por su acabado cuadrado con l\u00edneas ovaladas es cl\u00e1sica, sus acabados son dorado cepillado, cromado y negro mate. Disponemos de ducha empotrada monomando a techo o pared y a juego con su grifo de lavabo monomando empotrado<\/p>\n<p>&nbsp;<\/p>\n<p>La garant\u00eda de todos nuestros productos es de 3 a\u00f1os, para funcionamiento, duraci\u00f3n del esmaltado y anticorrosi\u00f3n.<\/p>\n<p>Recomendamos para un correcto mantenimiento de la grifer\u00eda y evitar el deterioro por el uso. Secar las gotas de agua con un pa\u00f1o suave despu\u00e9s del uso, evitando que se posen en la superficie y deterioran el acabado, no utilizar esponjas que puedan rayar la grifer\u00eda, utilizar limpiadores como vinagre limpieza, agua caliente y jab\u00f3n con ph neutro.<\/p>\n<p>&nbsp;<\/p>\n<p><strong>Nuestro departamento\u00a0t\u00e9cnico\u00a0dispone de\u00a0gu\u00edas\u00a0de todos los\u00a0modelos\u00a0empotrados\u00a0que vendemos<\/strong><strong>,\u00a0si tiene alguna duda con la\u00a0instalaci\u00f3n\u00a0contacte con nosotros mediante\u00a0tel\u00e9fono,\u00a0WhatsApp\u00a0o email dentro del horario laboral indicado en la web.<\/strong><\/p>\n<p><strong>Recuerden que una vez instalado el cuerpo\u00a0empotrado\u00a0de la\u00a0grifer\u00eda\u00a0revisar de su correcto funcionamiento de paso de agua, comprobaci\u00f3n de cartuchos y corte de agua, si detecta alguna\u00a0anomal\u00eda\u00a0informe a nuestro\u00a0departamento\u00a0para darle una\u00a0soluci\u00f3n, no\u00a0contin\u00fae\u00a0con la\u00a0instalaci\u00f3n\u00a0de cerramiento de la pared.<\/strong><\/p>\n<p>&nbsp;<\/p>\n","protected":false},"featured_media":3717,"template":"","meta":[],"product_brand":[],"product_cat":[57,47],"product_tag":[],"serie":[317],"manual-de-instalacion":[78],"color":[27],"class_list":{"0":"post-3497","1":"product","2":"type-product","3":"status-publish","4":"has-post-thumbnail","6":"product_cat-duchas-empotradas","7":"product_cat-duchas","8":"pa_tamano-rociador-20cm","9":"pa_tamano-rociador-25cm","10":"pa_tamano-rociador-30cm","11":"pa_tamano-rociador-40cm","12":"serie-esla","13":"manual-de-instalacion-guia-instalacion-duchas-empotradas-monomando","14":"color-negro-mate","16":"first","17":"instock","18":"taxable","19":"shipping-taxable","20":"product-type-variable"},"_links":{"self":[{"href":"https:\/\/www.valaz.es\/it\/wp-json\/wp\/v2\/product\/3497","targetHints":{"allow":["GET"]}}],"collection":[{"href":"https:\/\/www.valaz.es\/it\/wp-json\/wp\/v2\/product"}],"about":[{"href":"https:\/\/www.valaz.es\/it\/wp-json\/wp\/v2\/types\/product"}],"wp:featuredmedia":[{"embeddable":true,"href":"https:\/\/www.valaz.es\/it\/wp-json\/wp\/v2\/media\/3717"}],"wp:attachment":[{"href":"https:\/\/www.valaz.es\/it\/wp-json\/wp\/v2\/media?parent=3497"}],"wp:term":[{"taxonomy":"product_brand","embeddable":true,"href":"https:\/\/www.valaz.es\/it\/wp-json\/wp\/v2\/product_brand?post=3497"},{"taxonomy":"product_cat","embeddable":true,"href":"https:\/\/www.valaz.es\/it\/wp-json\/wp\/v2\/product_cat?post=3497"},{"taxonomy":"product_tag","embeddable":true,"href":"https:\/\/www.valaz.es\/it\/wp-json\/wp\/v2\/product_tag?post=3497"},{"taxonomy":"serie","embeddable":true,"href":"https:\/\/www.valaz.es\/it\/wp-json\/wp\/v2\/serie?post=3497"},{"taxonomy":"manual-de-instalacion","embeddable":true,"href":"https:\/\/www.valaz.es\/it\/wp-json\/wp\/v2\/manual-de-instalacion?post=3497"},{"taxonomy":"color","embeddable":true,"href":"https:\/\/www.valaz.es\/it\/wp-json\/wp\/v2\/color?post=3497"}],"curies":[{"name":"wp","href":"https:\/\/api.w.org\/{rel}","templated":true}]}}