{"id":3493,"date":"2022-12-23T12:03:46","date_gmt":"2022-12-23T11:03:46","guid":{"rendered":"https:\/\/www.valaz.es\/?post_type=product&#038;p=3493"},"modified":"2026-01-15T10:43:16","modified_gmt":"2026-01-15T09:43:16","slug":"ducha-empotrada-monomando-redonda-con-embellecedor-rectangular-a-techo-negro-mate-serie-sil","status":"publish","type":"product","link":"https:\/\/www.valaz.es\/it\/prodotto\/ducha-empotrada-monomando-redonda-con-embellecedor-rectangular-a-techo-negro-mate-serie-sil\/","title":{"rendered":"Ducha empotrada monomando redonda con embellecedor rectangular a techo negro mate &#8211; Serie Sil"},"content":{"rendered":"<p class=\"\" data-start=\"250\" data-end=\"666\">La ducha empotrada redonda de la Serie Sil en elegante negro mate destaca por su dise\u00f1o moderno con embellecedor rectangular que aporta un toque sofisticado al ba\u00f1o. Con instalaci\u00f3n a techo y control monomando de 2 v\u00edas, esta soluci\u00f3n ofrece una experiencia completa gracias al rociador efecto lluvia y la alcachofa de mano, todo con acabados y materiales pensados para la durabilidad y el confort.<\/p>\n<p class=\"\" data-start=\"668\" data-end=\"690\"><strong data-start=\"668\" data-end=\"688\">Especificaciones<\/strong><\/p>\n<ul data-start=\"691\" data-end=\"1077\">\n<li class=\"\" data-start=\"691\" data-end=\"733\">\n<p class=\"\" data-start=\"693\" data-end=\"733\">Tipo de instalaci\u00f3n: empotrada a techo<\/p>\n<\/li>\n<li class=\"\" data-start=\"734\" data-end=\"757\">\n<p class=\"\" data-start=\"736\" data-end=\"757\">Acabado: negro mate<\/p>\n<\/li>\n<li class=\"\" data-start=\"758\" data-end=\"790\">\n<p class=\"\" data-start=\"760\" data-end=\"790\">Cuerpo de la grifer\u00eda: lat\u00f3n<\/p>\n<\/li>\n<li class=\"\" data-start=\"791\" data-end=\"821\">\n<p class=\"\" data-start=\"793\" data-end=\"821\">Rociador: acero inoxidable<\/p>\n<\/li>\n<li class=\"\" data-start=\"822\" data-end=\"848\">\n<p class=\"\" data-start=\"824\" data-end=\"848\">Alcachofa de mano: PVC<\/p>\n<\/li>\n<li class=\"\" data-start=\"849\" data-end=\"872\">\n<p class=\"\" data-start=\"851\" data-end=\"872\">Flexo: PVC (150 cm)<\/p>\n<\/li>\n<li class=\"\" data-start=\"873\" data-end=\"941\">\n<p class=\"\" data-start=\"875\" data-end=\"941\">Monomando de 2 v\u00edas (rociador efecto lluvia y alcachofa de mano)<\/p>\n<\/li>\n<li class=\"\" data-start=\"942\" data-end=\"997\">\n<p class=\"\" data-start=\"944\" data-end=\"997\">Embellecedor rectangular para un acabado estilizado<\/p>\n<\/li>\n<li class=\"\" data-start=\"998\" data-end=\"1043\">\n<p class=\"\" data-start=\"1000\" data-end=\"1043\">Soporte a techo incluido para el rociador<\/p>\n<\/li>\n<li class=\"\" data-start=\"1044\" data-end=\"1077\">\n<p class=\"\" data-start=\"1046\" data-end=\"1077\">Alcachofa de mano con soporte<\/p>\n<\/li>\n<li data-start=\"1044\" data-end=\"1077\">Incluye caja box empotrable<\/li>\n<\/ul>\n","protected":false},"excerpt":{"rendered":"<p>Serie Sil con acabados rectangulares y redondos, actualmente disponemos del conjunto de ducha empotrada con rociador redondo tanto a pared como a techo y a juego su grifo de lavabo empotrados. Con acabados en cromado, dorado cepillado y negro mate.<\/p>\n<p>&nbsp;<\/p>\n<p>La garant\u00eda de todos nuestros productos es de 3 a\u00f1os, para funcionamiento, duraci\u00f3n del esmaltado y anticorrosi\u00f3n.<\/p>\n<p>Recomendamos para un correcto mantenimiento de la grifer\u00eda y evitar el deterioro por el uso. Secar las gotas de agua con un pa\u00f1o suave despu\u00e9s del uso, evitando que se posen en la superficie y deterioran el acabado, no utilizar esponjas que puedan rayar la grifer\u00eda, utilizar limpiadores como vinagre limpieza, agua caliente y jab\u00f3n con ph neutro.<\/p>\n<p>&nbsp;<\/p>\n<p><strong>Nuestro departamento\u00a0t\u00e9cnico\u00a0dispone de\u00a0gu\u00edas\u00a0de todos los\u00a0modelos\u00a0empotrados\u00a0que vendemos<\/strong><strong>,\u00a0si tiene alguna duda con la\u00a0instalaci\u00f3n\u00a0contacte con nosotros mediante\u00a0tel\u00e9fono,\u00a0WhatsApp\u00a0o email dentro del horario laboral indicado en la web.<\/strong><\/p>\n<p><strong>Recuerden que una vez instalado el cuerpo\u00a0empotrado\u00a0de la\u00a0grifer\u00eda\u00a0revisar de su correcto funcionamiento de paso de agua, comprobaci\u00f3n de cartuchos y corte de agua, si detecta alguna\u00a0anomal\u00eda\u00a0informe a nuestro\u00a0departamento\u00a0para darle una\u00a0soluci\u00f3n, no\u00a0contin\u00fae\u00a0con la\u00a0instalaci\u00f3n\u00a0de cerramiento de la pared.<\/strong><\/p>\n","protected":false},"featured_media":6114,"template":"","meta":[],"product_brand":[],"product_cat":[57,47],"product_tag":[],"serie":[318],"manual-de-instalacion":[85],"color":[27],"class_list":{"0":"post-3493","1":"product","2":"type-product","3":"status-publish","4":"has-post-thumbnail","6":"product_cat-duchas-empotradas","7":"product_cat-duchas","8":"pa_tamano-rociador-20cm","9":"pa_tamano-rociador-25cm","10":"pa_tamano-rociador-30cm","11":"serie-sil","12":"manual-de-instalacion-guia-instalacion-mino","13":"color-negro-mate","15":"first","16":"instock","17":"taxable","18":"shipping-taxable","19":"product-type-variable"},"_links":{"self":[{"href":"https:\/\/www.valaz.es\/it\/wp-json\/wp\/v2\/product\/3493","targetHints":{"allow":["GET"]}}],"collection":[{"href":"https:\/\/www.valaz.es\/it\/wp-json\/wp\/v2\/product"}],"about":[{"href":"https:\/\/www.valaz.es\/it\/wp-json\/wp\/v2\/types\/product"}],"wp:featuredmedia":[{"embeddable":true,"href":"https:\/\/www.valaz.es\/it\/wp-json\/wp\/v2\/media\/6114"}],"wp:attachment":[{"href":"https:\/\/www.valaz.es\/it\/wp-json\/wp\/v2\/media?parent=3493"}],"wp:term":[{"taxonomy":"product_brand","embeddable":true,"href":"https:\/\/www.valaz.es\/it\/wp-json\/wp\/v2\/product_brand?post=3493"},{"taxonomy":"product_cat","embeddable":true,"href":"https:\/\/www.valaz.es\/it\/wp-json\/wp\/v2\/product_cat?post=3493"},{"taxonomy":"product_tag","embeddable":true,"href":"https:\/\/www.valaz.es\/it\/wp-json\/wp\/v2\/product_tag?post=3493"},{"taxonomy":"serie","embeddable":true,"href":"https:\/\/www.valaz.es\/it\/wp-json\/wp\/v2\/serie?post=3493"},{"taxonomy":"manual-de-instalacion","embeddable":true,"href":"https:\/\/www.valaz.es\/it\/wp-json\/wp\/v2\/manual-de-instalacion?post=3493"},{"taxonomy":"color","embeddable":true,"href":"https:\/\/www.valaz.es\/it\/wp-json\/wp\/v2\/color?post=3493"}],"curies":[{"name":"wp","href":"https:\/\/api.w.org\/{rel}","templated":true}]}}