{"id":3491,"date":"2022-12-23T11:40:55","date_gmt":"2022-12-23T10:40:55","guid":{"rendered":"https:\/\/www.valaz.es\/?post_type=product&#038;p=3491"},"modified":"2025-07-14T16:55:09","modified_gmt":"2025-07-14T14:55:09","slug":"ducha-empotrada-monomando-redonda-con-pulsadores-a-pared-dorado-cepillado-serie-navia","status":"publish","type":"product","link":"https:\/\/www.valaz.es\/it\/prodotto\/ducha-empotrada-monomando-redonda-con-pulsadores-a-pared-dorado-cepillado-serie-navia\/","title":{"rendered":"Ducha empotrada monomando redonda con pulsadores a pared dorado cepillado &#8211; Serie Navia"},"content":{"rendered":"<p class=\"\" data-start=\"238\" data-end=\"589\">La ducha empotrada Serie Navia destaca por su sofisticado acabado dorado cepillado y su pr\u00e1ctico sistema de control por pulsadores. Su dise\u00f1o empotrado y redondeado se adapta a ba\u00f1os modernos y elegantes, ofreciendo una experiencia de ducha vers\u00e1til con funciones independientes para el rociador efecto lluvia y la alcachofa de mano.<\/p>\n<p class=\"\" data-start=\"591\" data-end=\"613\"><strong data-start=\"591\" data-end=\"611\">Especificaciones<\/strong><\/p>\n<ul data-start=\"614\" data-end=\"936\">\n<li class=\"\" data-start=\"614\" data-end=\"656\">\n<p class=\"\" data-start=\"616\" data-end=\"656\">Tipo de instalaci\u00f3n: empotrada a pared<\/p>\n<\/li>\n<li class=\"\" data-start=\"657\" data-end=\"686\">\n<p class=\"\" data-start=\"659\" data-end=\"686\">Acabado: dorado cepillado<\/p>\n<\/li>\n<li class=\"\" data-start=\"687\" data-end=\"719\">\n<p class=\"\" data-start=\"689\" data-end=\"719\">Cuerpo de la grifer\u00eda: lat\u00f3n<\/p>\n<\/li>\n<li class=\"\" data-start=\"720\" data-end=\"775\">\n<p class=\"\" data-start=\"722\" data-end=\"775\">Sistema de control: monomando 2 v\u00edas con pulsadores<\/p>\n<\/li>\n<li class=\"\" data-start=\"776\" data-end=\"806\">\n<p class=\"\" data-start=\"778\" data-end=\"806\">Rociador: acero inoxidable<\/p>\n<\/li>\n<li class=\"\" data-start=\"807\" data-end=\"833\">\n<p class=\"\" data-start=\"809\" data-end=\"833\">Alcachofa de mano: PVC<\/p>\n<\/li>\n<li class=\"\" data-start=\"834\" data-end=\"857\">\n<p class=\"\" data-start=\"836\" data-end=\"857\">Flexo: PVC (150 cm)<\/p>\n<\/li>\n<li class=\"\" data-start=\"858\" data-end=\"892\">\n<p class=\"\" data-start=\"860\" data-end=\"892\">Soporte para rociador incluido<\/p>\n<\/li>\n<li class=\"\" data-start=\"893\" data-end=\"936\">\n<p class=\"\" data-start=\"895\" data-end=\"936\">Soporte para alcachofa de mano incluido<\/p>\n<\/li>\n<li data-start=\"893\" data-end=\"936\">Incluye caja box empotrable<\/li>\n<\/ul>\n","protected":false},"excerpt":{"rendered":"<p>Serie Navia es con l\u00edneas redondas y destaca por tus pulsadores para seleccionar la salida del agua al ser una ducha de dos v\u00edas el agua puede salir por el rociador de arriba o\u00a0 la alcachofa de mano en acabados negro mate, cromado y dorado cepillado.<\/p>\n<p>&nbsp;<\/p>\n<p>La garant\u00eda de todos nuestros productos es de 3 a\u00f1os, para funcionamiento, duraci\u00f3n del esmaltado y anticorrosi\u00f3n.<\/p>\n<p>Recomendamos para un correcto mantenimiento de la grifer\u00eda y evitar el deterioro por el uso. Secar las gotas de agua con un pa\u00f1o suave despu\u00e9s del uso, evitando que se posen en la superficie y deterioran el acabado, no utilizar esponjas que puedan rayar la grifer\u00eda, utilizar limpiadores como vinagre limpieza, agua caliente y jab\u00f3n con ph neutro.<\/p>\n<p>&nbsp;<\/p>\n<p><strong>Nuestro departamento\u00a0t\u00e9cnico\u00a0dispone de\u00a0gu\u00edas\u00a0de todos los\u00a0modelos\u00a0empotrados\u00a0que vendemos<\/strong><strong>,\u00a0si tiene alguna duda con la\u00a0instalaci\u00f3n\u00a0contacte con nosotros mediante\u00a0tel\u00e9fono,\u00a0WhatsApp\u00a0o email dentro del horario laboral indicado en la web.<\/strong><\/p>\n<p><strong>Recuerden que una vez instalado el cuerpo\u00a0empotrado\u00a0de la\u00a0grifer\u00eda\u00a0revisar de su correcto funcionamiento de paso de agua, comprobaci\u00f3n de cartuchos y corte de agua, si detecta alguna\u00a0anomal\u00eda\u00a0informe a nuestro\u00a0departamento\u00a0para darle una\u00a0soluci\u00f3n, no\u00a0contin\u00fae\u00a0con la\u00a0instalaci\u00f3n\u00a0de cerramiento de la pared.<\/strong><\/p>\n<p>&nbsp;<\/p>\n","protected":false},"featured_media":3737,"template":"","meta":[],"product_brand":[],"product_cat":[57,47],"product_tag":[],"serie":[319],"manual-de-instalacion":[78],"color":[34],"class_list":{"0":"post-3491","1":"product","2":"type-product","3":"status-publish","4":"has-post-thumbnail","6":"product_cat-duchas-empotradas","7":"product_cat-duchas","8":"pa_tamano-rociador-20cm","9":"pa_tamano-rociador-25cm","10":"pa_tamano-rociador-30cm","11":"serie-navia","12":"manual-de-instalacion-guia-instalacion-duchas-empotradas-monomando","13":"color-dorado-cepillado","15":"first","16":"instock","17":"taxable","18":"shipping-taxable","19":"product-type-variable"},"_links":{"self":[{"href":"https:\/\/www.valaz.es\/it\/wp-json\/wp\/v2\/product\/3491","targetHints":{"allow":["GET"]}}],"collection":[{"href":"https:\/\/www.valaz.es\/it\/wp-json\/wp\/v2\/product"}],"about":[{"href":"https:\/\/www.valaz.es\/it\/wp-json\/wp\/v2\/types\/product"}],"wp:featuredmedia":[{"embeddable":true,"href":"https:\/\/www.valaz.es\/it\/wp-json\/wp\/v2\/media\/3737"}],"wp:attachment":[{"href":"https:\/\/www.valaz.es\/it\/wp-json\/wp\/v2\/media?parent=3491"}],"wp:term":[{"taxonomy":"product_brand","embeddable":true,"href":"https:\/\/www.valaz.es\/it\/wp-json\/wp\/v2\/product_brand?post=3491"},{"taxonomy":"product_cat","embeddable":true,"href":"https:\/\/www.valaz.es\/it\/wp-json\/wp\/v2\/product_cat?post=3491"},{"taxonomy":"product_tag","embeddable":true,"href":"https:\/\/www.valaz.es\/it\/wp-json\/wp\/v2\/product_tag?post=3491"},{"taxonomy":"serie","embeddable":true,"href":"https:\/\/www.valaz.es\/it\/wp-json\/wp\/v2\/serie?post=3491"},{"taxonomy":"manual-de-instalacion","embeddable":true,"href":"https:\/\/www.valaz.es\/it\/wp-json\/wp\/v2\/manual-de-instalacion?post=3491"},{"taxonomy":"color","embeddable":true,"href":"https:\/\/www.valaz.es\/it\/wp-json\/wp\/v2\/color?post=3491"}],"curies":[{"name":"wp","href":"https:\/\/api.w.org\/{rel}","templated":true}]}}