{"id":3415,"date":"2022-12-22T15:46:09","date_gmt":"2022-12-22T14:46:09","guid":{"rendered":"https:\/\/www.valaz.es\/?post_type=product&#038;p=3415"},"modified":"2025-06-27T12:09:13","modified_gmt":"2025-06-27T10:09:13","slug":"ducha-empotrada-monomando-redonda-con-pulsadores-a-techo-negro-mate-cromada-serie-navia","status":"publish","type":"product","link":"https:\/\/www.valaz.es\/it\/prodotto\/ducha-empotrada-monomando-redonda-con-pulsadores-a-techo-negro-mate-cromada-serie-navia\/","title":{"rendered":"Ducha empotrada monomando redonda con pulsadores a techo negro mate &#8211; Serie Navia"},"content":{"rendered":"<p class=\"\" data-start=\"226\" data-end=\"550\">La ducha empotrada Serie Navia destaca por su est\u00e9tica moderna en acabado negro mate y su sistema de pulsadores que facilita el uso diario. El dise\u00f1o a techo con rociador efecto lluvia y alcachofa de mano ofrece una experiencia de ducha envolvente y funcional, perfecta para ba\u00f1os minimalistas y elegantes.<\/p>\n<p class=\"\" data-start=\"552\" data-end=\"574\"><strong data-start=\"552\" data-end=\"572\">Especificaciones<\/strong><\/p>\n<ul data-start=\"575\" data-end=\"904\">\n<li class=\"\" data-start=\"575\" data-end=\"617\">\n<p class=\"\" data-start=\"577\" data-end=\"617\">Tipo de instalaci\u00f3n: empotrada a techo<\/p>\n<\/li>\n<li class=\"\" data-start=\"618\" data-end=\"641\">\n<p class=\"\" data-start=\"620\" data-end=\"641\">Acabado: negro mate<\/p>\n<\/li>\n<li class=\"\" data-start=\"642\" data-end=\"674\">\n<p class=\"\" data-start=\"644\" data-end=\"674\">Cuerpo de la grifer\u00eda: lat\u00f3n<\/p>\n<\/li>\n<li class=\"\" data-start=\"675\" data-end=\"730\">\n<p class=\"\" data-start=\"677\" data-end=\"730\">Sistema de control: monomando 2 v\u00edas con pulsadores<\/p>\n<\/li>\n<li class=\"\" data-start=\"731\" data-end=\"761\">\n<p class=\"\" data-start=\"733\" data-end=\"761\">Rociador: acero inoxidable<\/p>\n<\/li>\n<li class=\"\" data-start=\"762\" data-end=\"788\">\n<p class=\"\" data-start=\"764\" data-end=\"788\">Alcachofa de mano: PVC<\/p>\n<\/li>\n<li class=\"\" data-start=\"789\" data-end=\"825\">\n<p class=\"\" data-start=\"791\" data-end=\"825\">Flexo: PVC (150 cm)<\/p>\n<\/li>\n<li class=\"\" data-start=\"826\" data-end=\"860\">\n<p class=\"\" data-start=\"828\" data-end=\"860\">Soporte para rociador incluido<\/p>\n<\/li>\n<li class=\"\" data-start=\"861\" data-end=\"904\">\n<p class=\"\" data-start=\"863\" data-end=\"904\">Soporte para alcachofa de mano incluido<\/p>\n<\/li>\n<li data-start=\"861\" data-end=\"904\">Incluye caja box empotrable<\/li>\n<\/ul>\n","protected":false},"excerpt":{"rendered":"<p>Serie Navia es con l\u00edneas redondas y destaca por tus pulsadores para seleccionar la salida del agua al ser una ducha de dos v\u00edas el agua puede salir por el rociador de arriba o\u00a0 la alcachofa de mano en acabados negro mate, cromado y dorado cepillado.<\/p>\n<p>&nbsp;<\/p>\n<p>La garant\u00eda de todos nuestros productos es de 3 a\u00f1os, para funcionamiento, duraci\u00f3n del esmaltado y anticorrosi\u00f3n.<\/p>\n<p>Recomendamos para un correcto mantenimiento de la grifer\u00eda y evitar el deterioro por el uso. Secar las gotas de agua con un pa\u00f1o suave despu\u00e9s del uso, evitando que se posen en la superficie y deterioran el acabado, no utilizar esponjas que puedan rayar la grifer\u00eda, utilizar limpiadores como vinagre limpieza, agua caliente y jab\u00f3n con ph neutro.<\/p>\n<p>&nbsp;<\/p>\n<p><strong>Nuestro departamento\u00a0t\u00e9cnico\u00a0dispone de\u00a0gu\u00edas\u00a0de todos los\u00a0modelos\u00a0empotrados\u00a0que vendemos<\/strong><strong>,\u00a0si tiene alguna duda con la\u00a0instalaci\u00f3n\u00a0contacte con nosotros mediante\u00a0tel\u00e9fono,\u00a0WhatsApp\u00a0o email dentro del horario laboral indicado en la web.<\/strong><\/p>\n<p><strong>Recuerden que una vez instalado el cuerpo\u00a0empotrado\u00a0de la\u00a0grifer\u00eda\u00a0revisar de su correcto funcionamiento de paso de agua, comprobaci\u00f3n de cartuchos y corte de agua, si detecta alguna\u00a0anomal\u00eda\u00a0informe a nuestro\u00a0departamento\u00a0para darle una\u00a0soluci\u00f3n, no\u00a0contin\u00fae\u00a0con la\u00a0instalaci\u00f3n\u00a0de cerramiento de la pared.<\/strong><\/p>\n<p>&nbsp;<\/p>\n","protected":false},"featured_media":6105,"template":"","meta":[],"product_brand":[],"product_cat":[57,47],"product_tag":[],"serie":[319],"manual-de-instalacion":[78],"color":[27],"class_list":{"0":"post-3415","1":"product","2":"type-product","3":"status-publish","4":"has-post-thumbnail","6":"product_cat-duchas-empotradas","7":"product_cat-duchas","8":"pa_tamano-rociador-20cm","9":"pa_tamano-rociador-25cm","10":"pa_tamano-rociador-30cm","11":"serie-navia","12":"manual-de-instalacion-guia-instalacion-duchas-empotradas-monomando","13":"color-negro-mate","15":"first","16":"instock","17":"taxable","18":"shipping-taxable","19":"product-type-variable"},"_links":{"self":[{"href":"https:\/\/www.valaz.es\/it\/wp-json\/wp\/v2\/product\/3415","targetHints":{"allow":["GET"]}}],"collection":[{"href":"https:\/\/www.valaz.es\/it\/wp-json\/wp\/v2\/product"}],"about":[{"href":"https:\/\/www.valaz.es\/it\/wp-json\/wp\/v2\/types\/product"}],"wp:featuredmedia":[{"embeddable":true,"href":"https:\/\/www.valaz.es\/it\/wp-json\/wp\/v2\/media\/6105"}],"wp:attachment":[{"href":"https:\/\/www.valaz.es\/it\/wp-json\/wp\/v2\/media?parent=3415"}],"wp:term":[{"taxonomy":"product_brand","embeddable":true,"href":"https:\/\/www.valaz.es\/it\/wp-json\/wp\/v2\/product_brand?post=3415"},{"taxonomy":"product_cat","embeddable":true,"href":"https:\/\/www.valaz.es\/it\/wp-json\/wp\/v2\/product_cat?post=3415"},{"taxonomy":"product_tag","embeddable":true,"href":"https:\/\/www.valaz.es\/it\/wp-json\/wp\/v2\/product_tag?post=3415"},{"taxonomy":"serie","embeddable":true,"href":"https:\/\/www.valaz.es\/it\/wp-json\/wp\/v2\/serie?post=3415"},{"taxonomy":"manual-de-instalacion","embeddable":true,"href":"https:\/\/www.valaz.es\/it\/wp-json\/wp\/v2\/manual-de-instalacion?post=3415"},{"taxonomy":"color","embeddable":true,"href":"https:\/\/www.valaz.es\/it\/wp-json\/wp\/v2\/color?post=3415"}],"curies":[{"name":"wp","href":"https:\/\/api.w.org\/{rel}","templated":true}]}}