{"id":341,"date":"2022-11-08T16:11:24","date_gmt":"2022-11-08T15:11:24","guid":{"rendered":"https:\/\/www.valaz.es\/?post_type=product&#038;p=341"},"modified":"2026-02-19T11:40:15","modified_gmt":"2026-02-19T10:40:15","slug":"grifo-bidet-monomando-cuadrado-negro-mate-serie-segura","status":"publish","type":"product","link":"https:\/\/www.valaz.es\/it\/prodotto\/grifo-bidet-monomando-cuadrado-negro-mate-serie-segura\/","title":{"rendered":"Grifo bidet monomando cuadrado negro mate &#8211; Serie Segura"},"content":{"rendered":"<p class=\"\" data-start=\"190\" data-end=\"495\">El grifo de bidet monomando cuadrado negro mate de la Serie Segura combina funcionalidad y un dise\u00f1o vanguardista. Su acabado negro mate y l\u00edneas cuadradas aportan un toque moderno y sofisticado al ba\u00f1o, haciendo de este grifo una pieza esencial para quienes buscan estilo y rendimiento.<\/p>\n<p class=\"\" data-start=\"497\" data-end=\"519\"><strong data-start=\"497\" data-end=\"517\">Especificaciones<\/strong><\/p>\n<ul data-start=\"520\" data-end=\"843\">\n<li class=\"\" data-start=\"520\" data-end=\"575\">\n<p class=\"\" data-start=\"522\" data-end=\"575\"><strong data-start=\"522\" data-end=\"543\">Tipo de grifer\u00eda:<\/strong> Monomando cuadrado para bidet<\/p>\n<\/li>\n<li class=\"\" data-start=\"576\" data-end=\"626\">\n<p class=\"\" data-start=\"578\" data-end=\"626\"><strong data-start=\"578\" data-end=\"602\">Material del cuerpo:<\/strong> Lat\u00f3n de alta calidad<\/p>\n<\/li>\n<li class=\"\" data-start=\"627\" data-end=\"704\">\n<p class=\"\" data-start=\"629\" data-end=\"704\"><strong data-start=\"629\" data-end=\"642\">Cartucho:<\/strong> Cer\u00e1mico de 35 mm para un control preciso del flujo de agua<\/p>\n<\/li>\n<li class=\"\" data-start=\"705\" data-end=\"776\">\n<p class=\"\" data-start=\"707\" data-end=\"776\"><strong data-start=\"707\" data-end=\"722\">Conexiones:<\/strong> Latiguillos 3\/8, garantizando una f\u00e1cil instalaci\u00f3n<\/p>\n<\/li>\n<li class=\"\" data-start=\"777\" data-end=\"843\">\n<p class=\"\" data-start=\"779\" data-end=\"843\"><strong data-start=\"779\" data-end=\"791\">Acabado:<\/strong> Negro mate, ideal para ambientes de ba\u00f1o modernos<\/p>\n<\/li>\n<\/ul>\n","protected":false},"excerpt":{"rendered":"<p>Serie segura es adecuada para aquellos que buscan una grifer\u00eda m\u00e1s cl\u00e1sica con sus l\u00edneas rectas y cuadradas.\u00a0 Actualmente disponemos de tres acabados cromado, negro mate y dorado cepillado con su amplia gama de grifo de lavabo, grifo para pica, grifo de bid\u00e9 , barra de ducha y barra de ba\u00f1era. Todos nuestros productos llevan los flexos de instalaci\u00f3n.<\/p>\n<p>La garant\u00eda de todos nuestros productos es de 3 a\u00f1os, para funcionamiento, duraci\u00f3n del esmaltado y anticorrosi\u00f3n.<\/p>\n<p>Recomendamos para un correcto mantenimiento de la grifer\u00eda y evitar el deterioro por el uso. Secar las gotas de agua con un pa\u00f1o suave despu\u00e9s del uso, evitando que se posen en la superficie y deterioran el acabado, no utilizar esponjas que puedan rayar la grifer\u00eda, utilizar limpiadores como vinagre limpieza, agua caliente y jab\u00f3n con ph neutro.<\/p>\n<p><strong>Nuestro departamento\u00a0t\u00e9cnico\u00a0dispone de\u00a0gu\u00edas\u00a0de todos los\u00a0modelos\u00a0empotrados\u00a0que vendemos<\/strong><strong>,\u00a0si tiene alguna duda con la\u00a0instalaci\u00f3n\u00a0contacte con nosotros mediante\u00a0tel\u00e9fono,\u00a0WhatsApp\u00a0o email dentro del horario laboral indicado en la web.<\/strong><\/p>\n<p><strong>Recuerden que una vez instalado el cuerpo\u00a0empotrado\u00a0de la\u00a0grifer\u00eda\u00a0revisar de su correcto funcionamiento de paso de agua, comprobaci\u00f3n de cartuchos y corte de agua, si detecta alguna\u00a0anomal\u00eda\u00a0informe a nuestro\u00a0departamento\u00a0para darle una\u00a0soluci\u00f3n, no\u00a0contin\u00fae\u00a0con la\u00a0instalaci\u00f3n\u00a0de cerramiento de la pared.<\/strong><\/p>\n","protected":false},"featured_media":342,"template":"","meta":[],"product_brand":[],"product_cat":[54],"product_tag":[],"serie":[32],"manual-de-instalacion":[83],"color":[27],"class_list":{"0":"post-341","1":"product","2":"type-product","3":"status-publish","4":"has-post-thumbnail","6":"product_cat-grifos-de-bidet","7":"serie-segura","8":"manual-de-instalacion-guia-instalacion-grifo-superficie","9":"color-negro-mate","11":"first","12":"instock","13":"taxable","14":"shipping-taxable","15":"product-type-simple"},"_links":{"self":[{"href":"https:\/\/www.valaz.es\/it\/wp-json\/wp\/v2\/product\/341","targetHints":{"allow":["GET"]}}],"collection":[{"href":"https:\/\/www.valaz.es\/it\/wp-json\/wp\/v2\/product"}],"about":[{"href":"https:\/\/www.valaz.es\/it\/wp-json\/wp\/v2\/types\/product"}],"wp:featuredmedia":[{"embeddable":true,"href":"https:\/\/www.valaz.es\/it\/wp-json\/wp\/v2\/media\/342"}],"wp:attachment":[{"href":"https:\/\/www.valaz.es\/it\/wp-json\/wp\/v2\/media?parent=341"}],"wp:term":[{"taxonomy":"product_brand","embeddable":true,"href":"https:\/\/www.valaz.es\/it\/wp-json\/wp\/v2\/product_brand?post=341"},{"taxonomy":"product_cat","embeddable":true,"href":"https:\/\/www.valaz.es\/it\/wp-json\/wp\/v2\/product_cat?post=341"},{"taxonomy":"product_tag","embeddable":true,"href":"https:\/\/www.valaz.es\/it\/wp-json\/wp\/v2\/product_tag?post=341"},{"taxonomy":"serie","embeddable":true,"href":"https:\/\/www.valaz.es\/it\/wp-json\/wp\/v2\/serie?post=341"},{"taxonomy":"manual-de-instalacion","embeddable":true,"href":"https:\/\/www.valaz.es\/it\/wp-json\/wp\/v2\/manual-de-instalacion?post=341"},{"taxonomy":"color","embeddable":true,"href":"https:\/\/www.valaz.es\/it\/wp-json\/wp\/v2\/color?post=341"}],"curies":[{"name":"wp","href":"https:\/\/api.w.org\/{rel}","templated":true}]}}