{"id":3406,"date":"2022-12-22T15:26:21","date_gmt":"2022-12-22T14:26:21","guid":{"rendered":"https:\/\/www.valaz.es\/?post_type=product&#038;p=3406"},"modified":"2026-01-15T10:43:08","modified_gmt":"2026-01-15T09:43:08","slug":"ducha-empotrada-monomando-redonda-con-embellecedor-rectangular-negro-mate-serie-sil","status":"publish","type":"product","link":"https:\/\/www.valaz.es\/it\/prodotto\/ducha-empotrada-monomando-redonda-con-embellecedor-rectangular-negro-mate-serie-sil\/","title":{"rendered":"Ducha empotrada monomando redonda con embellecedor rectangular negro mate &#8211; Serie Sil"},"content":{"rendered":"<p class=\"\" data-start=\"234\" data-end=\"630\">Una soluci\u00f3n elegante y funcional para ba\u00f1os contempor\u00e1neos. Esta ducha empotrada de la Serie Sil combina un dise\u00f1o redondo con embellecedor rectangular para un acabado sobrio y distintivo. El acabado negro mate aporta personalidad y se adapta a estilos minimalistas o industriales, mientras que el sistema monomando de 2 v\u00edas permite una experiencia de ducha c\u00f3moda y pr\u00e1ctica.<\/p>\n<p class=\"\" data-start=\"632\" data-end=\"654\"><strong data-start=\"632\" data-end=\"652\">Especificaciones<\/strong><\/p>\n<ul data-start=\"655\" data-end=\"946\">\n<li class=\"\" data-start=\"655\" data-end=\"703\">\n<p class=\"\" data-start=\"657\" data-end=\"703\">Tipo de grifer\u00eda: empotrada monomando 2 v\u00edas<\/p>\n<\/li>\n<li class=\"\" data-start=\"704\" data-end=\"752\">\n<p class=\"\" data-start=\"706\" data-end=\"752\">Dise\u00f1o: roseta rectangular con mando redondo<\/p>\n<\/li>\n<li class=\"\" data-start=\"753\" data-end=\"776\">\n<p class=\"\" data-start=\"755\" data-end=\"776\">Acabado: negro mate<\/p>\n<\/li>\n<li class=\"\" data-start=\"777\" data-end=\"807\">\n<p class=\"\" data-start=\"779\" data-end=\"807\">Material del cuerpo: lat\u00f3n<\/p>\n<\/li>\n<li class=\"\" data-start=\"808\" data-end=\"838\">\n<p class=\"\" data-start=\"810\" data-end=\"838\">Rociador: acero inoxidable<\/p>\n<\/li>\n<li class=\"\" data-start=\"839\" data-end=\"865\">\n<p class=\"\" data-start=\"841\" data-end=\"865\">Alcachofa de mano: PVC<\/p>\n<\/li>\n<li class=\"\" data-start=\"866\" data-end=\"893\">\n<p class=\"\" data-start=\"868\" data-end=\"893\">Flexo: PVC<\/p>\n<\/li>\n<li class=\"\" data-start=\"866\" data-end=\"893\">\n<p class=\"\" data-start=\"868\" data-end=\"893\">Funciones: rociador superior y alcachofa de mano<\/p>\n<\/li>\n<li data-start=\"866\" data-end=\"893\">Incluye caja box empotrable<\/li>\n<\/ul>\n","protected":false},"excerpt":{"rendered":"<p>Serie Sil con acabados rectangulares y redondos, actualmente disponemos del conjunto de ducha empotrada con rociador redondo tanto a pared como a techo y a juego su grifo de lavabo empotrados. Con acabados en cromado, dorado cepillado y negro mate.<\/p>\n<p>&nbsp;<\/p>\n<p>La garant\u00eda de todos nuestros productos es de 3 a\u00f1os, para funcionamiento, duraci\u00f3n del esmaltado y anticorrosi\u00f3n.<\/p>\n<p>Recomendamos para un correcto mantenimiento de la grifer\u00eda y evitar el deterioro por el uso. Secar las gotas de agua con un pa\u00f1o suave despu\u00e9s del uso, evitando que se posen en la superficie y deterioran el acabado, no utilizar esponjas que puedan rayar la grifer\u00eda, utilizar limpiadores como vinagre limpieza, agua caliente y jab\u00f3n con ph neutro.<\/p>\n<p>&nbsp;<\/p>\n<p><strong>Nuestro departamento\u00a0t\u00e9cnico\u00a0dispone de\u00a0gu\u00edas\u00a0de todos los\u00a0modelos\u00a0empotrados\u00a0que vendemos<\/strong><strong>,\u00a0si tiene alguna duda con la\u00a0instalaci\u00f3n\u00a0contacte con nosotros mediante\u00a0tel\u00e9fono,\u00a0WhatsApp\u00a0o email dentro del horario laboral indicado en la web.<\/strong><\/p>\n<p><strong>Recuerden que una vez instalado el cuerpo\u00a0empotrado\u00a0de la\u00a0grifer\u00eda\u00a0revisar de su correcto funcionamiento de paso de agua, comprobaci\u00f3n de cartuchos y corte de agua, si detecta alguna\u00a0anomal\u00eda\u00a0informe a nuestro\u00a0departamento\u00a0para darle una\u00a0soluci\u00f3n, no\u00a0contin\u00fae\u00a0con la\u00a0instalaci\u00f3n\u00a0de cerramiento de la pared.<\/strong><\/p>\n","protected":false},"featured_media":6126,"template":"","meta":[],"product_brand":[],"product_cat":[57,47],"product_tag":[],"serie":[318],"manual-de-instalacion":[85],"color":[27],"class_list":{"0":"post-3406","1":"product","2":"type-product","3":"status-publish","4":"has-post-thumbnail","6":"product_cat-duchas-empotradas","7":"product_cat-duchas","8":"pa_tamano-rociador-20cm","9":"pa_tamano-rociador-25cm","10":"pa_tamano-rociador-30cm","11":"serie-sil","12":"manual-de-instalacion-guia-instalacion-mino","13":"color-negro-mate","15":"first","16":"instock","17":"taxable","18":"shipping-taxable","19":"product-type-variable"},"_links":{"self":[{"href":"https:\/\/www.valaz.es\/it\/wp-json\/wp\/v2\/product\/3406","targetHints":{"allow":["GET"]}}],"collection":[{"href":"https:\/\/www.valaz.es\/it\/wp-json\/wp\/v2\/product"}],"about":[{"href":"https:\/\/www.valaz.es\/it\/wp-json\/wp\/v2\/types\/product"}],"wp:featuredmedia":[{"embeddable":true,"href":"https:\/\/www.valaz.es\/it\/wp-json\/wp\/v2\/media\/6126"}],"wp:attachment":[{"href":"https:\/\/www.valaz.es\/it\/wp-json\/wp\/v2\/media?parent=3406"}],"wp:term":[{"taxonomy":"product_brand","embeddable":true,"href":"https:\/\/www.valaz.es\/it\/wp-json\/wp\/v2\/product_brand?post=3406"},{"taxonomy":"product_cat","embeddable":true,"href":"https:\/\/www.valaz.es\/it\/wp-json\/wp\/v2\/product_cat?post=3406"},{"taxonomy":"product_tag","embeddable":true,"href":"https:\/\/www.valaz.es\/it\/wp-json\/wp\/v2\/product_tag?post=3406"},{"taxonomy":"serie","embeddable":true,"href":"https:\/\/www.valaz.es\/it\/wp-json\/wp\/v2\/serie?post=3406"},{"taxonomy":"manual-de-instalacion","embeddable":true,"href":"https:\/\/www.valaz.es\/it\/wp-json\/wp\/v2\/manual-de-instalacion?post=3406"},{"taxonomy":"color","embeddable":true,"href":"https:\/\/www.valaz.es\/it\/wp-json\/wp\/v2\/color?post=3406"}],"curies":[{"name":"wp","href":"https:\/\/api.w.org\/{rel}","templated":true}]}}