{"id":339,"date":"2022-11-08T17:33:24","date_gmt":"2022-11-08T16:33:24","guid":{"rendered":"https:\/\/www.valaz.es\/?post_type=product&#038;p=339"},"modified":"2026-04-24T13:13:00","modified_gmt":"2026-04-24T11:13:00","slug":"barra-de-ducha-monomando-cuadrada-ajustable-hasta-120cm-cromada-serie-segura","status":"publish","type":"product","link":"https:\/\/www.valaz.es\/it\/prodotto\/barra-de-ducha-monomando-cuadrada-ajustable-hasta-120cm-cromada-serie-segura\/","title":{"rendered":"Barra de ducha monomando cuadrada ajustable hasta 120CM cromada &#8211; Serie Segura"},"content":{"rendered":"<p class=\"\" data-start=\"163\" data-end=\"468\">La barra de ducha termost\u00e1tica cuadrada cromada de la Serie Segura combina un dise\u00f1o elegante con la funcionalidad de un control preciso de la temperatura. Su acabado cromado y los materiales de alta calidad la convierten en una opci\u00f3n ideal para quienes buscan un ba\u00f1o moderno y seguro.<\/p>\n<p class=\"\" data-start=\"470\" data-end=\"492\"><strong data-start=\"470\" data-end=\"490\">Especificaciones<\/strong><\/p>\n<ul data-start=\"493\" data-end=\"905\">\n<li class=\"\" data-start=\"493\" data-end=\"555\">\n<p class=\"\" data-start=\"495\" data-end=\"555\"><strong data-start=\"495\" data-end=\"516\">Tipo de grifer\u00eda:<\/strong> Barra de ducha termost\u00e1tica cuadrada<\/p>\n<\/li>\n<li class=\"\" data-start=\"556\" data-end=\"617\">\n<p class=\"\" data-start=\"558\" data-end=\"617\"><strong data-start=\"558\" data-end=\"571\">Rociador:<\/strong> Disponible en tama\u00f1os de 20, 25, 30 y 40 cm<\/p>\n<\/li>\n<li class=\"\" data-start=\"618\" data-end=\"661\">\n<p class=\"\" data-start=\"620\" data-end=\"661\"><strong data-start=\"620\" data-end=\"641\">Barra extensible:<\/strong> De 80 cm a 120 cm<\/p>\n<\/li>\n<li class=\"\" data-start=\"662\" data-end=\"738\">\n<p class=\"\" data-start=\"664\" data-end=\"738\"><strong data-start=\"664\" data-end=\"690\">Cuerpo de la grifer\u00eda:<\/strong> Lat\u00f3n con cartucho cer\u00e1mico y maneta cuadrada<\/p>\n<\/li>\n<li class=\"\" data-start=\"739\" data-end=\"880\">\n<p class=\"\" data-start=\"741\" data-end=\"758\"><strong data-start=\"741\" data-end=\"756\">Materiales:<\/strong><\/p>\n<ul data-start=\"761\" data-end=\"880\">\n<li class=\"\" data-start=\"761\" data-end=\"789\">\n<p class=\"\" data-start=\"763\" data-end=\"789\">Rociador de acero SUS304<\/p>\n<\/li>\n<li class=\"\" data-start=\"792\" data-end=\"817\">\n<p class=\"\" data-start=\"794\" data-end=\"817\">Barra de acero SUS201<\/p>\n<\/li>\n<li class=\"\" data-start=\"820\" data-end=\"849\">\n<p class=\"\" data-start=\"822\" data-end=\"849\">Flexo de acero inoxidable<\/p>\n<\/li>\n<li class=\"\" data-start=\"852\" data-end=\"880\">\n<p class=\"\" data-start=\"854\" data-end=\"880\">Alcachofa de mano de ABS<\/p>\n<\/li>\n<\/ul>\n<\/li>\n<li class=\"\" data-start=\"881\" data-end=\"905\">\n<p class=\"\" data-start=\"883\" data-end=\"905\"><strong data-start=\"883\" data-end=\"895\">Acabado:<\/strong> Cromado<\/p>\n<\/li>\n<li><strong>Instalaci\u00f3n:<\/strong> Distancia est\u00e1ndar de 15 cm entre tomas<\/li>\n<\/ul>\n","protected":false},"excerpt":{"rendered":"<p>Serie segura es adecuada para aquellos que buscan una grifer\u00eda m\u00e1s cl\u00e1sica con sus l\u00edneas rectas y cuadradas.\u00a0 Actualmente disponemos de tres acabados cromado, negro mate y dorado cepillado con su amplia gama de grifo de lavabo, grifo para pica, grifo de bid\u00e9 , barra de ducha y barra de ba\u00f1era. Todos nuestros productos llevan los flexos de instalaci\u00f3n.<\/p>\n<p>La garant\u00eda de todos nuestros productos es de 3 a\u00f1os, para funcionamiento, duraci\u00f3n del esmaltado y anticorrosi\u00f3n.<\/p>\n<p>Recomendamos para un correcto mantenimiento de la grifer\u00eda y evitar el deterioro por el uso. Secar las gotas de agua con un pa\u00f1o suave despu\u00e9s del uso, evitando que se posen en la superficie y deterioran el acabado, no utilizar esponjas que puedan rayar la grifer\u00eda, utilizar limpiadores como vinagre limpieza, agua caliente y jab\u00f3n con ph neutro.<\/p>\n<p><strong>Nuestro departamento\u00a0t\u00e9cnico\u00a0dispone de\u00a0gu\u00edas\u00a0de todos los\u00a0modelos\u00a0empotrados\u00a0que vendemos<\/strong><strong>,\u00a0si tiene alguna duda con la\u00a0instalaci\u00f3n\u00a0contacte con nosotros mediante\u00a0tel\u00e9fono,\u00a0WhatsApp\u00a0o email dentro del horario laboral indicado en la web.<\/strong><\/p>\n<p><strong>Recuerden que una vez instalado el cuerpo\u00a0empotrado\u00a0de la\u00a0grifer\u00eda\u00a0revisar de su correcto funcionamiento de paso de agua, comprobaci\u00f3n de cartuchos y corte de agua, si detecta alguna\u00a0anomal\u00eda\u00a0informe a nuestro\u00a0departamento\u00a0para darle una\u00a0soluci\u00f3n, no\u00a0contin\u00fae\u00a0con la\u00a0instalaci\u00f3n\u00a0de cerramiento de la pared.<\/strong><\/p>\n","protected":false},"featured_media":9528,"template":"","meta":[],"product_brand":[],"product_cat":[55,47],"product_tag":[],"serie":[32],"manual-de-instalacion":[],"color":[26],"class_list":{"0":"post-339","1":"product","2":"type-product","3":"status-publish","4":"has-post-thumbnail","6":"product_cat-barras-de-ducha","7":"product_cat-duchas","8":"pa_tamano-rociador-20cm","9":"pa_tamano-rociador-25cm","10":"pa_tamano-rociador-30cm","11":"pa_tamano-rociador-40cm","12":"serie-segura","13":"color-cromo","15":"first","16":"instock","17":"taxable","18":"shipping-taxable","19":"product-type-variable"},"_links":{"self":[{"href":"https:\/\/www.valaz.es\/it\/wp-json\/wp\/v2\/product\/339","targetHints":{"allow":["GET"]}}],"collection":[{"href":"https:\/\/www.valaz.es\/it\/wp-json\/wp\/v2\/product"}],"about":[{"href":"https:\/\/www.valaz.es\/it\/wp-json\/wp\/v2\/types\/product"}],"wp:featuredmedia":[{"embeddable":true,"href":"https:\/\/www.valaz.es\/it\/wp-json\/wp\/v2\/media\/9528"}],"wp:attachment":[{"href":"https:\/\/www.valaz.es\/it\/wp-json\/wp\/v2\/media?parent=339"}],"wp:term":[{"taxonomy":"product_brand","embeddable":true,"href":"https:\/\/www.valaz.es\/it\/wp-json\/wp\/v2\/product_brand?post=339"},{"taxonomy":"product_cat","embeddable":true,"href":"https:\/\/www.valaz.es\/it\/wp-json\/wp\/v2\/product_cat?post=339"},{"taxonomy":"product_tag","embeddable":true,"href":"https:\/\/www.valaz.es\/it\/wp-json\/wp\/v2\/product_tag?post=339"},{"taxonomy":"serie","embeddable":true,"href":"https:\/\/www.valaz.es\/it\/wp-json\/wp\/v2\/serie?post=339"},{"taxonomy":"manual-de-instalacion","embeddable":true,"href":"https:\/\/www.valaz.es\/it\/wp-json\/wp\/v2\/manual-de-instalacion?post=339"},{"taxonomy":"color","embeddable":true,"href":"https:\/\/www.valaz.es\/it\/wp-json\/wp\/v2\/color?post=339"}],"curies":[{"name":"wp","href":"https:\/\/api.w.org\/{rel}","templated":true}]}}