{"id":3353,"date":"2022-12-22T13:29:49","date_gmt":"2022-12-22T12:29:49","guid":{"rendered":"https:\/\/www.valaz.es\/?post_type=product&#038;p=3353"},"modified":"2025-06-27T12:33:53","modified_gmt":"2025-06-27T10:33:53","slug":"ducha-empotrada-monomando-a-pared-ovalada-cuadrada-a-pared-negro-mate-serie-esla","status":"publish","type":"product","link":"https:\/\/www.valaz.es\/it\/prodotto\/ducha-empotrada-monomando-a-pared-ovalada-cuadrada-a-pared-negro-mate-serie-esla\/","title":{"rendered":"Ducha empotrada monomando ovalada\/cuadrada a pared negro mate &#8211; Serie Esla"},"content":{"rendered":"<p class=\"\" data-start=\"212\" data-end=\"715\">La ducha empotrada de la Serie Esla en acabado negro mate aporta un toque moderno y elegante a tu ba\u00f1o. Esta ducha ofrece un dise\u00f1o vers\u00e1til y funcional, con un rociador disponible en tres tama\u00f1os (20\u00d720, 25\u00d725 y 30\u00d730), y un monomando de 2 v\u00edas para controlar el rociador efecto lluvia y la alcachofa de mano. El acabado negro mate no solo es est\u00e9ticamente atractivo, sino tambi\u00e9n resistente y f\u00e1cil de mantener, lo que la convierte en una opci\u00f3n ideal para cualquier espacio de ba\u00f1o.<\/p>\n<p class=\"\" data-start=\"717\" data-end=\"739\"><strong data-start=\"717\" data-end=\"737\">Especificaciones<\/strong><\/p>\n<ul data-start=\"740\" data-end=\"1078\">\n<li class=\"\" data-start=\"740\" data-end=\"781\">\n<p class=\"\" data-start=\"742\" data-end=\"781\">Tipo de grifer\u00eda: empotrada monomando<\/p>\n<\/li>\n<li class=\"\" data-start=\"782\" data-end=\"810\">\n<p class=\"\" data-start=\"784\" data-end=\"810\">Dise\u00f1o: ovalada\/cuadrada<\/p>\n<\/li>\n<li class=\"\" data-start=\"811\" data-end=\"834\">\n<p class=\"\" data-start=\"813\" data-end=\"834\">Acabado: negro mate<\/p>\n<\/li>\n<li class=\"\" data-start=\"835\" data-end=\"894\">\n<p class=\"\" data-start=\"837\" data-end=\"894\">Tama\u00f1o del rociador: disponible en 20\u00d720, 25\u00d725 y 30\u00d730<\/p>\n<\/li>\n<li>Incluye caja box empotrable<\/li>\n<li class=\"\" data-start=\"895\" data-end=\"1020\">\n<p class=\"\" data-start=\"897\" data-end=\"910\">Materiales:<\/p>\n<ul data-start=\"913\" data-end=\"1020\">\n<li class=\"\" data-start=\"913\" data-end=\"945\">\n<p class=\"\" data-start=\"915\" data-end=\"945\">Rociador de acero inoxidable<\/p>\n<\/li>\n<li class=\"\" data-start=\"948\" data-end=\"970\">\n<p class=\"\" data-start=\"950\" data-end=\"970\">Monomando de lat\u00f3n<\/p>\n<\/li>\n<li class=\"\" data-start=\"973\" data-end=\"1001\">\n<p class=\"\" data-start=\"975\" data-end=\"1001\">Alcachofa de mano de lat\u00f3n<\/p>\n<\/li>\n<li class=\"\" data-start=\"1004\" data-end=\"1020\">\n<p class=\"\" data-start=\"1006\" data-end=\"1020\">Flexo de PVC<\/p>\n<\/li>\n<\/ul>\n<\/li>\n<li class=\"\" data-start=\"1021\" data-end=\"1078\">\n<p class=\"\" data-start=\"1023\" data-end=\"1078\">Funciones: rociador efecto lluvia y alcachofa de mano<\/p>\n<\/li>\n<\/ul>\n","protected":false},"excerpt":{"rendered":"<p>&nbsp;<\/p>\n<p>La serie Esla destaca por su acabado cuadrado con l\u00edneas ovaladas es cl\u00e1sica, sus acabados son dorado cepillado, cromado y negro mate. Disponemos de ducha empotrada monomando a techo o pared y a juego con su grifo de lavabo monomando empotrado<\/p>\n<p>&nbsp;<\/p>\n<p>La garant\u00eda de todos nuestros productos es de 3 a\u00f1os, para funcionamiento, duraci\u00f3n del esmaltado y anticorrosi\u00f3n.<\/p>\n<p>Recomendamos para un correcto mantenimiento de la grifer\u00eda y evitar el deterioro por el uso. Secar las gotas de agua con un pa\u00f1o suave despu\u00e9s del uso, evitando que se posen en la superficie y deterioran el acabado, no utilizar esponjas que puedan rayar la grifer\u00eda, utilizar limpiadores como vinagre limpieza, agua caliente y jab\u00f3n con ph neutro.<\/p>\n<p>&nbsp;<\/p>\n<p><strong>Nuestro departamento\u00a0t\u00e9cnico\u00a0dispone de\u00a0gu\u00edas\u00a0de todos los\u00a0modelos\u00a0empotrados\u00a0que vendemos<\/strong><strong>,\u00a0si tiene alguna duda con la\u00a0instalaci\u00f3n\u00a0contacte con nosotros mediante\u00a0tel\u00e9fono,\u00a0WhatsApp\u00a0o email dentro del horario laboral indicado en la web.<\/strong><\/p>\n<p><strong>Recuerden que una vez instalado el cuerpo\u00a0empotrado\u00a0de la\u00a0grifer\u00eda\u00a0revisar de su correcto funcionamiento de paso de agua, comprobaci\u00f3n de cartuchos y corte de agua, si detecta alguna\u00a0anomal\u00eda\u00a0informe a nuestro\u00a0departamento\u00a0para darle una\u00a0soluci\u00f3n, no\u00a0contin\u00fae\u00a0con la\u00a0instalaci\u00f3n\u00a0de cerramiento de la pared.<\/strong><\/p>\n<p>&nbsp;<\/p>\n","protected":false},"featured_media":3391,"template":"","meta":[],"product_brand":[],"product_cat":[57,47],"product_tag":[],"serie":[317],"manual-de-instalacion":[78],"color":[27],"class_list":{"0":"post-3353","1":"product","2":"type-product","3":"status-publish","4":"has-post-thumbnail","6":"product_cat-duchas-empotradas","7":"product_cat-duchas","8":"pa_tamano-rociador-20cm","9":"pa_tamano-rociador-25cm","10":"pa_tamano-rociador-30cm","11":"pa_tamano-rociador-40cm","12":"serie-esla","13":"manual-de-instalacion-guia-instalacion-duchas-empotradas-monomando","14":"color-negro-mate","16":"first","17":"instock","18":"taxable","19":"shipping-taxable","20":"product-type-variable"},"_links":{"self":[{"href":"https:\/\/www.valaz.es\/it\/wp-json\/wp\/v2\/product\/3353","targetHints":{"allow":["GET"]}}],"collection":[{"href":"https:\/\/www.valaz.es\/it\/wp-json\/wp\/v2\/product"}],"about":[{"href":"https:\/\/www.valaz.es\/it\/wp-json\/wp\/v2\/types\/product"}],"wp:featuredmedia":[{"embeddable":true,"href":"https:\/\/www.valaz.es\/it\/wp-json\/wp\/v2\/media\/3391"}],"wp:attachment":[{"href":"https:\/\/www.valaz.es\/it\/wp-json\/wp\/v2\/media?parent=3353"}],"wp:term":[{"taxonomy":"product_brand","embeddable":true,"href":"https:\/\/www.valaz.es\/it\/wp-json\/wp\/v2\/product_brand?post=3353"},{"taxonomy":"product_cat","embeddable":true,"href":"https:\/\/www.valaz.es\/it\/wp-json\/wp\/v2\/product_cat?post=3353"},{"taxonomy":"product_tag","embeddable":true,"href":"https:\/\/www.valaz.es\/it\/wp-json\/wp\/v2\/product_tag?post=3353"},{"taxonomy":"serie","embeddable":true,"href":"https:\/\/www.valaz.es\/it\/wp-json\/wp\/v2\/serie?post=3353"},{"taxonomy":"manual-de-instalacion","embeddable":true,"href":"https:\/\/www.valaz.es\/it\/wp-json\/wp\/v2\/manual-de-instalacion?post=3353"},{"taxonomy":"color","embeddable":true,"href":"https:\/\/www.valaz.es\/it\/wp-json\/wp\/v2\/color?post=3353"}],"curies":[{"name":"wp","href":"https:\/\/api.w.org\/{rel}","templated":true}]}}