{"id":3346,"date":"2022-12-22T12:54:25","date_gmt":"2022-12-22T11:54:25","guid":{"rendered":"https:\/\/www.valaz.es\/?post_type=product&#038;p=3346"},"modified":"2025-06-27T12:21:53","modified_gmt":"2025-06-27T10:21:53","slug":"ducha-empotrada-monomando-con-boton-redonda-a-pared-dorado-cepillado-serie-andarax","status":"publish","type":"product","link":"https:\/\/www.valaz.es\/it\/prodotto\/ducha-empotrada-monomando-con-boton-redonda-a-pared-dorado-cepillado-serie-andarax\/","title":{"rendered":"Ducha empotrada monomando con bot\u00f3n redonda a pared dorado cepillado &#8211; Serie Andarax"},"content":{"rendered":"<p class=\"\" data-start=\"232\" data-end=\"633\">La ducha empotrada monomando con bot\u00f3n redonda a pared de la Serie Andarax presenta un dise\u00f1o sofisticado con acabado dorado cepillado. Este sistema de 2 v\u00edas, con funci\u00f3n clic clac, ofrece control eficiente entre el rociador y la alcachofa de mano. Ideal para quienes buscan un estilo elegante y pr\u00e1ctico en su ba\u00f1o, combinando la est\u00e9tica de lujo con una funcionalidad excepcional.<\/p>\n<p class=\"\" data-start=\"635\" data-end=\"657\"><strong data-start=\"635\" data-end=\"655\">Especificaciones<\/strong><\/p>\n<ul data-start=\"658\" data-end=\"958\">\n<li class=\"\" data-start=\"658\" data-end=\"699\">\n<p class=\"\" data-start=\"660\" data-end=\"699\">Tipo de grifer\u00eda: monomando con bot\u00f3n<\/p>\n<\/li>\n<li class=\"\" data-start=\"700\" data-end=\"719\">\n<p class=\"\" data-start=\"702\" data-end=\"719\">Dise\u00f1o: redondo<\/p>\n<\/li>\n<li class=\"\" data-start=\"720\" data-end=\"749\">\n<p class=\"\" data-start=\"722\" data-end=\"749\">Acabado: dorado cepillado<\/p>\n<\/li>\n<li class=\"\" data-start=\"750\" data-end=\"822\">\n<p class=\"\" data-start=\"752\" data-end=\"822\">Funci\u00f3n: 2 v\u00edas (rociador y alcachofa de mano) con funci\u00f3n clic clac<\/p>\n<\/li>\n<li>Incluye caja box empotrable<\/li>\n<li class=\"\" data-start=\"823\" data-end=\"958\">\n<p class=\"\" data-start=\"825\" data-end=\"838\">Materiales:<\/p>\n<ul data-start=\"841\" data-end=\"958\">\n<li class=\"\" data-start=\"841\" data-end=\"875\">\n<p class=\"\" data-start=\"843\" data-end=\"875\">Cuerpo de la grifer\u00eda en lat\u00f3n<\/p>\n<\/li>\n<li class=\"\" data-start=\"878\" data-end=\"910\">\n<p class=\"\" data-start=\"880\" data-end=\"910\">Rociador de acero inoxidable<\/p>\n<\/li>\n<li class=\"\" data-start=\"913\" data-end=\"941\">\n<p class=\"\" data-start=\"915\" data-end=\"941\">Alcachofa de mano de PVC<\/p>\n<\/li>\n<li class=\"\" data-start=\"944\" data-end=\"958\">\n<p class=\"\" data-start=\"946\" data-end=\"958\">Flexo de PVC<\/p>\n<\/li>\n<\/ul>\n<\/li>\n<\/ul>\n","protected":false},"excerpt":{"rendered":"<p>Serie Andarax es redonda y con l\u00edneas cl\u00e1sicas nos aporta ese toque de elegancia, ya que es monomando con bot\u00f3n su funci\u00f3n clic clac es diferente.\u00a0 Sus acabados son dorado cepillado, cromado y negro mate. Disponemos de ducha empotrada con soporte a techo o pared y con su grifo de lavabo empotrado la hace muy completa y moderna. Todos nuestros modelos de grifer\u00eda empotrada incluyen la caja box con cartucho monomando y selector, soporte de ducha, flexo y alcachofa de mano junto con el rociador.<\/p>\n<p>&nbsp;<\/p>\n<p>La garant\u00eda de todos nuestros productos es de 3 a\u00f1os, para funcionamiento, duraci\u00f3n del esmaltado y anticorrosi\u00f3n.<\/p>\n<p>Recomendamos para un correcto mantenimiento de la grifer\u00eda y evitar el deterioro por el uso. Secar las gotas de agua con un pa\u00f1o suave despu\u00e9s del uso, evitando que se posen en la superficie y deterioran el acabado, no utilizar esponjas que puedan rayar la grifer\u00eda, utilizar limpiadores como vinagre limpieza, agua caliente y jab\u00f3n con ph neutro.<\/p>\n<p>&nbsp;<\/p>\n<p><strong>Nuestro departamento\u00a0t\u00e9cnico\u00a0dispone de\u00a0gu\u00edas\u00a0de todos los\u00a0modelos\u00a0empotrados\u00a0que vendemos<\/strong><strong>,\u00a0si tiene alguna duda con la\u00a0instalaci\u00f3n\u00a0contacte con nosotros mediante\u00a0tel\u00e9fono,\u00a0WhatsApp\u00a0o email dentro del horario laboral indicado en la web.<\/strong><\/p>\n<p><strong>Recuerden que una vez instalado el cuerpo\u00a0empotrado\u00a0de la\u00a0grifer\u00eda\u00a0revisar de su correcto funcionamiento de paso de agua, comprobaci\u00f3n de cartuchos y corte de agua, si detecta alguna\u00a0anomal\u00eda\u00a0informe a nuestro\u00a0departamento\u00a0para darle una\u00a0soluci\u00f3n, no\u00a0contin\u00fae\u00a0con la\u00a0instalaci\u00f3n\u00a0de cerramiento de la pared.<\/strong><\/p>\n<p>&nbsp;<\/p>\n","protected":false},"featured_media":3580,"template":"","meta":[],"product_brand":[],"product_cat":[57,47],"product_tag":[],"serie":[316],"manual-de-instalacion":[78],"color":[34],"class_list":{"0":"post-3346","1":"product","2":"type-product","3":"status-publish","4":"has-post-thumbnail","6":"product_cat-duchas-empotradas","7":"product_cat-duchas","8":"pa_tamano-rociador-20cm","9":"pa_tamano-rociador-25cm","10":"pa_tamano-rociador-30cm","11":"serie-andarax","12":"manual-de-instalacion-guia-instalacion-duchas-empotradas-monomando","13":"color-dorado-cepillado","15":"first","16":"outofstock","17":"taxable","18":"shipping-taxable","19":"product-type-variable"},"_links":{"self":[{"href":"https:\/\/www.valaz.es\/it\/wp-json\/wp\/v2\/product\/3346","targetHints":{"allow":["GET"]}}],"collection":[{"href":"https:\/\/www.valaz.es\/it\/wp-json\/wp\/v2\/product"}],"about":[{"href":"https:\/\/www.valaz.es\/it\/wp-json\/wp\/v2\/types\/product"}],"wp:featuredmedia":[{"embeddable":true,"href":"https:\/\/www.valaz.es\/it\/wp-json\/wp\/v2\/media\/3580"}],"wp:attachment":[{"href":"https:\/\/www.valaz.es\/it\/wp-json\/wp\/v2\/media?parent=3346"}],"wp:term":[{"taxonomy":"product_brand","embeddable":true,"href":"https:\/\/www.valaz.es\/it\/wp-json\/wp\/v2\/product_brand?post=3346"},{"taxonomy":"product_cat","embeddable":true,"href":"https:\/\/www.valaz.es\/it\/wp-json\/wp\/v2\/product_cat?post=3346"},{"taxonomy":"product_tag","embeddable":true,"href":"https:\/\/www.valaz.es\/it\/wp-json\/wp\/v2\/product_tag?post=3346"},{"taxonomy":"serie","embeddable":true,"href":"https:\/\/www.valaz.es\/it\/wp-json\/wp\/v2\/serie?post=3346"},{"taxonomy":"manual-de-instalacion","embeddable":true,"href":"https:\/\/www.valaz.es\/it\/wp-json\/wp\/v2\/manual-de-instalacion?post=3346"},{"taxonomy":"color","embeddable":true,"href":"https:\/\/www.valaz.es\/it\/wp-json\/wp\/v2\/color?post=3346"}],"curies":[{"name":"wp","href":"https:\/\/api.w.org\/{rel}","templated":true}]}}