{"id":3337,"date":"2022-12-21T17:24:28","date_gmt":"2022-12-21T16:24:28","guid":{"rendered":"https:\/\/www.valaz.es\/?post_type=product&#038;p=3337"},"modified":"2026-02-02T14:23:08","modified_gmt":"2026-02-02T13:23:08","slug":"ducha-empotrada-monomando-redondo-a-pared-negro-mate-serie-guadiana","status":"publish","type":"product","link":"https:\/\/www.valaz.es\/it\/prodotto\/ducha-empotrada-monomando-redondo-a-pared-negro-mate-serie-guadiana\/","title":{"rendered":"Ducha empotrada monomando redondo a pared negro mate &#8211; Serie Guadiana"},"content":{"rendered":"<p class=\"\" data-start=\"202\" data-end=\"587\">La ducha empotrada monomando redonda a pared de la Serie Guadiana, con su elegante acabado negro mate, se adapta perfectamente a los ba\u00f1os modernos, combinando est\u00e9tica y funcionalidad. Su dise\u00f1o monomando permite un control sencillo y preciso del flujo de agua, mientras que el rociador y la alcachofa de mano ofrecen una experiencia de ducha c\u00f3moda y personalizada.<\/p>\n<p class=\"\" data-start=\"589\" data-end=\"611\"><strong data-start=\"589\" data-end=\"609\">Especificaciones<\/strong><\/p>\n<ul data-start=\"612\" data-end=\"887\">\n<li class=\"\" data-start=\"612\" data-end=\"643\">\n<p class=\"\" data-start=\"614\" data-end=\"643\">Tipo de grifer\u00eda: monomando<\/p>\n<\/li>\n<li class=\"\" data-start=\"644\" data-end=\"663\">\n<p class=\"\" data-start=\"646\" data-end=\"663\">Dise\u00f1o: redondo<\/p>\n<\/li>\n<li class=\"\" data-start=\"664\" data-end=\"687\">\n<p class=\"\" data-start=\"666\" data-end=\"687\">Acabado: negro mate<\/p>\n<\/li>\n<li class=\"\" data-start=\"688\" data-end=\"738\">\n<p class=\"\" data-start=\"690\" data-end=\"738\">Funci\u00f3n: 2 v\u00edas (rociador y alcachofa de mano)<\/p>\n<\/li>\n<li>Incluye cuerpo empotrable<\/li>\n<li class=\"\" data-start=\"739\" data-end=\"887\">\n<p class=\"\" data-start=\"741\" data-end=\"754\">Materiales:<\/p>\n<ul data-start=\"757\" data-end=\"887\">\n<li class=\"\" data-start=\"757\" data-end=\"791\">\n<p class=\"\" data-start=\"759\" data-end=\"791\">Cuerpo de la grifer\u00eda en lat\u00f3n<\/p>\n<\/li>\n<li class=\"\" data-start=\"794\" data-end=\"826\">\n<p class=\"\" data-start=\"796\" data-end=\"826\">Rociador de acero inoxidable<\/p>\n<\/li>\n<li class=\"\" data-start=\"829\" data-end=\"857\">\n<p class=\"\" data-start=\"831\" data-end=\"857\">Alcachofa de mano de PVC<\/p>\n<\/li>\n<li class=\"\" data-start=\"860\" data-end=\"887\">\n<p class=\"\" data-start=\"862\" data-end=\"887\">Flexo de PVC<\/p>\n<\/li>\n<\/ul>\n<\/li>\n<\/ul>\n","protected":false},"excerpt":{"rendered":"<p>Serie Guadiana con l\u00edneas curvas y redondas, destacada por su sencillez y elegancia, una de nuestras series m\u00e1s minimalista y moderna. Disponemos de ducha empotrada tanto a pared como a techo, grifo de lavabo empotrado, grifo de bid\u00e9 empotrado. Es una de las series m\u00e1s completas en cuanto a productos con la mejor relaci\u00f3n calidad precio y unos acabados en cromado, dorado cepillado, negro mate, acero cepillado, Gun metal, dorado envejecido, blanco.<\/p>\n<p>La garant\u00eda de todos nuestros productos es de 3 a\u00f1os, para funcionamiento, duraci\u00f3n del esmaltado y anticorrosi\u00f3n.<\/p>\n<p>Recomendamos para un correcto mantenimiento de la grifer\u00eda y evitar el deterioro por el uso. Secar las gotas de agua con un pa\u00f1o suave despu\u00e9s del uso, evitando que se posen en la superficie y deterioran el acabado, no utilizar esponjas que puedan rayar la grifer\u00eda, utilizar limpiadores como vinagre limpieza, agua caliente y jab\u00f3n con pH neutro.<\/p>\n<p>&nbsp;<\/p>\n<p><strong>Nuestro departamento\u00a0t\u00e9cnico\u00a0dispone de\u00a0gu\u00edas\u00a0de todos los\u00a0modelos\u00a0empotrados\u00a0que vendemos<\/strong><strong>,\u00a0si tiene alguna duda con la\u00a0instalaci\u00f3n\u00a0contacte con nosotros mediante\u00a0tel\u00e9fono,\u00a0WhatsApp\u00a0o email dentro del horario laboral indicado en la web.<\/strong><\/p>\n<p><strong>Recuerden que una vez instalado el cuerpo\u00a0empotrado\u00a0de la\u00a0grifer\u00eda\u00a0revisar de su correcto funcionamiento de paso de agua, comprobaci\u00f3n de cartuchos y corte de agua, si detecta alguna\u00a0anomal\u00eda\u00a0informe a nuestro\u00a0departamento\u00a0para darle una\u00a0soluci\u00f3n, no\u00a0contin\u00fae\u00a0con la\u00a0instalaci\u00f3n\u00a0de cerramiento de la pared.<\/strong><\/p>\n","protected":false},"featured_media":3338,"template":"","meta":[],"product_brand":[],"product_cat":[57,47],"product_tag":[],"serie":[63],"manual-de-instalacion":[404],"color":[27],"class_list":{"0":"post-3337","1":"product","2":"type-product","3":"status-publish","4":"has-post-thumbnail","6":"product_cat-duchas-empotradas","7":"product_cat-duchas","8":"pa_tamano-rociador-20cm","9":"pa_tamano-rociador-25cm","10":"pa_tamano-rociador-30cm","11":"serie-guadiana","12":"manual-de-instalacion-manual-gd004-2-vias","13":"color-negro-mate","15":"first","16":"instock","17":"taxable","18":"shipping-taxable","19":"product-type-variable"},"_links":{"self":[{"href":"https:\/\/www.valaz.es\/it\/wp-json\/wp\/v2\/product\/3337","targetHints":{"allow":["GET"]}}],"collection":[{"href":"https:\/\/www.valaz.es\/it\/wp-json\/wp\/v2\/product"}],"about":[{"href":"https:\/\/www.valaz.es\/it\/wp-json\/wp\/v2\/types\/product"}],"wp:featuredmedia":[{"embeddable":true,"href":"https:\/\/www.valaz.es\/it\/wp-json\/wp\/v2\/media\/3338"}],"wp:attachment":[{"href":"https:\/\/www.valaz.es\/it\/wp-json\/wp\/v2\/media?parent=3337"}],"wp:term":[{"taxonomy":"product_brand","embeddable":true,"href":"https:\/\/www.valaz.es\/it\/wp-json\/wp\/v2\/product_brand?post=3337"},{"taxonomy":"product_cat","embeddable":true,"href":"https:\/\/www.valaz.es\/it\/wp-json\/wp\/v2\/product_cat?post=3337"},{"taxonomy":"product_tag","embeddable":true,"href":"https:\/\/www.valaz.es\/it\/wp-json\/wp\/v2\/product_tag?post=3337"},{"taxonomy":"serie","embeddable":true,"href":"https:\/\/www.valaz.es\/it\/wp-json\/wp\/v2\/serie?post=3337"},{"taxonomy":"manual-de-instalacion","embeddable":true,"href":"https:\/\/www.valaz.es\/it\/wp-json\/wp\/v2\/manual-de-instalacion?post=3337"},{"taxonomy":"color","embeddable":true,"href":"https:\/\/www.valaz.es\/it\/wp-json\/wp\/v2\/color?post=3337"}],"curies":[{"name":"wp","href":"https:\/\/api.w.org\/{rel}","templated":true}]}}