{"id":333,"date":"2022-11-08T15:55:59","date_gmt":"2022-11-08T14:55:59","guid":{"rendered":"https:\/\/www.valaz.es\/?post_type=product&#038;p=333"},"modified":"2026-04-07T13:40:15","modified_gmt":"2026-04-07T11:40:15","slug":"grifo-de-bidet-monomando-cuadrado-cromado-serie-segura","status":"publish","type":"product","link":"https:\/\/www.valaz.es\/it\/prodotto\/grifo-de-bidet-monomando-cuadrado-cromado-serie-segura\/","title":{"rendered":"Grifo de bidet monomando cuadrado cromado &#8211; Serie Segura"},"content":{"rendered":"<p class=\"\" data-start=\"165\" data-end=\"423\">Grifo monomando para bidet con dise\u00f1o cuadrado y acabado cromado, pensado para aportar elegancia y funcionalidad en ba\u00f1os modernos. Su estilo limpio y angular lo convierte en el complemento perfecto para conjuntos de grifer\u00eda contempor\u00e1nea.<\/p>\n<p class=\"\" data-start=\"425\" data-end=\"447\"><strong data-start=\"425\" data-end=\"445\">Especificaciones<\/strong><\/p>\n<ul data-start=\"448\" data-end=\"626\">\n<li class=\"\" data-start=\"448\" data-end=\"494\">\n<p class=\"\" data-start=\"450\" data-end=\"494\"><strong data-start=\"450\" data-end=\"471\">Tipo de grifer\u00eda:<\/strong> Monomando para bidet<\/p>\n<\/li>\n<li class=\"\" data-start=\"495\" data-end=\"528\">\n<p class=\"\" data-start=\"497\" data-end=\"528\"><strong data-start=\"497\" data-end=\"510\">Material:<\/strong> Cuerpo en lat\u00f3n<\/p>\n<\/li>\n<li class=\"\" data-start=\"529\" data-end=\"564\">\n<p class=\"\" data-start=\"531\" data-end=\"564\"><strong data-start=\"531\" data-end=\"544\">Cartucho:<\/strong> Cer\u00e1mico de 35 mm<\/p>\n<\/li>\n<li class=\"\" data-start=\"565\" data-end=\"601\">\n<p class=\"\" data-start=\"567\" data-end=\"601\"><strong data-start=\"567\" data-end=\"580\">Conexi\u00f3n:<\/strong> Latiguillos de 3\/8<\/p>\n<\/li>\n<li class=\"\" data-start=\"602\" data-end=\"626\">\n<p class=\"\" data-start=\"604\" data-end=\"626\"><strong data-start=\"604\" data-end=\"616\">Acabado:<\/strong> Cromado<\/p>\n<\/li>\n<\/ul>\n","protected":false},"excerpt":{"rendered":"<p>Serie segura es adecuada para aquellos que buscan una grifer\u00eda m\u00e1s cl\u00e1sica con sus l\u00edneas rectas y cuadradas.\u00a0 Actualmente disponemos de tres acabados cromado, negro mate y dorado cepillado con su amplia gama de grifo de lavabo, grifo para pica, grifo de bid\u00e9 , barra de ducha y barra de ba\u00f1era. Todos nuestros productos llevan los flexos de instalaci\u00f3n.<\/p>\n<p>La garant\u00eda de todos nuestros productos es de 3 a\u00f1os, para funcionamiento, duraci\u00f3n del esmaltado y anticorrosi\u00f3n.<\/p>\n<p>Recomendamos para un correcto mantenimiento de la grifer\u00eda y evitar el deterioro por el uso. Secar las gotas de agua con un pa\u00f1o suave despu\u00e9s del uso, evitando que se posen en la superficie y deterioran el acabado, no utilizar esponjas que puedan rayar la grifer\u00eda, utilizar limpiadores como vinagre limpieza, agua caliente y jab\u00f3n con ph neutro.<\/p>\n<p><strong>Nuestro departamento\u00a0t\u00e9cnico\u00a0dispone de\u00a0gu\u00edas\u00a0de todos los\u00a0modelos\u00a0empotrados\u00a0que vendemos<\/strong><strong>,\u00a0si tiene alguna duda con la\u00a0instalaci\u00f3n\u00a0contacte con nosotros mediante\u00a0tel\u00e9fono,\u00a0WhatsApp\u00a0o email dentro del horario laboral indicado en la web.<\/strong><\/p>\n<p><strong>Recuerden que una vez instalado el cuerpo\u00a0empotrado\u00a0de la\u00a0grifer\u00eda\u00a0revisar de su correcto funcionamiento de paso de agua, comprobaci\u00f3n de cartuchos y corte de agua, si detecta alguna\u00a0anomal\u00eda\u00a0informe a nuestro\u00a0departamento\u00a0para darle una\u00a0soluci\u00f3n, no\u00a0contin\u00fae\u00a0con la\u00a0instalaci\u00f3n\u00a0de cerramiento de la pared.<\/strong><\/p>\n","protected":false},"featured_media":335,"template":"","meta":[],"product_brand":[],"product_cat":[54],"product_tag":[],"serie":[32],"manual-de-instalacion":[83],"color":[26],"class_list":{"0":"post-333","1":"product","2":"type-product","3":"status-publish","4":"has-post-thumbnail","6":"product_cat-grifos-de-bidet","7":"serie-segura","8":"manual-de-instalacion-guia-instalacion-grifo-superficie","9":"color-cromo","11":"first","12":"instock","13":"taxable","14":"shipping-taxable","15":"product-type-simple"},"_links":{"self":[{"href":"https:\/\/www.valaz.es\/it\/wp-json\/wp\/v2\/product\/333","targetHints":{"allow":["GET"]}}],"collection":[{"href":"https:\/\/www.valaz.es\/it\/wp-json\/wp\/v2\/product"}],"about":[{"href":"https:\/\/www.valaz.es\/it\/wp-json\/wp\/v2\/types\/product"}],"wp:featuredmedia":[{"embeddable":true,"href":"https:\/\/www.valaz.es\/it\/wp-json\/wp\/v2\/media\/335"}],"wp:attachment":[{"href":"https:\/\/www.valaz.es\/it\/wp-json\/wp\/v2\/media?parent=333"}],"wp:term":[{"taxonomy":"product_brand","embeddable":true,"href":"https:\/\/www.valaz.es\/it\/wp-json\/wp\/v2\/product_brand?post=333"},{"taxonomy":"product_cat","embeddable":true,"href":"https:\/\/www.valaz.es\/it\/wp-json\/wp\/v2\/product_cat?post=333"},{"taxonomy":"product_tag","embeddable":true,"href":"https:\/\/www.valaz.es\/it\/wp-json\/wp\/v2\/product_tag?post=333"},{"taxonomy":"serie","embeddable":true,"href":"https:\/\/www.valaz.es\/it\/wp-json\/wp\/v2\/serie?post=333"},{"taxonomy":"manual-de-instalacion","embeddable":true,"href":"https:\/\/www.valaz.es\/it\/wp-json\/wp\/v2\/manual-de-instalacion?post=333"},{"taxonomy":"color","embeddable":true,"href":"https:\/\/www.valaz.es\/it\/wp-json\/wp\/v2\/color?post=333"}],"curies":[{"name":"wp","href":"https:\/\/api.w.org\/{rel}","templated":true}]}}