{"id":3244,"date":"2022-12-15T17:18:54","date_gmt":"2022-12-15T16:18:54","guid":{"rendered":"https:\/\/www.valaz.es\/?post_type=product&#038;p=3244"},"modified":"2026-02-25T00:28:40","modified_gmt":"2026-02-24T23:28:40","slug":"grifo-de-banera-exenta-bimando-retro-diseno-vintage-serie-mijares","status":"publish","type":"product","link":"https:\/\/www.valaz.es\/it\/prodotto\/grifo-de-banera-exenta-bimando-retro-diseno-vintage-serie-mijares\/","title":{"rendered":"Grifo de ba\u00f1era exenta bimando retro dise\u00f1o vintage &#8211; Serie mijares"},"content":{"rendered":"<p class=\"\" data-start=\"198\" data-end=\"569\">El grifo de ba\u00f1era exenta bimando retro de la Serie Mijares combina un dise\u00f1o cl\u00e1sico y elegante con la funcionalidad moderna. Su estilo vintage y su acabado en lat\u00f3n aportan un toque de sofisticaci\u00f3n y calidez a tu ba\u00f1o. Con dos mandos para controlar el agua fr\u00eda y caliente, es ideal para quienes prefieren la precisi\u00f3n en el ajuste de la temperatura.<\/p>\n<p class=\"\" data-start=\"571\" data-end=\"593\"><strong data-start=\"571\" data-end=\"591\">Especificaciones<\/strong><\/p>\n<ul data-start=\"594\" data-end=\"816\">\n<li class=\"\" data-start=\"594\" data-end=\"629\">\n<p class=\"\" data-start=\"596\" data-end=\"629\">Tipo de grifer\u00eda: Bimando retro<\/p>\n<\/li>\n<li class=\"\" data-start=\"630\" data-end=\"666\">\n<p class=\"\" data-start=\"632\" data-end=\"666\">Dise\u00f1o: Vintage, de pie (exenta)<\/p>\n<\/li>\n<li class=\"\" data-start=\"667\" data-end=\"784\">\n<p class=\"\" data-start=\"669\" data-end=\"682\">Materiales:<\/p>\n<ul data-start=\"685\" data-end=\"784\">\n<li class=\"\" data-start=\"685\" data-end=\"719\">\n<p class=\"\" data-start=\"687\" data-end=\"719\">Cuerpo de la grifer\u00eda en lat\u00f3n<\/p>\n<\/li>\n<li class=\"\" data-start=\"722\" data-end=\"752\">\n<p class=\"\" data-start=\"724\" data-end=\"752\">Alcachofa de mano de lat\u00f3n<\/p>\n<\/li>\n<li class=\"\" data-start=\"755\" data-end=\"784\">\n<p class=\"\" data-start=\"757\" data-end=\"784\">Flexo de acero inoxidable<\/p>\n<\/li>\n<\/ul>\n<\/li>\n<li class=\"\" data-start=\"785\" data-end=\"816\">\n<p class=\"\" data-start=\"787\" data-end=\"816\">Funci\u00f3n: Agua fr\u00eda y caliente<\/p>\n<\/li>\n<\/ul>\n","protected":false},"excerpt":{"rendered":"<p>La serie Mijares destaca por su aspecto retro con acabado en dorado envejecido y cer\u00e1mica que proporciona elegancia con l\u00edneas convencionales.<\/p>\n<p>Disponemos de conjuntos de ducha, grifo de lavabo alto,\u00a0 bajo y ba\u00f1era exenta.<\/p>\n<p>La garant\u00eda de todos nuestros productos es de 3 a\u00f1os, para funcionamiento, duraci\u00f3n del esmaltado y anticorrosi\u00f3n.<\/p>\n<p>Recomendamos para un correcto mantenimiento de la grifer\u00eda y evitar el deterioro por el uso. Secar las gotas de agua con un pa\u00f1o suave despu\u00e9s del uso, evitando que se posen en la superficie y deterioren el acabado. No utilizar esponjas que puedan rayar la grifer\u00eda y utilizar limpiadores como vinagre limpieza, agua caliente y jab\u00f3n con ph neutro.<\/p>\n<p><strong>Nuestro departamento t\u00e9cnico dispone de gu\u00edas de todos nuestros modelos empotrados,<\/strong><strong>\u00a0si tiene alguna duda con la\u00a0instalaci\u00f3n\u00a0contacte con nosotros mediante\u00a0tel\u00e9fono,\u00a0WhatsApp\u00a0o email dentro del horario laboral indicado en la web.<\/strong><\/p>\n<p><strong>Recuerden que una vez instalado el cuerpo empotrado de la grifer\u00eda han de revisar de su correcto funcionamiento de paso de agua, comprobaci\u00f3n de cartuchos y corte de agua, si detecta alguna anomal\u00eda informe a nuestro departamento para darle una soluci\u00f3n, no contin\u00fae con la instalaci\u00f3n de cerramiento de la pared.<\/strong><\/p>\n","protected":false},"featured_media":3262,"template":"","meta":[],"product_brand":[],"product_cat":[60,49],"product_tag":[],"serie":[38],"manual-de-instalacion":[84],"color":[29],"class_list":{"0":"post-3244","1":"product","2":"type-product","3":"status-publish","4":"has-post-thumbnail","6":"product_cat-griferia-de-banera","7":"product_cat-grifos-de-banera-exenta","8":"serie-mijares","9":"manual-de-instalacion-guia-instalacion-grifo-exenta","10":"color-dorado-envejecido","12":"first","13":"instock","14":"taxable","15":"shipping-taxable","16":"product-type-simple"},"_links":{"self":[{"href":"https:\/\/www.valaz.es\/it\/wp-json\/wp\/v2\/product\/3244","targetHints":{"allow":["GET"]}}],"collection":[{"href":"https:\/\/www.valaz.es\/it\/wp-json\/wp\/v2\/product"}],"about":[{"href":"https:\/\/www.valaz.es\/it\/wp-json\/wp\/v2\/types\/product"}],"wp:featuredmedia":[{"embeddable":true,"href":"https:\/\/www.valaz.es\/it\/wp-json\/wp\/v2\/media\/3262"}],"wp:attachment":[{"href":"https:\/\/www.valaz.es\/it\/wp-json\/wp\/v2\/media?parent=3244"}],"wp:term":[{"taxonomy":"product_brand","embeddable":true,"href":"https:\/\/www.valaz.es\/it\/wp-json\/wp\/v2\/product_brand?post=3244"},{"taxonomy":"product_cat","embeddable":true,"href":"https:\/\/www.valaz.es\/it\/wp-json\/wp\/v2\/product_cat?post=3244"},{"taxonomy":"product_tag","embeddable":true,"href":"https:\/\/www.valaz.es\/it\/wp-json\/wp\/v2\/product_tag?post=3244"},{"taxonomy":"serie","embeddable":true,"href":"https:\/\/www.valaz.es\/it\/wp-json\/wp\/v2\/serie?post=3244"},{"taxonomy":"manual-de-instalacion","embeddable":true,"href":"https:\/\/www.valaz.es\/it\/wp-json\/wp\/v2\/manual-de-instalacion?post=3244"},{"taxonomy":"color","embeddable":true,"href":"https:\/\/www.valaz.es\/it\/wp-json\/wp\/v2\/color?post=3244"}],"curies":[{"name":"wp","href":"https:\/\/api.w.org\/{rel}","templated":true}]}}