{"id":3243,"date":"2022-12-15T17:14:10","date_gmt":"2022-12-15T16:14:10","guid":{"rendered":"https:\/\/www.valaz.es\/?post_type=product&#038;p=3243"},"modified":"2026-02-09T07:23:57","modified_gmt":"2026-02-09T06:23:57","slug":"conjunto-de-ducha-ajustable-hasta-120cm-retro-diseno-vintage-banera-serie-mijares","status":"publish","type":"product","link":"https:\/\/www.valaz.es\/it\/prodotto\/conjunto-de-ducha-ajustable-hasta-120cm-retro-diseno-vintage-banera-serie-mijares\/","title":{"rendered":"Conjunto de ducha ajustable hasta 120CM retro dise\u00f1o vintage ba\u00f1era &#8211; Serie Mijares"},"content":{"rendered":"<p class=\"\" data-start=\"186\" data-end=\"627\">El conjunto de ducha retro de la Serie Mijares aporta un toque vintage y elegante a tu ba\u00f1o, con un acabado dorado envejecido que destaca por su belleza cl\u00e1sica. Ideal para quienes buscan una experiencia de ducha de lujo y funcionalidad, este conjunto incluye una barra de ducha ajustable, un rociador de 20 cm y una alcachofa de mano, todo fabricado en materiales de alta calidad para garantizar durabilidad y rendimiento.<\/p>\n<p class=\"\" data-start=\"629\" data-end=\"651\"><strong data-start=\"629\" data-end=\"649\">Especificaciones<\/strong><\/p>\n<ul data-start=\"652\" data-end=\"896\">\n<li class=\"\" data-start=\"652\" data-end=\"684\">\n<p class=\"\" data-start=\"654\" data-end=\"684\"><strong data-start=\"654\" data-end=\"664\">Color:<\/strong> Dorado envejecido<\/p>\n<\/li>\n<li class=\"\" data-start=\"685\" data-end=\"817\">\n<p class=\"\" data-start=\"687\" data-end=\"704\"><strong data-start=\"687\" data-end=\"702\">Materiales:<\/strong><\/p>\n<ul data-start=\"707\" data-end=\"817\">\n<li class=\"\" data-start=\"707\" data-end=\"741\">\n<p class=\"\" data-start=\"709\" data-end=\"741\">Cuerpo de la grifer\u00eda en lat\u00f3n<\/p>\n<\/li>\n<li class=\"\" data-start=\"744\" data-end=\"784\">\n<p class=\"\" data-start=\"746\" data-end=\"784\">Rociador de acero inoxidable<\/p>\n<\/li>\n<li class=\"\" data-start=\"744\" data-end=\"784\">\n<p class=\"\" data-start=\"746\" data-end=\"784\">Flexo de PVC<\/p>\n<\/li>\n<li class=\"\" data-start=\"787\" data-end=\"817\">\n<p class=\"\" data-start=\"789\" data-end=\"817\">Alcachofa de mano en lat\u00f3n<\/p>\n<\/li>\n<\/ul>\n<\/li>\n<li class=\"\" data-start=\"818\" data-end=\"848\">\n<p class=\"\" data-start=\"820\" data-end=\"848\"><strong data-start=\"820\" data-end=\"840\">Tama\u00f1o rociador:<\/strong> 20 cm<\/p>\n<\/li>\n<li class=\"\" data-start=\"849\" data-end=\"896\">\n<p class=\"\" data-start=\"851\" data-end=\"896\"><strong data-start=\"851\" data-end=\"881\">Barra ajustable en altura:<\/strong> 80 cm a 120 cm<\/p>\n<\/li>\n<li data-start=\"849\" data-end=\"896\"><strong>Instalaci\u00f3n:<\/strong> Distancia est\u00e1ndar de 15 cm entre tomas<\/li>\n<\/ul>\n","protected":false},"excerpt":{"rendered":"<p>La serie Mijares destaca por su aspecto retro con acabado en dorado envejecido y cer\u00e1mica que proporciona elegancia con l\u00edneas convencionales.<br \/>\nDisponemos de conjuntos de ducha, grifo de lavabo alto, bajo y ba\u00f1era exenta.<br \/>\nLa garant\u00eda de todos nuestros productos es de 3 a\u00f1os, para funcionamiento, duraci\u00f3n del esmaltado y anticorrosi\u00f3n.<br \/>\nRecomendamos para un correcto mantenimiento de la grifer\u00eda y evitar el deterioro por el uso. Secar las gotas de agua con un pa\u00f1o suave despu\u00e9s del uso, evitando que se posen en la superficie y deterioren el acabado. No utilizar esponjas que puedan rayar la grifer\u00eda y utilizar limpiadores como vinagre limpieza, agua caliente y jab\u00f3n con ph neutro.<br \/>\nNuestro departamento t\u00e9cnico dispone de gu\u00edas de todos nuestros modelos empotrados, si tiene alguna duda con la instalaci\u00f3n contacte con nosotros mediante tel\u00e9fono, WhatsApp o email dentro del horario laboral indicado en la web.<br \/>\nRecuerden que una vez instalado el cuerpo empotrado de la grifer\u00eda han de revisar de su correcto funcionamiento de paso de agua, comprobaci\u00f3n de cartuchos y corte de agua, si detecta alguna anomal\u00eda informe a nuestro departamento para darle una soluci\u00f3n, no contin\u00fae con la instalaci\u00f3n de cerramiento de la pared.<\/p>\n","protected":false},"featured_media":13900,"template":"","meta":[],"product_brand":[],"product_cat":[55,47],"product_tag":[],"serie":[38],"manual-de-instalacion":[],"color":[29],"class_list":{"0":"post-3243","1":"product","2":"type-product","3":"status-publish","4":"has-post-thumbnail","6":"product_cat-barras-de-ducha","7":"product_cat-duchas","8":"serie-mijares","9":"color-dorado-envejecido","11":"first","12":"instock","13":"taxable","14":"shipping-taxable","15":"product-type-simple"},"_links":{"self":[{"href":"https:\/\/www.valaz.es\/it\/wp-json\/wp\/v2\/product\/3243","targetHints":{"allow":["GET"]}}],"collection":[{"href":"https:\/\/www.valaz.es\/it\/wp-json\/wp\/v2\/product"}],"about":[{"href":"https:\/\/www.valaz.es\/it\/wp-json\/wp\/v2\/types\/product"}],"wp:featuredmedia":[{"embeddable":true,"href":"https:\/\/www.valaz.es\/it\/wp-json\/wp\/v2\/media\/13900"}],"wp:attachment":[{"href":"https:\/\/www.valaz.es\/it\/wp-json\/wp\/v2\/media?parent=3243"}],"wp:term":[{"taxonomy":"product_brand","embeddable":true,"href":"https:\/\/www.valaz.es\/it\/wp-json\/wp\/v2\/product_brand?post=3243"},{"taxonomy":"product_cat","embeddable":true,"href":"https:\/\/www.valaz.es\/it\/wp-json\/wp\/v2\/product_cat?post=3243"},{"taxonomy":"product_tag","embeddable":true,"href":"https:\/\/www.valaz.es\/it\/wp-json\/wp\/v2\/product_tag?post=3243"},{"taxonomy":"serie","embeddable":true,"href":"https:\/\/www.valaz.es\/it\/wp-json\/wp\/v2\/serie?post=3243"},{"taxonomy":"manual-de-instalacion","embeddable":true,"href":"https:\/\/www.valaz.es\/it\/wp-json\/wp\/v2\/manual-de-instalacion?post=3243"},{"taxonomy":"color","embeddable":true,"href":"https:\/\/www.valaz.es\/it\/wp-json\/wp\/v2\/color?post=3243"}],"curies":[{"name":"wp","href":"https:\/\/api.w.org\/{rel}","templated":true}]}}