{"id":3241,"date":"2022-12-15T17:07:42","date_gmt":"2022-12-15T16:07:42","guid":{"rendered":"https:\/\/www.valaz.es\/?post_type=product&#038;p=3241"},"modified":"2025-04-23T10:51:53","modified_gmt":"2025-04-23T08:51:53","slug":"grifo-banera-retro-diseno-vintage-serie-mijares","status":"publish","type":"product","link":"https:\/\/www.valaz.es\/it\/prodotto\/grifo-banera-retro-diseno-vintage-serie-mijares\/","title":{"rendered":"Grifo ba\u00f1era retro dise\u00f1o vintage &#8211; Serie Mijares"},"content":{"rendered":"<p class=\"\" data-start=\"162\" data-end=\"618\">El grifo de ba\u00f1era retro de la Serie Mijares fusiona el estilo vintage con una funcionalidad excepcional. Su dise\u00f1o elegante en lat\u00f3n antiguo aporta un toque cl\u00e1sico a tu ba\u00f1o, mientras que los materiales de alta calidad aseguran una experiencia de uso duradera y c\u00f3moda. Este grifo incluye un flexo de acero inoxidable de 150 cm y una alcachofa de mano con soporte, todo pensado para ofrecerte lo mejor en t\u00e9rminos de estilo y comodidad.<\/p>\n<p class=\"\" data-start=\"620\" data-end=\"642\"><strong data-start=\"620\" data-end=\"640\">Especificaciones<\/strong><\/p>\n<ul data-start=\"643\" data-end=\"899\">\n<li class=\"\" data-start=\"643\" data-end=\"673\">\n<p class=\"\" data-start=\"645\" data-end=\"673\"><strong data-start=\"645\" data-end=\"657\">Acabado:<\/strong> Lat\u00f3n antiguo<\/p>\n<\/li>\n<li class=\"\" data-start=\"674\" data-end=\"719\">\n<p class=\"\" data-start=\"676\" data-end=\"719\"><strong data-start=\"676\" data-end=\"711\">Distancia del centro al centro:<\/strong> 15 cm<\/p>\n<\/li>\n<li class=\"\" data-start=\"720\" data-end=\"764\">\n<p class=\"\" data-start=\"722\" data-end=\"764\"><strong data-start=\"722\" data-end=\"756\">Material del cuerpo del grifo:<\/strong> Lat\u00f3n<\/p>\n<\/li>\n<li class=\"\" data-start=\"765\" data-end=\"798\">\n<p class=\"\" data-start=\"767\" data-end=\"798\"><strong data-start=\"767\" data-end=\"790\">Material del grifo:<\/strong> Lat\u00f3n<\/p>\n<\/li>\n<li class=\"\" data-start=\"799\" data-end=\"842\">\n<p class=\"\" data-start=\"801\" data-end=\"842\"><strong data-start=\"801\" data-end=\"834\">Material de la ducha de mano:<\/strong> Lat\u00f3n<\/p>\n<\/li>\n<li class=\"\" data-start=\"843\" data-end=\"899\">\n<p class=\"\" data-start=\"845\" data-end=\"899\"><strong data-start=\"845\" data-end=\"870\">Manguera de la ducha:<\/strong> PVC de 150 cm<\/p>\n<\/li>\n<li class=\"\" data-start=\"843\" data-end=\"899\">\n<p class=\"\" data-start=\"845\" data-end=\"899\"><strong>Instalaci\u00f3n:<\/strong> Distancia est\u00e1ndar de 15 cm entre tomas<\/p>\n<\/li>\n<\/ul>\n","protected":false},"excerpt":{"rendered":"<p>La serie Mijares destaca por su aspecto retro con acabado en dorado envejecido y cer\u00e1mica que proporciona elegancia con l\u00edneas convencionales.<\/p>\n<p>Disponemos de conjuntos de ducha, grifo de lavabo alto,\u00a0 bajo y ba\u00f1era exenta.<\/p>\n<p>La garant\u00eda de todos nuestros productos es de 3 a\u00f1os, para funcionamiento, duraci\u00f3n del esmaltado y anticorrosi\u00f3n.<\/p>\n<p>Recomendamos para un correcto mantenimiento de la grifer\u00eda y evitar el deterioro por el uso. Secar las gotas de agua con un pa\u00f1o suave despu\u00e9s del uso, evitando que se posen en la superficie y deterioren el acabado. No utilizar esponjas que puedan rayar la grifer\u00eda y utilizar limpiadores como vinagre limpieza, agua caliente y jab\u00f3n con ph neutro.<\/p>\n<p><strong>Nuestro departamento t\u00e9cnico dispone de gu\u00edas de todos nuestros modelos empotrados,\u00a0si tiene alguna duda con la\u00a0instalaci\u00f3n\u00a0contacte con nosotros mediante\u00a0tel\u00e9fono,\u00a0WhatsApp\u00a0o email dentro del horario laboral indicado en la web.<\/strong><\/p>\n<p><strong>Recuerden que una vez instalado el cuerpo empotrado de la grifer\u00eda han de revisar de su correcto funcionamiento de paso de agua, comprobaci\u00f3n de cartuchos y corte de agua, si detecta alguna anomal\u00eda informe a nuestro departamento para darle una soluci\u00f3n, no contin\u00fae con la instalaci\u00f3n de cerramiento de la pared.<\/strong><\/p>\n","protected":false},"featured_media":12863,"template":"","meta":[],"product_brand":[],"product_cat":[60,338],"product_tag":[],"serie":[38],"manual-de-instalacion":[],"color":[29],"class_list":{"0":"post-3241","1":"product","2":"type-product","3":"status-publish","4":"has-post-thumbnail","6":"product_cat-griferia-de-banera","7":"product_cat-grifos-de-ducha-banera","8":"serie-mijares","9":"color-dorado-envejecido","11":"first","12":"instock","13":"taxable","14":"shipping-taxable","15":"product-type-simple"},"_links":{"self":[{"href":"https:\/\/www.valaz.es\/it\/wp-json\/wp\/v2\/product\/3241","targetHints":{"allow":["GET"]}}],"collection":[{"href":"https:\/\/www.valaz.es\/it\/wp-json\/wp\/v2\/product"}],"about":[{"href":"https:\/\/www.valaz.es\/it\/wp-json\/wp\/v2\/types\/product"}],"wp:featuredmedia":[{"embeddable":true,"href":"https:\/\/www.valaz.es\/it\/wp-json\/wp\/v2\/media\/12863"}],"wp:attachment":[{"href":"https:\/\/www.valaz.es\/it\/wp-json\/wp\/v2\/media?parent=3241"}],"wp:term":[{"taxonomy":"product_brand","embeddable":true,"href":"https:\/\/www.valaz.es\/it\/wp-json\/wp\/v2\/product_brand?post=3241"},{"taxonomy":"product_cat","embeddable":true,"href":"https:\/\/www.valaz.es\/it\/wp-json\/wp\/v2\/product_cat?post=3241"},{"taxonomy":"product_tag","embeddable":true,"href":"https:\/\/www.valaz.es\/it\/wp-json\/wp\/v2\/product_tag?post=3241"},{"taxonomy":"serie","embeddable":true,"href":"https:\/\/www.valaz.es\/it\/wp-json\/wp\/v2\/serie?post=3241"},{"taxonomy":"manual-de-instalacion","embeddable":true,"href":"https:\/\/www.valaz.es\/it\/wp-json\/wp\/v2\/manual-de-instalacion?post=3241"},{"taxonomy":"color","embeddable":true,"href":"https:\/\/www.valaz.es\/it\/wp-json\/wp\/v2\/color?post=3241"}],"curies":[{"name":"wp","href":"https:\/\/api.w.org\/{rel}","templated":true}]}}