{"id":3240,"date":"2022-12-15T16:35:54","date_gmt":"2022-12-15T15:35:54","guid":{"rendered":"https:\/\/www.valaz.es\/?post_type=product&#038;p=3240"},"modified":"2026-02-02T07:34:30","modified_gmt":"2026-02-02T06:34:30","slug":"grifo-de-lavabo-monomando-alto-para-pica-redondo-retro-diseno-vintage-serie-mijares","status":"publish","type":"product","link":"https:\/\/www.valaz.es\/it\/prodotto\/grifo-de-lavabo-monomando-alto-para-pica-redondo-retro-diseno-vintage-serie-mijares\/","title":{"rendered":"Grifo de lavabo monomando alto para pica redondo retro dise\u00f1o vintage &#8211; Serie Mijares"},"content":{"rendered":"<p class=\"\" data-start=\"234\" data-end=\"612\">Este grifo de lavabo monomando alto de la Serie Mijares combina un dise\u00f1o retro vintage con una gran funcionalidad. Su elegante cuerpo de lat\u00f3n y su cartucho cer\u00e1mico de 35 mm aseguran un control preciso del agua, mientras que su estilo cl\u00e1sico es ideal para dar un toque sofisticado a tu ba\u00f1o. Viene con latiguillos 3\/8 para una instalaci\u00f3n sencilla y segura.<\/p>\n<p class=\"\" data-start=\"614\" data-end=\"636\"><strong data-start=\"614\" data-end=\"634\">Especificaciones<\/strong><\/p>\n<ul data-start=\"637\" data-end=\"790\">\n<li class=\"\" data-start=\"637\" data-end=\"685\">\n<p class=\"\" data-start=\"639\" data-end=\"685\"><strong data-start=\"639\" data-end=\"648\">Tipo:<\/strong> Monomando de lavabo alto para pica<\/p>\n<\/li>\n<li class=\"\" data-start=\"686\" data-end=\"722\">\n<p class=\"\" data-start=\"688\" data-end=\"722\"><strong data-start=\"688\" data-end=\"714\">Cuerpo de la grifer\u00eda:<\/strong> Lat\u00f3n<\/p>\n<\/li>\n<li class=\"\" data-start=\"723\" data-end=\"755\">\n<p class=\"\" data-start=\"725\" data-end=\"755\"><strong data-start=\"725\" data-end=\"747\">Cartucho cer\u00e1mico:<\/strong> 35 mm<\/p>\n<\/li>\n<li class=\"\" data-start=\"756\" data-end=\"790\">\n<p class=\"\" data-start=\"758\" data-end=\"790\"><strong data-start=\"758\" data-end=\"774\">Latiguillos:<\/strong> 3\/8 incluidos<\/p>\n<\/li>\n<\/ul>\n","protected":false},"excerpt":{"rendered":"<p>La serie Mijares destaca por su aspecto retro con acabado en dorado envejecido y cer\u00e1mica que proporciona elegancia con l\u00edneas convencionales.<\/p>\n<p>Disponemos de conjuntos de ducha, grifo de lavabo alto,\u00a0 bajo y ba\u00f1era exenta.<\/p>\n<p>La garant\u00eda de todos nuestros productos es de 3 a\u00f1os, para funcionamiento, duraci\u00f3n del esmaltado y anticorrosi\u00f3n.<\/p>\n<p>Recomendamos para un correcto mantenimiento de la grifer\u00eda y evitar el deterioro por el uso. Secar las gotas de agua con un pa\u00f1o suave despu\u00e9s del uso, evitando que se posen en la superficie y deterioren el acabado. No utilizar esponjas que puedan rayar la grifer\u00eda y utilizar limpiadores como vinagre limpieza, agua caliente y jab\u00f3n con ph neutro.<\/p>\n<p><strong>Nuestro departamento t\u00e9cnico dispone de gu\u00edas de todos nuestros modelos empotrados,\u00a0si tiene alguna duda con la\u00a0instalaci\u00f3n\u00a0contacte con nosotros mediante\u00a0tel\u00e9fono,\u00a0WhatsApp\u00a0o email dentro del horario laboral indicado en la web.<\/strong><\/p>\n<p><strong>Recuerden que una vez instalado el cuerpo empotrado de la grifer\u00eda han de revisar de su correcto funcionamiento de paso de agua, comprobaci\u00f3n de cartuchos y corte de agua, si detecta alguna anomal\u00eda informe a nuestro departamento para darle una soluci\u00f3n, no contin\u00fae con la instalaci\u00f3n de cerramiento de la pared.<\/strong><\/p>\n","protected":false},"featured_media":3254,"template":"","meta":[],"product_brand":[],"product_cat":[48],"product_tag":[],"serie":[38],"manual-de-instalacion":[83],"color":[29],"class_list":{"0":"post-3240","1":"product","2":"type-product","3":"status-publish","4":"has-post-thumbnail","6":"product_cat-grifos-de-lavabo","7":"serie-mijares","8":"manual-de-instalacion-guia-instalacion-grifo-superficie","9":"color-dorado-envejecido","11":"first","12":"instock","13":"taxable","14":"shipping-taxable","15":"product-type-simple"},"_links":{"self":[{"href":"https:\/\/www.valaz.es\/it\/wp-json\/wp\/v2\/product\/3240","targetHints":{"allow":["GET"]}}],"collection":[{"href":"https:\/\/www.valaz.es\/it\/wp-json\/wp\/v2\/product"}],"about":[{"href":"https:\/\/www.valaz.es\/it\/wp-json\/wp\/v2\/types\/product"}],"wp:featuredmedia":[{"embeddable":true,"href":"https:\/\/www.valaz.es\/it\/wp-json\/wp\/v2\/media\/3254"}],"wp:attachment":[{"href":"https:\/\/www.valaz.es\/it\/wp-json\/wp\/v2\/media?parent=3240"}],"wp:term":[{"taxonomy":"product_brand","embeddable":true,"href":"https:\/\/www.valaz.es\/it\/wp-json\/wp\/v2\/product_brand?post=3240"},{"taxonomy":"product_cat","embeddable":true,"href":"https:\/\/www.valaz.es\/it\/wp-json\/wp\/v2\/product_cat?post=3240"},{"taxonomy":"product_tag","embeddable":true,"href":"https:\/\/www.valaz.es\/it\/wp-json\/wp\/v2\/product_tag?post=3240"},{"taxonomy":"serie","embeddable":true,"href":"https:\/\/www.valaz.es\/it\/wp-json\/wp\/v2\/serie?post=3240"},{"taxonomy":"manual-de-instalacion","embeddable":true,"href":"https:\/\/www.valaz.es\/it\/wp-json\/wp\/v2\/manual-de-instalacion?post=3240"},{"taxonomy":"color","embeddable":true,"href":"https:\/\/www.valaz.es\/it\/wp-json\/wp\/v2\/color?post=3240"}],"curies":[{"name":"wp","href":"https:\/\/api.w.org\/{rel}","templated":true}]}}