{"id":3233,"date":"2022-12-15T15:45:19","date_gmt":"2022-12-15T14:45:19","guid":{"rendered":"https:\/\/www.valaz.es\/?post_type=product&#038;p=3233"},"modified":"2026-04-09T09:39:46","modified_gmt":"2026-04-09T07:39:46","slug":"grifo-de-cocina-acero-cepillado-monomando-extraible-serie-parana","status":"publish","type":"product","link":"https:\/\/www.valaz.es\/it\/prodotto\/grifo-de-cocina-acero-cepillado-monomando-extraible-serie-parana\/","title":{"rendered":"Grifo de cocina acero cepillado monomando extra\u00edble &#8211; Serie Parana"},"content":{"rendered":"<p class=\"\" data-start=\"196\" data-end=\"632\">Este grifo de cocina extra\u00edble de la Serie Paran\u00e1 es la elecci\u00f3n perfecta para quienes buscan funcionalidad y dise\u00f1o. Con un acabado en acero cepillado, combina un estilo moderno con la resistencia del lat\u00f3n. Su cartucho de 35 mm asegura un control preciso del flujo de agua, y su ca\u00f1o giratorio de 360\u00ba facilita su uso en todo el fregadero. Adem\u00e1s, incluye 2 mangueras de conexi\u00f3n para una instalaci\u00f3n f\u00e1cil y r\u00e1pida.<\/p>\n<p class=\"\" data-start=\"634\" data-end=\"656\"><strong data-start=\"634\" data-end=\"654\">Especificaciones<\/strong><\/p>\n<ul data-start=\"657\" data-end=\"881\">\n<li class=\"\" data-start=\"657\" data-end=\"696\">\n<p class=\"\" data-start=\"659\" data-end=\"696\"><strong data-start=\"659\" data-end=\"668\">Tipo:<\/strong> Grifo de cocina extra\u00edble<\/p>\n<\/li>\n<li class=\"\" data-start=\"697\" data-end=\"727\">\n<p class=\"\" data-start=\"699\" data-end=\"727\"><strong data-start=\"699\" data-end=\"709\">Color:<\/strong> Acero cepillado<\/p>\n<\/li>\n<li class=\"\" data-start=\"728\" data-end=\"764\">\n<p class=\"\" data-start=\"730\" data-end=\"764\"><strong data-start=\"730\" data-end=\"756\">Cuerpo de la grifer\u00eda:<\/strong> Lat\u00f3n<\/p>\n<\/li>\n<li class=\"\" data-start=\"765\" data-end=\"799\">\n<p class=\"\" data-start=\"767\" data-end=\"799\"><strong data-start=\"767\" data-end=\"789\">Cartucho cer\u00e1mico:<\/strong> \u00d8 35 mm<\/p>\n<\/li>\n<li class=\"\" data-start=\"800\" data-end=\"852\">\n<p class=\"\" data-start=\"802\" data-end=\"852\"><strong data-start=\"802\" data-end=\"828\">Mangueras de conexi\u00f3n:<\/strong> 2 mangueras incluidas<\/p>\n<\/li>\n<li class=\"\" data-start=\"853\" data-end=\"881\">\n<p class=\"\" data-start=\"855\" data-end=\"881\"><strong data-start=\"855\" data-end=\"874\">Ca\u00f1o giratorio:<\/strong> 360\u00ba<\/p>\n<\/li>\n<\/ul>\n","protected":false},"excerpt":{"rendered":"<p>Grifos de cocina con ca\u00f1o curvo redondos y extensibles con acabados en dorado cepillado, negro mate, cromado y acero cepillado. Con caudal ducha hace un grifo de cocina con un dise\u00f1o simple y minimalista ya que aporta elegancia y versatilidad.\u00a0 Cuerpo de la grifer\u00eda de lat\u00f3n, grifo giratorio 360 grados , manguera extra\u00edble hasta 60 cm y cartucho 35mm con dos manguera de conexi\u00f3n incluidas.<\/p>\n<p>La garant\u00eda de todos nuestros productos es de 3 a\u00f1os, para funcionamiento, duraci\u00f3n del esmaltado y anticorrosi\u00f3n.<\/p>\n<p>Recomendamos para un correcto mantenimiento de la grifer\u00eda y evitar el deterioro por el uso. Secar las gotas de agua con un pa\u00f1o suave despu\u00e9s del uso, evitando que se posen en la superficie y deterioran el acabado, no utilizar esponjas que puedan rayar la grifer\u00eda, utilizar limpiadores como vinagre limpieza, agua caliente y jab\u00f3n con ph neutro.<\/p>\n<p>&nbsp;<\/p>\n<p><strong>Nuestro departamento\u00a0t\u00e9cnico\u00a0dispone de\u00a0gu\u00edas\u00a0de todos los\u00a0modelos\u00a0empotrados\u00a0que vendemos<\/strong><strong>,\u00a0si tiene alguna duda con la\u00a0instalaci\u00f3n\u00a0contacte con nosotros mediante\u00a0tel\u00e9fono,\u00a0WhatsApp\u00a0o email dentro del horario laboral indicado en la web.<\/strong><\/p>\n<p><strong>Recuerden que una vez instalado el cuerpo\u00a0empotrado\u00a0de la\u00a0grifer\u00eda\u00a0revisar de su correcto funcionamiento de paso de agua, comprobaci\u00f3n de cartuchos y corte de agua, si detecta alguna\u00a0anomal\u00eda\u00a0informe a nuestro\u00a0departamento\u00a0para darle una\u00a0soluci\u00f3n, no\u00a0contin\u00fae\u00a0con la\u00a0instalaci\u00f3n\u00a0de cerramiento de la pared.<\/strong><\/p>\n","protected":false},"featured_media":7067,"template":"","meta":[],"product_brand":[],"product_cat":[50],"product_tag":[],"serie":[111],"manual-de-instalacion":[82],"color":[28],"class_list":{"0":"post-3233","1":"product","2":"type-product","3":"status-publish","4":"has-post-thumbnail","6":"product_cat-grifos-de-cocina","7":"serie-parana","8":"manual-de-instalacion-guia-instalacion-cocina-extraible","9":"color-acero-cepillado","11":"first","12":"instock","13":"taxable","14":"shipping-taxable","15":"product-type-simple"},"_links":{"self":[{"href":"https:\/\/www.valaz.es\/it\/wp-json\/wp\/v2\/product\/3233","targetHints":{"allow":["GET"]}}],"collection":[{"href":"https:\/\/www.valaz.es\/it\/wp-json\/wp\/v2\/product"}],"about":[{"href":"https:\/\/www.valaz.es\/it\/wp-json\/wp\/v2\/types\/product"}],"wp:featuredmedia":[{"embeddable":true,"href":"https:\/\/www.valaz.es\/it\/wp-json\/wp\/v2\/media\/7067"}],"wp:attachment":[{"href":"https:\/\/www.valaz.es\/it\/wp-json\/wp\/v2\/media?parent=3233"}],"wp:term":[{"taxonomy":"product_brand","embeddable":true,"href":"https:\/\/www.valaz.es\/it\/wp-json\/wp\/v2\/product_brand?post=3233"},{"taxonomy":"product_cat","embeddable":true,"href":"https:\/\/www.valaz.es\/it\/wp-json\/wp\/v2\/product_cat?post=3233"},{"taxonomy":"product_tag","embeddable":true,"href":"https:\/\/www.valaz.es\/it\/wp-json\/wp\/v2\/product_tag?post=3233"},{"taxonomy":"serie","embeddable":true,"href":"https:\/\/www.valaz.es\/it\/wp-json\/wp\/v2\/serie?post=3233"},{"taxonomy":"manual-de-instalacion","embeddable":true,"href":"https:\/\/www.valaz.es\/it\/wp-json\/wp\/v2\/manual-de-instalacion?post=3233"},{"taxonomy":"color","embeddable":true,"href":"https:\/\/www.valaz.es\/it\/wp-json\/wp\/v2\/color?post=3233"}],"curies":[{"name":"wp","href":"https:\/\/api.w.org\/{rel}","templated":true}]}}