{"id":3075,"date":"2022-12-15T12:53:01","date_gmt":"2022-12-15T11:53:01","guid":{"rendered":"https:\/\/www.valaz.es\/?post_type=product&#038;p=3075"},"modified":"2025-12-10T18:54:26","modified_gmt":"2025-12-10T17:54:26","slug":"grifo-de-lavabo-monomando-cuadrado-negro-mate-con-maneta-hueca-serie-guadalete","status":"publish","type":"product","link":"https:\/\/www.valaz.es\/it\/prodotto\/grifo-de-lavabo-monomando-cuadrado-negro-mate-con-maneta-hueca-serie-guadalete\/","title":{"rendered":"Grifo de lavabo monomando cuadrado negro mate con maneta hueca serie Guadalete"},"content":{"rendered":"<p class=\"\" data-start=\"518\" data-end=\"818\">El grifo de lavabo cuadrado negro mate con maneta hueca de la serie Guadalete es una excelente elecci\u00f3n para quienes buscan un estilo moderno y sofisticado en su ba\u00f1o. Su dise\u00f1o geom\u00e9trico, combinado con un acabado negro mate, aporta car\u00e1cter y un toque vanguardista a lavabos de encimera o de apoyo.<\/p>\n<p class=\"\" data-start=\"820\" data-end=\"1101\">Este modelo incorpora una maneta hueca, que no solo resalta visualmente sino que tambi\u00e9n ofrece una ergonom\u00eda c\u00f3moda y funcional. El cuerpo del grifo est\u00e1 fabricado en lat\u00f3n con recubrimiento en negro mate, lo que garantiza durabilidad, resistencia a la corrosi\u00f3n y f\u00e1cil limpieza.<\/p>\n<p class=\"\" data-start=\"1103\" data-end=\"1330\">El cartucho cer\u00e1mico de 35 mm asegura un control preciso del caudal y la temperatura del agua, mientras que los latiguillos de conexi\u00f3n est\u00e1ndar de 3\/8\u201d permiten una instalaci\u00f3n sencilla y compatible con la mayor\u00eda de sistemas.<\/p>\n<p class=\"\" data-start=\"1332\" data-end=\"1510\">Ideal para ba\u00f1os de estilo moderno o industrial, este grifo cuadrado negro mate combina perfectamente con lavabos blancos, muebles oscuros y accesorios en tonos met\u00e1licos o mate.<\/p>\n<p class=\"\" data-start=\"1512\" data-end=\"1533\"><strong data-start=\"1512\" data-end=\"1532\">Especificaciones<\/strong>:<\/p>\n<ul data-start=\"1534\" data-end=\"1769\">\n<li class=\"\" data-start=\"1534\" data-end=\"1569\">\n<p class=\"\" data-start=\"1536\" data-end=\"1569\">Tipo: Grifo de lavabo monomando<\/p>\n<\/li>\n<li class=\"\" data-start=\"1570\" data-end=\"1607\">\n<p class=\"\" data-start=\"1572\" data-end=\"1607\">Dise\u00f1o: Cuadrado con maneta hueca<\/p>\n<\/li>\n<li class=\"\" data-start=\"1608\" data-end=\"1631\">\n<p class=\"\" data-start=\"1610\" data-end=\"1631\">Acabado: Negro mate<\/p>\n<\/li>\n<li class=\"\" data-start=\"1632\" data-end=\"1662\">\n<p class=\"\" data-start=\"1634\" data-end=\"1662\">Material del cuerpo: Lat\u00f3n<\/p>\n<\/li>\n<li class=\"\" data-start=\"1663\" data-end=\"1694\">\n<p class=\"\" data-start=\"1665\" data-end=\"1694\">Cartucho: Cer\u00e1mico de 35 mm<\/p>\n<\/li>\n<li class=\"\" data-start=\"1695\" data-end=\"1737\">\n<p class=\"\" data-start=\"1697\" data-end=\"1737\">Conexiones: Latiguillos 3\/8\u201d incluidos<\/p>\n<\/li>\n<li class=\"\" data-start=\"1738\" data-end=\"1769\">\n<p class=\"\" data-start=\"1740\" data-end=\"1769\">Instalaci\u00f3n: Sobre encimera<\/p>\n<\/li>\n<\/ul>\n","protected":false},"excerpt":{"rendered":"<p>Serie Guadalete destaca por su sencillez con acabado cuadrados y se diferencia por la maneta hueca, acabados en negro mate y cromado. Disponemos de Grifo de lavabo alto, bajo y bid\u00e9.<\/p>\n<p>La garant\u00eda de todos nuestros productos es de 3 a\u00f1os, para funcionamiento, duraci\u00f3n del esmaltado y anticorrosi\u00f3n.<\/p>\n<p>Recomendamos para un correcto mantenimiento de la grifer\u00eda y evitar el deterioro por el uso. Secar las gotas de agua con un pa\u00f1o suave despu\u00e9s del uso, evitando que se posen en la superficie y deterioran el acabado, no utilizar esponjas que puedan rayar la grifer\u00eda, utilizar limpiadores como vinagre limpieza, agua caliente y jab\u00f3n con ph neutro.<\/p>\n<p>&nbsp;<\/p>\n<p><strong>Nuestro departamento\u00a0t\u00e9cnico\u00a0dispone de\u00a0gu\u00edas\u00a0de todos los\u00a0modelos\u00a0empotrados\u00a0que vendemos<\/strong><strong>,\u00a0si tiene alguna duda con la\u00a0instalaci\u00f3n\u00a0contacte con nosotros mediante\u00a0tel\u00e9fono,\u00a0WhatsApp\u00a0o email dentro del horario laboral indicado en la web.<\/strong><\/p>\n<p><strong>Recuerden que una vez instalado el cuerpo\u00a0empotrado\u00a0de la\u00a0grifer\u00eda\u00a0revisar de su correcto funcionamiento de paso de agua, comprobaci\u00f3n de cartuchos y corte de agua, si detecta alguna\u00a0anomal\u00eda\u00a0informe a nuestro\u00a0departamento\u00a0para darle una\u00a0soluci\u00f3n, no\u00a0contin\u00fae\u00a0con la\u00a0instalaci\u00f3n\u00a0de cerramiento de la pared.<\/strong><\/p>\n","protected":false},"featured_media":3060,"template":"","meta":[],"product_brand":[],"product_cat":[48],"product_tag":[],"serie":[106],"manual-de-instalacion":[],"color":[27],"class_list":{"0":"post-3075","1":"product","2":"type-product","3":"status-publish","4":"has-post-thumbnail","6":"product_cat-grifos-de-lavabo","7":"serie-guadalete","8":"color-negro-mate","10":"first","11":"instock","12":"taxable","13":"shipping-taxable","14":"product-type-simple"},"_links":{"self":[{"href":"https:\/\/www.valaz.es\/it\/wp-json\/wp\/v2\/product\/3075","targetHints":{"allow":["GET"]}}],"collection":[{"href":"https:\/\/www.valaz.es\/it\/wp-json\/wp\/v2\/product"}],"about":[{"href":"https:\/\/www.valaz.es\/it\/wp-json\/wp\/v2\/types\/product"}],"wp:featuredmedia":[{"embeddable":true,"href":"https:\/\/www.valaz.es\/it\/wp-json\/wp\/v2\/media\/3060"}],"wp:attachment":[{"href":"https:\/\/www.valaz.es\/it\/wp-json\/wp\/v2\/media?parent=3075"}],"wp:term":[{"taxonomy":"product_brand","embeddable":true,"href":"https:\/\/www.valaz.es\/it\/wp-json\/wp\/v2\/product_brand?post=3075"},{"taxonomy":"product_cat","embeddable":true,"href":"https:\/\/www.valaz.es\/it\/wp-json\/wp\/v2\/product_cat?post=3075"},{"taxonomy":"product_tag","embeddable":true,"href":"https:\/\/www.valaz.es\/it\/wp-json\/wp\/v2\/product_tag?post=3075"},{"taxonomy":"serie","embeddable":true,"href":"https:\/\/www.valaz.es\/it\/wp-json\/wp\/v2\/serie?post=3075"},{"taxonomy":"manual-de-instalacion","embeddable":true,"href":"https:\/\/www.valaz.es\/it\/wp-json\/wp\/v2\/manual-de-instalacion?post=3075"},{"taxonomy":"color","embeddable":true,"href":"https:\/\/www.valaz.es\/it\/wp-json\/wp\/v2\/color?post=3075"}],"curies":[{"name":"wp","href":"https:\/\/api.w.org\/{rel}","templated":true}]}}