{"id":3051,"date":"2022-12-15T12:50:25","date_gmt":"2022-12-15T11:50:25","guid":{"rendered":"https:\/\/www.valaz.es\/?post_type=product&#038;p=3051"},"modified":"2025-09-03T11:16:46","modified_gmt":"2025-09-03T09:16:46","slug":"grifo-de-bidet-monomando-cuadrado-negro-mate-con-maneta-hueca-serie-guadalete","status":"publish","type":"product","link":"https:\/\/www.valaz.es\/it\/prodotto\/grifo-de-bidet-monomando-cuadrado-negro-mate-con-maneta-hueca-serie-guadalete\/","title":{"rendered":"Grifo de bidet monomando cuadrado negro mate con maneta hueca serie Guadalete"},"content":{"rendered":"<p class=\"\" data-start=\"839\" data-end=\"1148\">El <strong data-start=\"842\" data-end=\"871\">grifo de bidet negro mate<\/strong> de la serie Guadalete es la opci\u00f3n ideal para quienes buscan funcionalidad y est\u00e9tica en su ba\u00f1o. Con un dise\u00f1o cuadrado y maneta hueca, este monomando ofrece un aspecto actual y elegante que combina a la perfecci\u00f3n con ba\u00f1os de estilo contempor\u00e1neo, minimalista o industrial.<\/p>\n<p class=\"\" data-start=\"1150\" data-end=\"1435\">Su acabado <strong data-start=\"1161\" data-end=\"1175\">negro mate<\/strong> no solo aporta car\u00e1cter visual, sino que tambi\u00e9n es resistente a huellas y salpicaduras, permitiendo un mantenimiento sencillo y un aspecto impecable en todo momento. El cuerpo cuadrado con l\u00edneas limpias y definidas refuerza una imagen moderna y profesional.<\/p>\n<p class=\"\" data-start=\"1944\" data-end=\"2135\">Perfecto para completar una grifer\u00eda negra en ba\u00f1os coordinados, este modelo no solo es una pieza pr\u00e1ctica, sino tambi\u00e9n decorativa, elevando el nivel visual y funcional de cualquier espacio.<\/p>\n<h3 class=\"\" data-start=\"2142\" data-end=\"2167\"><strong data-start=\"2146\" data-end=\"2167\">Especificaciones:<\/strong><\/h3>\n<ul data-start=\"2168\" data-end=\"2446\">\n<li class=\"\" data-start=\"2168\" data-end=\"2211\">\n<p class=\"\" data-start=\"2170\" data-end=\"2211\"><strong data-start=\"2170\" data-end=\"2187\">Tipo de grifo<\/strong>: monomando para bidet<\/p>\n<\/li>\n<li class=\"\" data-start=\"2212\" data-end=\"2239\">\n<p class=\"\" data-start=\"2214\" data-end=\"2239\"><strong data-start=\"2214\" data-end=\"2225\">Acabado<\/strong>: negro mate<\/p>\n<\/li>\n<li class=\"\" data-start=\"2240\" data-end=\"2281\">\n<p class=\"\" data-start=\"2242\" data-end=\"2281\"><strong data-start=\"2242\" data-end=\"2252\">Estilo<\/strong>: cuadrado con maneta hueca<\/p>\n<\/li>\n<li class=\"\" data-start=\"2282\" data-end=\"2306\">\n<p class=\"\" data-start=\"2284\" data-end=\"2306\"><strong data-start=\"2284\" data-end=\"2293\">Serie<\/strong>: Guadalete<\/p>\n<\/li>\n<li class=\"\" data-start=\"2343\" data-end=\"2366\">\n<p class=\"\" data-start=\"2345\" data-end=\"2366\"><strong data-start=\"2345\" data-end=\"2357\">Material<\/strong>: lat\u00f3n<\/p>\n<\/li>\n<li class=\"\" data-start=\"2414\" data-end=\"2446\">\n<p class=\"\" data-start=\"2416\" data-end=\"2446\"><strong data-start=\"2416\" data-end=\"2431\">Instalaci\u00f3n<\/strong>: sobre bidet<\/p>\n<\/li>\n<\/ul>\n","protected":false},"excerpt":{"rendered":"<p>Serie Guadalete destaca por su sencillez con acabado cuadrados y se diferencia por la maneta hueca, acabados en negro mate y cromado. Disponemos de Grifo de lavabo alto, bajo y bid\u00e9.<\/p>\n<p>La garant\u00eda de todos nuestros productos es de 3 a\u00f1os, para funcionamiento, duraci\u00f3n del esmaltado y anticorrosi\u00f3n.<\/p>\n<p>Recomendamos para un correcto mantenimiento de la grifer\u00eda y evitar el deterioro por el uso. Secar las gotas de agua con un pa\u00f1o suave despu\u00e9s del uso, evitando que se posen en la superficie y deterioran el acabado, no utilizar esponjas que puedan rayar la grifer\u00eda, utilizar limpiadores como vinagre limpieza, agua caliente y jab\u00f3n con ph neutro.<\/p>\n<p>&nbsp;<\/p>\n<p><strong>Nuestro departamento\u00a0t\u00e9cnico\u00a0dispone de\u00a0gu\u00edas\u00a0de todos los\u00a0modelos\u00a0empotrados\u00a0que vendemos<\/strong><strong>,\u00a0si tiene alguna duda con la\u00a0instalaci\u00f3n\u00a0contacte con nosotros mediante\u00a0tel\u00e9fono,\u00a0WhatsApp\u00a0o email dentro del horario laboral indicado en la web.<\/strong><\/p>\n<p><strong>Recuerden que una vez instalado el cuerpo\u00a0empotrado\u00a0de la\u00a0grifer\u00eda\u00a0revisar de su correcto funcionamiento de paso de agua, comprobaci\u00f3n de cartuchos y corte de agua, si detecta alguna\u00a0anomal\u00eda\u00a0informe a nuestro\u00a0departamento\u00a0para darle una\u00a0soluci\u00f3n, no\u00a0contin\u00fae\u00a0con la\u00a0instalaci\u00f3n\u00a0de cerramiento de la pared.<\/strong><\/p>\n","protected":false},"featured_media":3068,"template":"","meta":[],"product_brand":[],"product_cat":[54],"product_tag":[],"serie":[106],"manual-de-instalacion":[],"color":[27],"class_list":{"0":"post-3051","1":"product","2":"type-product","3":"status-publish","4":"has-post-thumbnail","6":"product_cat-grifos-de-bidet","7":"serie-guadalete","8":"color-negro-mate","10":"first","11":"instock","12":"taxable","13":"shipping-taxable","14":"product-type-simple"},"_links":{"self":[{"href":"https:\/\/www.valaz.es\/it\/wp-json\/wp\/v2\/product\/3051","targetHints":{"allow":["GET"]}}],"collection":[{"href":"https:\/\/www.valaz.es\/it\/wp-json\/wp\/v2\/product"}],"about":[{"href":"https:\/\/www.valaz.es\/it\/wp-json\/wp\/v2\/types\/product"}],"wp:featuredmedia":[{"embeddable":true,"href":"https:\/\/www.valaz.es\/it\/wp-json\/wp\/v2\/media\/3068"}],"wp:attachment":[{"href":"https:\/\/www.valaz.es\/it\/wp-json\/wp\/v2\/media?parent=3051"}],"wp:term":[{"taxonomy":"product_brand","embeddable":true,"href":"https:\/\/www.valaz.es\/it\/wp-json\/wp\/v2\/product_brand?post=3051"},{"taxonomy":"product_cat","embeddable":true,"href":"https:\/\/www.valaz.es\/it\/wp-json\/wp\/v2\/product_cat?post=3051"},{"taxonomy":"product_tag","embeddable":true,"href":"https:\/\/www.valaz.es\/it\/wp-json\/wp\/v2\/product_tag?post=3051"},{"taxonomy":"serie","embeddable":true,"href":"https:\/\/www.valaz.es\/it\/wp-json\/wp\/v2\/serie?post=3051"},{"taxonomy":"manual-de-instalacion","embeddable":true,"href":"https:\/\/www.valaz.es\/it\/wp-json\/wp\/v2\/manual-de-instalacion?post=3051"},{"taxonomy":"color","embeddable":true,"href":"https:\/\/www.valaz.es\/it\/wp-json\/wp\/v2\/color?post=3051"}],"curies":[{"name":"wp","href":"https:\/\/api.w.org\/{rel}","templated":true}]}}