{"id":3022,"date":"2022-12-15T12:57:37","date_gmt":"2022-12-15T11:57:37","guid":{"rendered":"https:\/\/www.valaz.es\/?post_type=product&#038;p=3022"},"modified":"2026-04-20T11:59:39","modified_gmt":"2026-04-20T09:59:39","slug":"grifo-cocina-alto-extraible-monomando-dorado-cepillado-serie-eufrate","status":"publish","type":"product","link":"https:\/\/www.valaz.es\/it\/prodotto\/grifo-cocina-alto-extraible-monomando-dorado-cepillado-serie-eufrate\/","title":{"rendered":"Grifo cocina alto extra\u00edble monomando dorado cepillado &#8211; Serie Eufrates"},"content":{"rendered":"<p class=\"\" data-start=\"206\" data-end=\"801\">El grifo de cocina alto extra\u00edble de la Serie Eufrates, en su elegante acabado dorado cepillado, combina sofisticaci\u00f3n y funcionalidad. Con su dise\u00f1o monomando, permite un control intuitivo y preciso del agua, mientras que el ca\u00f1o giratorio de 360\u00ba garantiza m\u00e1xima versatilidad en el fregadero. La manguera extra\u00edble facilita el lavado de grandes utensilios y la limpieza de manera c\u00f3moda y eficiente. Fabricado en lat\u00f3n de alta calidad, cuenta con un cartucho cer\u00e1mico de 35 mm y mangueras de conexi\u00f3n de acero inoxidable para asegurar durabilidad y fiabilidad a largo plazo.<\/p>\n<p class=\"\" data-start=\"803\" data-end=\"825\"><strong data-start=\"803\" data-end=\"823\">Especificaciones<\/strong><\/p>\n<ul data-start=\"826\" data-end=\"1100\">\n<li class=\"\" data-start=\"826\" data-end=\"880\">\n<p class=\"\" data-start=\"828\" data-end=\"880\"><strong data-start=\"828\" data-end=\"837\">Tipo:<\/strong> Grifo de cocina alto extra\u00edble monomando<\/p>\n<\/li>\n<li class=\"\" data-start=\"881\" data-end=\"912\">\n<p class=\"\" data-start=\"883\" data-end=\"912\"><strong data-start=\"883\" data-end=\"893\">Color:<\/strong> Dorado cepillado<\/p>\n<\/li>\n<li class=\"\" data-start=\"913\" data-end=\"949\">\n<p class=\"\" data-start=\"915\" data-end=\"949\"><strong data-start=\"915\" data-end=\"941\">Cuerpo de la grifer\u00eda:<\/strong> Lat\u00f3n<\/p>\n<\/li>\n<li class=\"\" data-start=\"950\" data-end=\"999\">\n<p class=\"\" data-start=\"952\" data-end=\"999\"><strong data-start=\"952\" data-end=\"974\">Cartucho cer\u00e1mico:<\/strong> \u00d8 35 mm con KTW \/ DVGW<\/p>\n<\/li>\n<li class=\"\" data-start=\"1000\" data-end=\"1071\">\n<p class=\"\" data-start=\"1002\" data-end=\"1071\"><strong data-start=\"1002\" data-end=\"1028\">Mangueras de conexi\u00f3n:<\/strong> 3\/8\u201d + 1\/2\u2033 de acero inoxidable con DVGW<\/p>\n<\/li>\n<li class=\"\" data-start=\"1072\" data-end=\"1100\">\n<p class=\"\" data-start=\"1074\" data-end=\"1100\"><strong data-start=\"1074\" data-end=\"1093\">Ca\u00f1o giratorio:<\/strong> 360\u00ba<\/p>\n<\/li>\n<\/ul>\n","protected":false},"excerpt":{"rendered":"<p>Serie \u00c9ufrates fabricado en materiales de alta calidad, cuerpo y maneta de lat\u00f3n con acabados en negro mate y rosa, cromado, dorado cepillado, incluye v\u00e1lvula monomando de cer\u00e1mica y latiguillos para su instalaci\u00f3n. Grifo giratorio en 360 grados por su dise\u00f1o minimalista ofrece una comodidad a la hora de limpiar el fregadero, llenar cubos o fregar platos.<\/p>\n<p>La garant\u00eda de todos nuestros productos es de 3 a\u00f1os, para funcionamiento, duraci\u00f3n del esmaltado y anticorrosi\u00f3n.<\/p>\n<p>Recomendamos para un correcto mantenimiento de la grifer\u00eda y evitar el deterioro por el uso. Secar las gotas de agua con un pa\u00f1o suave despu\u00e9s del uso, evitando que se posen en la superficie y deterioran el acabado, no utilizar esponjas que puedan rayar la grifer\u00eda, utilizar limpiadores como vinagre limpieza, agua caliente y jab\u00f3n con ph neutro.<\/p>\n<p>&nbsp;<\/p>\n<p><strong>Nuestro departamento\u00a0t\u00e9cnico\u00a0dispone de\u00a0gu\u00edas\u00a0de todos los\u00a0modelos\u00a0empotrados\u00a0que vendemos<\/strong><strong>,\u00a0si tiene alguna duda con la\u00a0instalaci\u00f3n\u00a0contacte con nosotros mediante\u00a0tel\u00e9fono,\u00a0WhatsApp\u00a0o email dentro del horario laboral indicado en la web.<\/strong><\/p>\n<p><strong>Recuerden que una vez instalado el cuerpo\u00a0empotrado\u00a0de la\u00a0grifer\u00eda\u00a0revisar de su correcto funcionamiento de paso de agua, comprobaci\u00f3n de cartuchos y corte de agua, si detecta alguna\u00a0anomal\u00eda\u00a0informe a nuestro\u00a0departamento\u00a0para darle una\u00a0soluci\u00f3n, no\u00a0contin\u00fae\u00a0con la\u00a0instalaci\u00f3n\u00a0de cerramiento de la pared.<\/strong><\/p>\n","protected":false},"featured_media":11402,"template":"","meta":[],"product_brand":[],"product_cat":[50],"product_tag":[],"serie":[107],"manual-de-instalacion":[82],"color":[34],"class_list":{"0":"post-3022","1":"product","2":"type-product","3":"status-publish","4":"has-post-thumbnail","6":"product_cat-grifos-de-cocina","7":"serie-eufrate","8":"manual-de-instalacion-guia-instalacion-cocina-extraible","9":"color-dorado-cepillado","11":"first","12":"instock","13":"taxable","14":"shipping-taxable","15":"product-type-simple"},"_links":{"self":[{"href":"https:\/\/www.valaz.es\/it\/wp-json\/wp\/v2\/product\/3022","targetHints":{"allow":["GET"]}}],"collection":[{"href":"https:\/\/www.valaz.es\/it\/wp-json\/wp\/v2\/product"}],"about":[{"href":"https:\/\/www.valaz.es\/it\/wp-json\/wp\/v2\/types\/product"}],"wp:featuredmedia":[{"embeddable":true,"href":"https:\/\/www.valaz.es\/it\/wp-json\/wp\/v2\/media\/11402"}],"wp:attachment":[{"href":"https:\/\/www.valaz.es\/it\/wp-json\/wp\/v2\/media?parent=3022"}],"wp:term":[{"taxonomy":"product_brand","embeddable":true,"href":"https:\/\/www.valaz.es\/it\/wp-json\/wp\/v2\/product_brand?post=3022"},{"taxonomy":"product_cat","embeddable":true,"href":"https:\/\/www.valaz.es\/it\/wp-json\/wp\/v2\/product_cat?post=3022"},{"taxonomy":"product_tag","embeddable":true,"href":"https:\/\/www.valaz.es\/it\/wp-json\/wp\/v2\/product_tag?post=3022"},{"taxonomy":"serie","embeddable":true,"href":"https:\/\/www.valaz.es\/it\/wp-json\/wp\/v2\/serie?post=3022"},{"taxonomy":"manual-de-instalacion","embeddable":true,"href":"https:\/\/www.valaz.es\/it\/wp-json\/wp\/v2\/manual-de-instalacion?post=3022"},{"taxonomy":"color","embeddable":true,"href":"https:\/\/www.valaz.es\/it\/wp-json\/wp\/v2\/color?post=3022"}],"curies":[{"name":"wp","href":"https:\/\/api.w.org\/{rel}","templated":true}]}}