{"id":3018,"date":"2022-12-15T12:29:47","date_gmt":"2022-12-15T11:29:47","guid":{"rendered":"https:\/\/www.valaz.es\/?post_type=product&#038;p=3018"},"modified":"2025-09-03T11:17:06","modified_gmt":"2025-09-03T09:17:06","slug":"grifo-de-bidet-monomando-cuadrado-cromado-con-maneta-hueca-serie-guadalete","status":"publish","type":"product","link":"https:\/\/www.valaz.es\/it\/prodotto\/grifo-de-bidet-monomando-cuadrado-cromado-con-maneta-hueca-serie-guadalete\/","title":{"rendered":"Grifo de bidet monomando cuadrado cromado con maneta hueca &#8211; Serie Guadalete"},"content":{"rendered":"<p class=\"\" data-start=\"218\" data-end=\"642\">El grifo de lavabo monomando de la Serie Guadalete presenta un dise\u00f1o cuadrado y moderno, con un acabado cromado brillante que resalta en cualquier ba\u00f1o. Su maneta hueca ofrece un control preciso del flujo de agua, combinando funcionalidad y est\u00e9tica. El cartucho cer\u00e1mico de 35 mm asegura una larga vida \u00fatil y un funcionamiento suave, mientras que los latiguillos 3\/8\u201d incluidos facilitan su instalaci\u00f3n.<\/p>\n<p class=\"\" data-start=\"644\" data-end=\"666\"><strong data-start=\"644\" data-end=\"664\">Especificaciones<\/strong><\/p>\n<ul data-start=\"667\" data-end=\"891\">\n<li class=\"\" data-start=\"667\" data-end=\"706\">\n<p class=\"\" data-start=\"669\" data-end=\"706\"><strong data-start=\"669\" data-end=\"678\">Tipo:<\/strong> Grifo de lavabo monomando<\/p>\n<\/li>\n<li class=\"\" data-start=\"707\" data-end=\"748\">\n<p class=\"\" data-start=\"709\" data-end=\"748\"><strong data-start=\"709\" data-end=\"720\">Dise\u00f1o:<\/strong> Cuadrado con maneta hueca<\/p>\n<\/li>\n<li class=\"\" data-start=\"749\" data-end=\"771\">\n<p class=\"\" data-start=\"751\" data-end=\"771\"><strong data-start=\"751\" data-end=\"761\">Color:<\/strong> Cromado<\/p>\n<\/li>\n<li class=\"\" data-start=\"772\" data-end=\"808\">\n<p class=\"\" data-start=\"774\" data-end=\"808\"><strong data-start=\"774\" data-end=\"800\">Cuerpo de la grifer\u00eda:<\/strong> Lat\u00f3n<\/p>\n<\/li>\n<li class=\"\" data-start=\"809\" data-end=\"843\">\n<p class=\"\" data-start=\"811\" data-end=\"843\"><strong data-start=\"811\" data-end=\"833\">Cartucho cer\u00e1mico:<\/strong> \u00d8 35 mm<\/p>\n<\/li>\n<li class=\"\" data-start=\"844\" data-end=\"891\">\n<p class=\"\" data-start=\"846\" data-end=\"891\"><strong data-start=\"846\" data-end=\"874\">Latiguillos de conexi\u00f3n:<\/strong> 3\/8\u201d incluidos<\/p>\n<\/li>\n<\/ul>\n","protected":false},"excerpt":{"rendered":"<p>Serie Guadalete destaca por su sencillez con acabado cuadrados y se diferencia por la maneta hueca, acabados en negro mate y cromado. Disponemos de Grifo de lavabo alto, bajo y bid\u00e9.<\/p>\n<p>La garant\u00eda de todos nuestros productos es de 3 a\u00f1os, para funcionamiento, duraci\u00f3n del esmaltado y anticorrosi\u00f3n.<\/p>\n<p>Recomendamos para un correcto mantenimiento de la grifer\u00eda y evitar el deterioro por el uso. Secar las gotas de agua con un pa\u00f1o suave despu\u00e9s del uso, evitando que se posen en la superficie y deterioran el acabado, no utilizar esponjas que puedan rayar la grifer\u00eda, utilizar limpiadores como vinagre limpieza, agua caliente y jab\u00f3n con ph neutro.<\/p>\n<p>&nbsp;<\/p>\n<p><strong>Nuestro departamento\u00a0t\u00e9cnico\u00a0dispone de\u00a0gu\u00edas\u00a0de todos los\u00a0modelos\u00a0empotrados\u00a0que vendemos<\/strong><strong>,\u00a0si tiene alguna duda con la\u00a0instalaci\u00f3n\u00a0contacte con nosotros mediante\u00a0tel\u00e9fono,\u00a0WhatsApp\u00a0o email dentro del horario laboral indicado en la web.<\/strong><\/p>\n<p><strong>Recuerden que una vez instalado el cuerpo\u00a0empotrado\u00a0de la\u00a0grifer\u00eda\u00a0revisar de su correcto funcionamiento de paso de agua, comprobaci\u00f3n de cartuchos y corte de agua, si detecta alguna\u00a0anomal\u00eda\u00a0informe a nuestro\u00a0departamento\u00a0para darle una\u00a0soluci\u00f3n, no\u00a0contin\u00fae\u00a0con la\u00a0instalaci\u00f3n\u00a0de cerramiento de la pared.<\/strong><\/p>\n","protected":false},"featured_media":3028,"template":"","meta":[],"product_brand":[],"product_cat":[54],"product_tag":[],"serie":[106],"manual-de-instalacion":[],"color":[26],"class_list":{"0":"post-3018","1":"product","2":"type-product","3":"status-publish","4":"has-post-thumbnail","6":"product_cat-grifos-de-bidet","7":"serie-guadalete","8":"color-cromo","10":"first","11":"instock","12":"taxable","13":"shipping-taxable","14":"product-type-simple"},"_links":{"self":[{"href":"https:\/\/www.valaz.es\/it\/wp-json\/wp\/v2\/product\/3018","targetHints":{"allow":["GET"]}}],"collection":[{"href":"https:\/\/www.valaz.es\/it\/wp-json\/wp\/v2\/product"}],"about":[{"href":"https:\/\/www.valaz.es\/it\/wp-json\/wp\/v2\/types\/product"}],"wp:featuredmedia":[{"embeddable":true,"href":"https:\/\/www.valaz.es\/it\/wp-json\/wp\/v2\/media\/3028"}],"wp:attachment":[{"href":"https:\/\/www.valaz.es\/it\/wp-json\/wp\/v2\/media?parent=3018"}],"wp:term":[{"taxonomy":"product_brand","embeddable":true,"href":"https:\/\/www.valaz.es\/it\/wp-json\/wp\/v2\/product_brand?post=3018"},{"taxonomy":"product_cat","embeddable":true,"href":"https:\/\/www.valaz.es\/it\/wp-json\/wp\/v2\/product_cat?post=3018"},{"taxonomy":"product_tag","embeddable":true,"href":"https:\/\/www.valaz.es\/it\/wp-json\/wp\/v2\/product_tag?post=3018"},{"taxonomy":"serie","embeddable":true,"href":"https:\/\/www.valaz.es\/it\/wp-json\/wp\/v2\/serie?post=3018"},{"taxonomy":"manual-de-instalacion","embeddable":true,"href":"https:\/\/www.valaz.es\/it\/wp-json\/wp\/v2\/manual-de-instalacion?post=3018"},{"taxonomy":"color","embeddable":true,"href":"https:\/\/www.valaz.es\/it\/wp-json\/wp\/v2\/color?post=3018"}],"curies":[{"name":"wp","href":"https:\/\/api.w.org\/{rel}","templated":true}]}}