{"id":20657,"date":"2026-01-27T09:53:29","date_gmt":"2026-01-27T08:53:29","guid":{"rendered":"https:\/\/www.valaz.es\/?post_type=product&#038;p=20657"},"modified":"2026-03-06T10:52:41","modified_gmt":"2026-03-06T09:52:41","slug":"cano-redondo-15cm-oro-rosa","status":"publish","type":"product","link":"https:\/\/www.valaz.es\/it\/prodotto\/cano-redondo-15cm-oro-rosa\/","title":{"rendered":"Ca\u00f1o redondo 15cm oro rosa"},"content":{"rendered":"<p class=\"\" data-start=\"48\" data-end=\"145\">Ca\u00f1o de dise\u00f1o moderno y resistente con acabado en acero cepillado, ideal para ba\u00f1os y cocinas.<\/p>\n<h5 class=\"\" data-start=\"147\" data-end=\"172\">Especificaciones:<\/h5>\n<ul data-start=\"173\" data-end=\"306\" data-is-last-node=\"\" data-is-only-node=\"\">\n<li class=\"\" data-start=\"173\" data-end=\"207\">\n<p class=\"\" data-start=\"175\" data-end=\"207\"><strong data-start=\"175\" data-end=\"188\">Material:<\/strong> Acero inoxidable<\/p>\n<\/li>\n<li class=\"\" data-start=\"208\" data-end=\"231\">\n<p class=\"\" data-start=\"210\" data-end=\"231\"><strong data-start=\"210\" data-end=\"221\">Dise\u00f1o:<\/strong> Redondo<\/p>\n<\/li>\n<li class=\"\" data-start=\"232\" data-end=\"255\">\n<p class=\"\" data-start=\"234\" data-end=\"255\"><strong data-start=\"234\" data-end=\"247\">Longitud:<\/strong> 15 cm<\/p>\n<\/li>\n<li class=\"\" data-start=\"256\" data-end=\"288\">\n<p class=\"\" data-start=\"258\" data-end=\"288\"><strong data-start=\"258\" data-end=\"270\">Acabado:<\/strong> Oro rosa<\/p>\n<\/li>\n<li class=\"\" data-start=\"289\" data-end=\"306\">\n<p class=\"\" data-start=\"291\" data-end=\"306\"><strong data-start=\"291\" data-end=\"301\">Rosca:<\/strong> 1\/2\u201d<\/p>\n<\/li>\n<\/ul>\n","protected":false},"excerpt":{"rendered":"<p>Ca\u00f1o de dise\u00f1o moderno y resistente con acabado en acero  [&#8230;]<\/p>\n","protected":false},"featured_media":20658,"template":"","meta":[],"product_brand":[],"product_cat":[70],"product_tag":[],"serie":[],"manual-de-instalacion":[],"color":[62],"class_list":{"0":"post-20657","1":"product","2":"type-product","3":"status-publish","4":"has-post-thumbnail","6":"product_cat-accesorios","7":"color-oro-rosa","9":"first","10":"instock","11":"taxable","12":"shipping-taxable","13":"product-type-simple"},"_links":{"self":[{"href":"https:\/\/www.valaz.es\/it\/wp-json\/wp\/v2\/product\/20657","targetHints":{"allow":["GET"]}}],"collection":[{"href":"https:\/\/www.valaz.es\/it\/wp-json\/wp\/v2\/product"}],"about":[{"href":"https:\/\/www.valaz.es\/it\/wp-json\/wp\/v2\/types\/product"}],"wp:featuredmedia":[{"embeddable":true,"href":"https:\/\/www.valaz.es\/it\/wp-json\/wp\/v2\/media\/20658"}],"wp:attachment":[{"href":"https:\/\/www.valaz.es\/it\/wp-json\/wp\/v2\/media?parent=20657"}],"wp:term":[{"taxonomy":"product_brand","embeddable":true,"href":"https:\/\/www.valaz.es\/it\/wp-json\/wp\/v2\/product_brand?post=20657"},{"taxonomy":"product_cat","embeddable":true,"href":"https:\/\/www.valaz.es\/it\/wp-json\/wp\/v2\/product_cat?post=20657"},{"taxonomy":"product_tag","embeddable":true,"href":"https:\/\/www.valaz.es\/it\/wp-json\/wp\/v2\/product_tag?post=20657"},{"taxonomy":"serie","embeddable":true,"href":"https:\/\/www.valaz.es\/it\/wp-json\/wp\/v2\/serie?post=20657"},{"taxonomy":"manual-de-instalacion","embeddable":true,"href":"https:\/\/www.valaz.es\/it\/wp-json\/wp\/v2\/manual-de-instalacion?post=20657"},{"taxonomy":"color","embeddable":true,"href":"https:\/\/www.valaz.es\/it\/wp-json\/wp\/v2\/color?post=20657"}],"curies":[{"name":"wp","href":"https:\/\/api.w.org\/{rel}","templated":true}]}}