{"id":18920,"date":"2025-08-07T09:34:38","date_gmt":"2025-08-07T07:34:38","guid":{"rendered":"https:\/\/www.valaz.es\/?post_type=product&#038;p=18920"},"modified":"2025-09-25T16:29:18","modified_gmt":"2025-09-25T14:29:18","slug":"ducha-empotrada-monomando-a-pared-redonda-cromada-serie-vaca","status":"publish","type":"product","link":"https:\/\/www.valaz.es\/it\/prodotto\/ducha-empotrada-monomando-a-pared-redonda-cromada-serie-vaca\/","title":{"rendered":"Ducha empotrada monomando a pared redonda cromada &#8211; Serie Vaca"},"content":{"rendered":"<p class=\"\" data-start=\"69\" data-end=\"396\">La ducha empotrada monomando a pared redonda de la Serie Vaca es una opci\u00f3n vers\u00e1til y elegante para ba\u00f1os que buscan estilo y funcionalidad. Su dise\u00f1o moderno en acabado cromado y sus dos funciones \u2014efecto lluvia y alcachofa de mano\u2014 garantizan una experiencia de ducha c\u00f3moda y adaptable a tus necesidades.<\/p>\n<p class=\"\" data-start=\"398\" data-end=\"420\"><strong data-start=\"398\" data-end=\"418\">Especificaciones<\/strong><\/p>\n<ul data-start=\"421\" data-end=\"715\">\n<li class=\"\" data-start=\"421\" data-end=\"461\">\n<p class=\"\" data-start=\"423\" data-end=\"461\"><strong data-start=\"423\" data-end=\"441\">Tipo de ducha:<\/strong> Empotrada a pared<\/p>\n<\/li>\n<li class=\"\" data-start=\"462\" data-end=\"518\">\n<p class=\"\" data-start=\"464\" data-end=\"518\"><strong data-start=\"464\" data-end=\"483\">N\u00famero de v\u00edas:<\/strong> 2 (rociador y alcachofa de mano)<\/p>\n<\/li>\n<li class=\"\" data-start=\"519\" data-end=\"582\">\n<p class=\"\" data-start=\"521\" data-end=\"582\"><strong data-start=\"521\" data-end=\"534\">Rociador:<\/strong> Redondo de 20, 25 o 30 cm con soporte a pared<\/p>\n<\/li>\n<li class=\"\" data-start=\"583\" data-end=\"619\">\n<p class=\"\" data-start=\"585\" data-end=\"619\"><strong data-start=\"585\" data-end=\"598\">Grifer\u00eda:<\/strong> Monomando de lat\u00f3n<\/p>\n<\/li>\n<li class=\"\" data-start=\"620\" data-end=\"650\">\n<p class=\"\" data-start=\"622\" data-end=\"650\"><strong data-start=\"622\" data-end=\"644\">Alcachofa de mano:<\/strong> PVC<\/p>\n<\/li>\n<li class=\"\" data-start=\"651\" data-end=\"690\">\n<p class=\"\" data-start=\"653\" data-end=\"690\"><strong data-start=\"653\" data-end=\"663\">Flexo:<\/strong> Acero inoxidable, 150 cm<\/p>\n<\/li>\n<li class=\"\" data-start=\"691\" data-end=\"715\">\n<p class=\"\" data-start=\"693\" data-end=\"715\"><strong data-start=\"693\" data-end=\"705\">Acabado:<\/strong> Cromado<\/p>\n<\/li>\n<\/ul>\n","protected":false},"excerpt":{"rendered":"<p>Serie J\u00facar con l\u00ednea curvas y redondas aporta confort, elegancia y bienestar, perfecta para todo tipo de ba\u00f1os. Actualmente disponemos diferentes acabados cromados, acero cepillado, dorado cepilladlo, dorado envejecido, negro mate, blanco. Es una de nuestras series m\u00e1s completa, ya que tenemos una gran variedad Ducha empotrada donde puedes a\u00f1adir ca\u00f1o para el ba\u00f1o, grifo empotrado de lavabo, grifo de bid\u00e9, grifo t\u00f3tem empotrado de ba\u00f1era exenta. Todos nuestros modelos de grifer\u00eda empotrada incluyen la caja box con cartucho monomando y selector, soporte ducha, flexo y alcachofa de mano junto con el rociador.<\/p>\n<p>La garant\u00eda de todos nuestros productos es de 3 a\u00f1os, para funcionamiento, duraci\u00f3n del esmaltado y anticorrosi\u00f3n.<\/p>\n<p>Recomendamos para un correcto mantenimiento de la grifer\u00eda y evitar el deterioro por el uso. Secar las gotas de agua con un pa\u00f1o suave despu\u00e9s del uso, evitando que se posen en la superficie y deterioran el acabado, no utilizar esponjas que puedan rayar la grifer\u00eda, utilizar limpiadores como vinagre limpieza, agua caliente y jab\u00f3n con ph neutro.<\/p>\n<p>&nbsp;<\/p>\n<p><strong>Nuestro departamento\u00a0t\u00e9cnico\u00a0dispone de\u00a0gu\u00edas\u00a0de todos los\u00a0modelos\u00a0empotrados\u00a0que vendemos<\/strong><strong>,\u00a0si tiene alguna duda con la\u00a0instalaci\u00f3n\u00a0contacte con nosotros mediante\u00a0tel\u00e9fono,\u00a0WhatsApp\u00a0o email dentro del horario laboral indicado en la web.<\/strong><\/p>\n<p><strong>Recuerden que una vez instalado el cuerpo\u00a0empotrado\u00a0de la\u00a0grifer\u00eda\u00a0revisar de su correcto funcionamiento de paso de agua, comprobaci\u00f3n de cartuchos y corte de agua, si detecta alguna\u00a0anomal\u00eda\u00a0informe a nuestro\u00a0departamento\u00a0para darle una\u00a0soluci\u00f3n, no\u00a0contin\u00fae\u00a0con la\u00a0instalaci\u00f3n\u00a0de cerramiento de la pared.<\/strong><\/p>\n","protected":false},"featured_media":19263,"template":"","meta":[],"product_brand":[],"product_cat":[57,47],"product_tag":[],"serie":[407],"manual-de-instalacion":[],"color":[26],"class_list":{"0":"post-18920","1":"product","2":"type-product","3":"status-publish","4":"has-post-thumbnail","6":"product_cat-duchas-empotradas","7":"product_cat-duchas","8":"pa_tamano-rociador-20cm","9":"pa_tamano-rociador-25cm","10":"pa_tamano-rociador-30cm","11":"serie-vaca","12":"color-cromo","14":"first","15":"instock","16":"taxable","17":"shipping-taxable","18":"product-type-variable"},"_links":{"self":[{"href":"https:\/\/www.valaz.es\/it\/wp-json\/wp\/v2\/product\/18920","targetHints":{"allow":["GET"]}}],"collection":[{"href":"https:\/\/www.valaz.es\/it\/wp-json\/wp\/v2\/product"}],"about":[{"href":"https:\/\/www.valaz.es\/it\/wp-json\/wp\/v2\/types\/product"}],"wp:featuredmedia":[{"embeddable":true,"href":"https:\/\/www.valaz.es\/it\/wp-json\/wp\/v2\/media\/19263"}],"wp:attachment":[{"href":"https:\/\/www.valaz.es\/it\/wp-json\/wp\/v2\/media?parent=18920"}],"wp:term":[{"taxonomy":"product_brand","embeddable":true,"href":"https:\/\/www.valaz.es\/it\/wp-json\/wp\/v2\/product_brand?post=18920"},{"taxonomy":"product_cat","embeddable":true,"href":"https:\/\/www.valaz.es\/it\/wp-json\/wp\/v2\/product_cat?post=18920"},{"taxonomy":"product_tag","embeddable":true,"href":"https:\/\/www.valaz.es\/it\/wp-json\/wp\/v2\/product_tag?post=18920"},{"taxonomy":"serie","embeddable":true,"href":"https:\/\/www.valaz.es\/it\/wp-json\/wp\/v2\/serie?post=18920"},{"taxonomy":"manual-de-instalacion","embeddable":true,"href":"https:\/\/www.valaz.es\/it\/wp-json\/wp\/v2\/manual-de-instalacion?post=18920"},{"taxonomy":"color","embeddable":true,"href":"https:\/\/www.valaz.es\/it\/wp-json\/wp\/v2\/color?post=18920"}],"curies":[{"name":"wp","href":"https:\/\/api.w.org\/{rel}","templated":true}]}}