{"id":17299,"date":"2025-04-23T16:48:18","date_gmt":"2025-04-23T14:48:18","guid":{"rendered":"https:\/\/www.valaz.es\/?post_type=product&#038;p=17299"},"modified":"2025-10-05T13:54:31","modified_gmt":"2025-10-05T11:54:31","slug":"grifo-de-lavabo-con-pulsador-temporizador-oro-mate-con-proteccion-pvd-serie-navia","status":"publish","type":"product","link":"https:\/\/www.valaz.es\/it\/prodotto\/grifo-de-lavabo-con-pulsador-temporizador-oro-mate-con-proteccion-pvd-serie-navia\/","title":{"rendered":"Grifo de lavabo con pulsador temporizador oro mate con protecci\u00f3n PVD &#8211; Serie Navia"},"content":{"rendered":"<p class=\"\" data-start=\"1170\" data-end=\"1539\">Este grifo de lavabo temporizador de la Serie Navia en oro mate est\u00e1 dise\u00f1ado exclusivamente para agua fr\u00eda y cuenta con un sistema de pulsador con temporizador que cierra autom\u00e1ticamente el paso del agua. El acabado oro mate con protecci\u00f3n PVD a\u00f1ade un toque elegante y gran durabilidad. Una opci\u00f3n pr\u00e1ctica para lavabos de sobre encimera o tipo bol.<\/p>\n<p class=\"\" data-start=\"1541\" data-end=\"1563\"><strong data-start=\"1541\" data-end=\"1561\">Especificaciones<\/strong><\/p>\n<ul data-start=\"1564\" data-end=\"1842\">\n<li class=\"\" data-start=\"1564\" data-end=\"1615\">\n<p class=\"\" data-start=\"1566\" data-end=\"1615\">Tipo de grifo: Lavabo con pulsador temporizador<\/p>\n<\/li>\n<li class=\"\" data-start=\"1616\" data-end=\"1656\">\n<p class=\"\" data-start=\"1618\" data-end=\"1656\">Acabado: Oro mate con protecci\u00f3n PVD<\/p>\n<\/li>\n<li class=\"\" data-start=\"1657\" data-end=\"1676\">\n<p class=\"\" data-start=\"1659\" data-end=\"1676\">Material: Lat\u00f3n<\/p>\n<\/li>\n<li class=\"\" data-start=\"1677\" data-end=\"1733\">\n<p class=\"\" data-start=\"1679\" data-end=\"1733\">Funcionamiento: Pulsador con temporizador autom\u00e1tico<\/p>\n<\/li>\n<li class=\"\" data-start=\"1734\" data-end=\"1762\">\n<p class=\"\" data-start=\"1736\" data-end=\"1762\">Conexi\u00f3n: Solo agua fr\u00eda<\/p>\n<\/li>\n<li class=\"\" data-start=\"1763\" data-end=\"1790\">\n<p class=\"\" data-start=\"1765\" data-end=\"1790\">Montaje: Sobre encimera<\/p>\n<\/li>\n<li class=\"\" data-start=\"1791\" data-end=\"1842\">\n<p class=\"\" data-start=\"1793\" data-end=\"1842\">Uso recomendado: Lavabos de uso p\u00fablico o privado<\/p>\n<\/li>\n<\/ul>\n","protected":false},"excerpt":{"rendered":"<p>Este grifo de lavabo temporizador de la Serie Navia en  [&#8230;]<\/p>\n","protected":false},"featured_media":17293,"template":"","meta":[],"product_brand":[],"product_cat":[48],"product_tag":[],"serie":[319],"manual-de-instalacion":[],"color":[],"class_list":{"0":"post-17299","1":"product","2":"type-product","3":"status-publish","4":"has-post-thumbnail","6":"product_cat-grifos-de-lavabo","7":"serie-navia","9":"first","10":"instock","11":"taxable","12":"shipping-taxable","13":"product-type-simple"},"_links":{"self":[{"href":"https:\/\/www.valaz.es\/it\/wp-json\/wp\/v2\/product\/17299","targetHints":{"allow":["GET"]}}],"collection":[{"href":"https:\/\/www.valaz.es\/it\/wp-json\/wp\/v2\/product"}],"about":[{"href":"https:\/\/www.valaz.es\/it\/wp-json\/wp\/v2\/types\/product"}],"wp:featuredmedia":[{"embeddable":true,"href":"https:\/\/www.valaz.es\/it\/wp-json\/wp\/v2\/media\/17293"}],"wp:attachment":[{"href":"https:\/\/www.valaz.es\/it\/wp-json\/wp\/v2\/media?parent=17299"}],"wp:term":[{"taxonomy":"product_brand","embeddable":true,"href":"https:\/\/www.valaz.es\/it\/wp-json\/wp\/v2\/product_brand?post=17299"},{"taxonomy":"product_cat","embeddable":true,"href":"https:\/\/www.valaz.es\/it\/wp-json\/wp\/v2\/product_cat?post=17299"},{"taxonomy":"product_tag","embeddable":true,"href":"https:\/\/www.valaz.es\/it\/wp-json\/wp\/v2\/product_tag?post=17299"},{"taxonomy":"serie","embeddable":true,"href":"https:\/\/www.valaz.es\/it\/wp-json\/wp\/v2\/serie?post=17299"},{"taxonomy":"manual-de-instalacion","embeddable":true,"href":"https:\/\/www.valaz.es\/it\/wp-json\/wp\/v2\/manual-de-instalacion?post=17299"},{"taxonomy":"color","embeddable":true,"href":"https:\/\/www.valaz.es\/it\/wp-json\/wp\/v2\/color?post=17299"}],"curies":[{"name":"wp","href":"https:\/\/api.w.org\/{rel}","templated":true}]}}