{"id":16040,"date":"2025-03-28T11:28:15","date_gmt":"2025-03-28T10:28:15","guid":{"rendered":"https:\/\/www.valaz.es\/?post_type=product&#038;p=16040"},"modified":"2025-04-03T16:31:45","modified_gmt":"2025-04-03T14:31:45","slug":"spray-grifo-de-cocina-redondo-oro-mate-con-proteccion-pvd","status":"publish","type":"product","link":"https:\/\/www.valaz.es\/it\/prodotto\/spray-grifo-de-cocina-redondo-oro-mate-con-proteccion-pvd\/","title":{"rendered":"Spray grifo de cocina redondo oro mate con protecci\u00f3n PVD"},"content":{"rendered":"<p class=\"\" data-start=\"68\" data-end=\"261\">Spray de repuesto para grifo de cocina con acabado oro mate y protecci\u00f3n PVD, que mejora la resistencia a la corrosi\u00f3n y el desgaste. Dise\u00f1o funcional para un mejor control del flujo de agua.<\/p>\n<h5 class=\"\" data-start=\"263\" data-end=\"288\">Especificaciones:<\/h5>\n<ul data-start=\"289\" data-end=\"428\" data-is-last-node=\"\" data-is-only-node=\"\">\n<li class=\"\" data-start=\"289\" data-end=\"310\">\n<p class=\"\" data-start=\"291\" data-end=\"310\"><strong data-start=\"291\" data-end=\"304\">Material:<\/strong> PVC<\/p>\n<\/li>\n<li class=\"\" data-start=\"311\" data-end=\"336\">\n<p class=\"\" data-start=\"313\" data-end=\"336\"><strong data-start=\"313\" data-end=\"325\">Acabado:<\/strong> Oro mate<\/p>\n<\/li>\n<li class=\"\" data-start=\"337\" data-end=\"360\">\n<p class=\"\" data-start=\"339\" data-end=\"360\"><strong data-start=\"339\" data-end=\"354\">Protecci\u00f3n:<\/strong> PVD<\/p>\n<\/li>\n<li class=\"\" data-start=\"361\" data-end=\"389\">\n<p class=\"\" data-start=\"363\" data-end=\"389\"><strong data-start=\"363\" data-end=\"376\">Conexi\u00f3n:<\/strong> Rosca 1\/2\u201d<\/p>\n<\/li>\n<li class=\"\" data-start=\"390\" data-end=\"428\">\n<p class=\"\" data-start=\"392\" data-end=\"428\"><strong data-start=\"392\" data-end=\"406\">Funciones:<\/strong> Chorro normal y spray<\/p>\n<\/li>\n<\/ul>\n","protected":false},"excerpt":{"rendered":"<p>Spray de repuesto para grifo de cocina con acabado oro  [&#8230;]<\/p>\n","protected":false},"featured_media":16035,"template":"","meta":[],"product_brand":[],"product_cat":[388],"product_tag":[],"serie":[],"manual-de-instalacion":[],"color":[350],"class_list":{"0":"post-16040","1":"product","2":"type-product","3":"status-publish","4":"has-post-thumbnail","6":"product_cat-accesorios-2","7":"color-oro-mate-cepillado","9":"first","10":"instock","11":"taxable","12":"shipping-taxable","13":"product-type-simple"},"_links":{"self":[{"href":"https:\/\/www.valaz.es\/it\/wp-json\/wp\/v2\/product\/16040","targetHints":{"allow":["GET"]}}],"collection":[{"href":"https:\/\/www.valaz.es\/it\/wp-json\/wp\/v2\/product"}],"about":[{"href":"https:\/\/www.valaz.es\/it\/wp-json\/wp\/v2\/types\/product"}],"wp:featuredmedia":[{"embeddable":true,"href":"https:\/\/www.valaz.es\/it\/wp-json\/wp\/v2\/media\/16035"}],"wp:attachment":[{"href":"https:\/\/www.valaz.es\/it\/wp-json\/wp\/v2\/media?parent=16040"}],"wp:term":[{"taxonomy":"product_brand","embeddable":true,"href":"https:\/\/www.valaz.es\/it\/wp-json\/wp\/v2\/product_brand?post=16040"},{"taxonomy":"product_cat","embeddable":true,"href":"https:\/\/www.valaz.es\/it\/wp-json\/wp\/v2\/product_cat?post=16040"},{"taxonomy":"product_tag","embeddable":true,"href":"https:\/\/www.valaz.es\/it\/wp-json\/wp\/v2\/product_tag?post=16040"},{"taxonomy":"serie","embeddable":true,"href":"https:\/\/www.valaz.es\/it\/wp-json\/wp\/v2\/serie?post=16040"},{"taxonomy":"manual-de-instalacion","embeddable":true,"href":"https:\/\/www.valaz.es\/it\/wp-json\/wp\/v2\/manual-de-instalacion?post=16040"},{"taxonomy":"color","embeddable":true,"href":"https:\/\/www.valaz.es\/it\/wp-json\/wp\/v2\/color?post=16040"}],"curies":[{"name":"wp","href":"https:\/\/api.w.org\/{rel}","templated":true}]}}