{"id":16039,"date":"2025-03-28T11:28:31","date_gmt":"2025-03-28T10:28:31","guid":{"rendered":"https:\/\/www.valaz.es\/?post_type=product&#038;p=16039"},"modified":"2025-05-25T10:54:31","modified_gmt":"2025-05-25T08:54:31","slug":"spray-grifo-de-cocina-redondo-negro-mate","status":"publish","type":"product","link":"https:\/\/www.valaz.es\/it\/prodotto\/spray-grifo-de-cocina-redondo-negro-mate\/","title":{"rendered":"Spray grifo de cocina redondo negro mate"},"content":{"rendered":"<article class=\"w-full text-token-text-primary\" dir=\"auto\" data-testid=\"conversation-turn-34\" data-scroll-anchor=\"true\">\n<div class=\"text-base my-auto mx-auto py-5 px-6\">\n<div class=\"mx-auto flex flex-1 text-base gap-4 md:gap-5 lg:gap-6 md:max-w-3xl lg:max-w-[40rem] xl:max-w-[48rem] group\/turn-messages focus-visible:outline-none\" tabindex=\"-1\">\n<div class=\"group\/conversation-turn relative flex w-full min-w-0 flex-col agent-turn @xs\/thread:px-0 @sm\/thread:px-1.5 @md\/thread:px-4\">\n<div class=\"relative flex-col gap-1 md:gap-3\">\n<div class=\"flex max-w-full flex-col flex-grow\">\n<div class=\"min-h-8 text-message relative flex w-full flex-col items-end gap-2 whitespace-normal break-words text-start [.text-message+&amp;]:mt-5\" dir=\"auto\" data-message-author-role=\"assistant\" data-message-id=\"ba12000b-5d44-47be-8cc5-69102ce0174c\" data-message-model-slug=\"gpt-4o\">\n<div class=\"flex w-full flex-col gap-1 empty:hidden first:pt-[3px]\">\n<div class=\"markdown prose w-full break-words dark:prose-invert light\">\n<p class=\"\" data-start=\"51\" data-end=\"152\">Spray funcional y duradero con acabado negro mate. Dise\u00f1o ergon\u00f3mico para un uso c\u00f3modo y pr\u00e1ctico.<\/p>\n<h5 data-start=\"154\" data-end=\"177\"><strong>Especificaciones:<\/strong><\/h5>\n<ul data-start=\"178\" data-end=\"309\" data-is-last-node=\"\" data-is-only-node=\"\">\n<li class=\"\" data-start=\"178\" data-end=\"199\">\n<p class=\"\" data-start=\"180\" data-end=\"199\"><strong data-start=\"180\" data-end=\"191\">Modelo:<\/strong> PR001<\/p>\n<\/li>\n<li class=\"\" data-start=\"200\" data-end=\"229\">\n<p class=\"\" data-start=\"202\" data-end=\"229\"><strong data-start=\"202\" data-end=\"215\">Material:<\/strong> PVC<\/p>\n<\/li>\n<li class=\"\" data-start=\"230\" data-end=\"257\">\n<p class=\"\" data-start=\"232\" data-end=\"257\"><strong data-start=\"232\" data-end=\"244\">Acabado:<\/strong> Negro mate<\/p>\n<\/li>\n<li class=\"\" data-start=\"258\" data-end=\"277\">\n<p class=\"\" data-start=\"260\" data-end=\"277\"><strong data-start=\"260\" data-end=\"270\">Rosca:<\/strong> 1\/2\u201d<\/p>\n<\/li>\n<li class=\"\" data-start=\"278\" data-end=\"309\">\n<p class=\"\" data-start=\"280\" data-end=\"309\"><strong data-start=\"280\" data-end=\"294\">Funciones:<\/strong> Chorro y ducha<\/p>\n<\/li>\n<\/ul>\n<\/div>\n<\/div>\n<\/div>\n<\/div>\n<div class=\"flex justify-start\"><\/div>\n<\/div>\n<\/div>\n<\/div>\n<\/div>\n<\/article>\n<div class=\"pointer-events-none h-px w-px\" aria-hidden=\"true\" data-edge=\"true\"><\/div>\n","protected":false},"excerpt":{"rendered":"<p>Spray funcional y duradero con acabado negro mate. Dise\u00f1o ergon\u00f3mico  [&#8230;]<\/p>\n","protected":false},"featured_media":16031,"template":"","meta":[],"product_brand":[],"product_cat":[70],"product_tag":[],"serie":[],"manual-de-instalacion":[],"color":[27],"class_list":{"0":"post-16039","1":"product","2":"type-product","3":"status-publish","4":"has-post-thumbnail","6":"product_cat-accesorios","7":"color-negro-mate","9":"first","10":"instock","11":"taxable","12":"shipping-taxable","13":"product-type-simple"},"_links":{"self":[{"href":"https:\/\/www.valaz.es\/it\/wp-json\/wp\/v2\/product\/16039","targetHints":{"allow":["GET"]}}],"collection":[{"href":"https:\/\/www.valaz.es\/it\/wp-json\/wp\/v2\/product"}],"about":[{"href":"https:\/\/www.valaz.es\/it\/wp-json\/wp\/v2\/types\/product"}],"wp:featuredmedia":[{"embeddable":true,"href":"https:\/\/www.valaz.es\/it\/wp-json\/wp\/v2\/media\/16031"}],"wp:attachment":[{"href":"https:\/\/www.valaz.es\/it\/wp-json\/wp\/v2\/media?parent=16039"}],"wp:term":[{"taxonomy":"product_brand","embeddable":true,"href":"https:\/\/www.valaz.es\/it\/wp-json\/wp\/v2\/product_brand?post=16039"},{"taxonomy":"product_cat","embeddable":true,"href":"https:\/\/www.valaz.es\/it\/wp-json\/wp\/v2\/product_cat?post=16039"},{"taxonomy":"product_tag","embeddable":true,"href":"https:\/\/www.valaz.es\/it\/wp-json\/wp\/v2\/product_tag?post=16039"},{"taxonomy":"serie","embeddable":true,"href":"https:\/\/www.valaz.es\/it\/wp-json\/wp\/v2\/serie?post=16039"},{"taxonomy":"manual-de-instalacion","embeddable":true,"href":"https:\/\/www.valaz.es\/it\/wp-json\/wp\/v2\/manual-de-instalacion?post=16039"},{"taxonomy":"color","embeddable":true,"href":"https:\/\/www.valaz.es\/it\/wp-json\/wp\/v2\/color?post=16039"}],"curies":[{"name":"wp","href":"https:\/\/api.w.org\/{rel}","templated":true}]}}