{"id":15222,"date":"2025-01-23T13:02:07","date_gmt":"2025-01-23T12:02:07","guid":{"rendered":"https:\/\/www.valaz.es\/?post_type=product&#038;p=15222"},"modified":"2025-10-06T00:54:36","modified_gmt":"2025-10-05T22:54:36","slug":"grifo-de-bidet-empotrado-redondo-1-via-agua-fria-negro-mate-serie-cabriel","status":"publish","type":"product","link":"https:\/\/www.valaz.es\/it\/prodotto\/grifo-de-bidet-empotrado-redondo-1-via-agua-fria-negro-mate-serie-cabriel\/","title":{"rendered":"Grifo de bidet empotrado redondo 1 v\u00eda agua fr\u00eda negro mate  &#8211; Serie Cabriel"},"content":{"rendered":"<p class=\"\" data-start=\"82\" data-end=\"230\">Grifo de bid\u00e9 empotrado con dise\u00f1o moderno y acabado negro mate. Funciona con una sola v\u00eda de agua fr\u00eda, ideal para ba\u00f1os elegantes y funcionales.<\/p>\n<h5 class=\"\" data-start=\"232\" data-end=\"257\">Especificaciones:<\/h5>\n<ul data-start=\"258\" data-end=\"483\" data-is-last-node=\"\" data-is-only-node=\"\">\n<li class=\"\" data-start=\"258\" data-end=\"291\">\n<p class=\"\" data-start=\"260\" data-end=\"291\"><strong data-start=\"260\" data-end=\"273\">Material:<\/strong> Cuerpo de lat\u00f3n<\/p>\n<\/li>\n<li class=\"\" data-start=\"292\" data-end=\"319\">\n<p class=\"\" data-start=\"294\" data-end=\"319\"><strong data-start=\"294\" data-end=\"306\">Acabado:<\/strong> Negro mate<\/p>\n<\/li>\n<li class=\"\" data-start=\"320\" data-end=\"351\">\n<p class=\"\" data-start=\"322\" data-end=\"351\"><strong data-start=\"322\" data-end=\"331\">Tipo:<\/strong> 1 v\u00eda (agua fr\u00eda)<\/p>\n<\/li>\n<li class=\"\" data-start=\"352\" data-end=\"378\">\n<p class=\"\" data-start=\"354\" data-end=\"378\"><strong data-start=\"354\" data-end=\"367\">Cartucho:<\/strong> Cer\u00e1mico<\/p>\n<\/li>\n<li class=\"\" data-start=\"379\" data-end=\"401\">\n<p class=\"\" data-start=\"381\" data-end=\"401\"><strong data-start=\"381\" data-end=\"394\">Conexi\u00f3n:<\/strong> G1\/2<\/p>\n<\/li>\n<li class=\"\" data-start=\"402\" data-end=\"443\">\n<p class=\"\" data-start=\"404\" data-end=\"443\"><strong data-start=\"404\" data-end=\"414\">Flexo:<\/strong> Acero inoxidable de 100 cm<\/p>\n<\/li>\n<li class=\"\" data-start=\"444\" data-end=\"483\">\n<p class=\"\" data-start=\"446\" data-end=\"483\"><strong data-start=\"446\" data-end=\"469\">Presi\u00f3n de trabajo:<\/strong> 0.1 &#8211; 1.0 MPa<\/p>\n<\/li>\n<\/ul>\n","protected":false},"excerpt":{"rendered":"<p>Serie Guadiana con l\u00edneas curvas y redondas, destacada por su sencillez y elegancia, una de nuestras series m\u00e1s minimalista y moderna. Disponemos de ducha empotrada tanto a pared como a techo, grifo de lavabo empotrado, grifo de bid\u00e9 empotrado. Es una de las series m\u00e1s completas en cuanto a productos con la mejor relaci\u00f3n calidad precio y unos acabados en cromado, dorado cepillado, negro mate, acero cepillado, Gun metal, dorado envejecido, blanco.<\/p>\n<p>La garant\u00eda de todos nuestros productos es de 3 a\u00f1os, para funcionamiento, duraci\u00f3n del esmaltado y anticorrosi\u00f3n.<\/p>\n<p>Recomendamos para un correcto mantenimiento de la grifer\u00eda y evitar el deterioro por el uso. Secar las gotas de agua con un pa\u00f1o suave despu\u00e9s del uso, evitando que se posen en la superficie y deterioran el acabado, no utilizar esponjas que puedan rayar la grifer\u00eda, utilizar limpiadores como vinagre limpieza, agua caliente y jab\u00f3n con pH neutro.<\/p>\n<p>&nbsp;<\/p>\n<p><strong>Nuestro departamento\u00a0t\u00e9cnico\u00a0dispone de\u00a0gu\u00edas\u00a0de todos los\u00a0modelos\u00a0empotrados\u00a0que vendemos<\/strong><strong>,\u00a0si tiene alguna duda con la\u00a0instalaci\u00f3n\u00a0contacte con nosotros mediante\u00a0tel\u00e9fono,\u00a0WhatsApp\u00a0o email dentro del horario laboral indicado en la web.<\/strong><\/p>\n<p><strong>Recuerden que una vez instalado el cuerpo\u00a0empotrado\u00a0de la\u00a0grifer\u00eda\u00a0revisar de su correcto funcionamiento de paso de agua, comprobaci\u00f3n de cartuchos y corte de agua, si detecta alguna\u00a0anomal\u00eda\u00a0informe a nuestro\u00a0departamento\u00a0para darle una\u00a0soluci\u00f3n, no\u00a0contin\u00fae\u00a0con la\u00a0instalaci\u00f3n\u00a0de cerramiento de la pared.<\/strong><\/p>\n","protected":false},"featured_media":15213,"template":"","meta":[],"product_brand":[],"product_cat":[54,59],"product_tag":[],"serie":[44],"manual-de-instalacion":[],"color":[27],"class_list":{"0":"post-15222","1":"product","2":"type-product","3":"status-publish","4":"has-post-thumbnail","6":"product_cat-grifos-de-bidet","7":"product_cat-grifos-de-bidet-empotrados","8":"serie-cabriel","9":"color-negro-mate","11":"first","12":"instock","13":"taxable","14":"shipping-taxable","15":"product-type-simple"},"_links":{"self":[{"href":"https:\/\/www.valaz.es\/it\/wp-json\/wp\/v2\/product\/15222","targetHints":{"allow":["GET"]}}],"collection":[{"href":"https:\/\/www.valaz.es\/it\/wp-json\/wp\/v2\/product"}],"about":[{"href":"https:\/\/www.valaz.es\/it\/wp-json\/wp\/v2\/types\/product"}],"wp:featuredmedia":[{"embeddable":true,"href":"https:\/\/www.valaz.es\/it\/wp-json\/wp\/v2\/media\/15213"}],"wp:attachment":[{"href":"https:\/\/www.valaz.es\/it\/wp-json\/wp\/v2\/media?parent=15222"}],"wp:term":[{"taxonomy":"product_brand","embeddable":true,"href":"https:\/\/www.valaz.es\/it\/wp-json\/wp\/v2\/product_brand?post=15222"},{"taxonomy":"product_cat","embeddable":true,"href":"https:\/\/www.valaz.es\/it\/wp-json\/wp\/v2\/product_cat?post=15222"},{"taxonomy":"product_tag","embeddable":true,"href":"https:\/\/www.valaz.es\/it\/wp-json\/wp\/v2\/product_tag?post=15222"},{"taxonomy":"serie","embeddable":true,"href":"https:\/\/www.valaz.es\/it\/wp-json\/wp\/v2\/serie?post=15222"},{"taxonomy":"manual-de-instalacion","embeddable":true,"href":"https:\/\/www.valaz.es\/it\/wp-json\/wp\/v2\/manual-de-instalacion?post=15222"},{"taxonomy":"color","embeddable":true,"href":"https:\/\/www.valaz.es\/it\/wp-json\/wp\/v2\/color?post=15222"}],"curies":[{"name":"wp","href":"https:\/\/api.w.org\/{rel}","templated":true}]}}