{"id":15192,"date":"2025-01-23T11:56:16","date_gmt":"2025-01-23T10:56:16","guid":{"rendered":"https:\/\/www.valaz.es\/?post_type=product&#038;p=15192"},"modified":"2025-05-09T14:54:22","modified_gmt":"2025-05-09T12:54:22","slug":"soporte-pared-cuadrado-oro-mate-con-proteccion-pvd","status":"publish","type":"product","link":"https:\/\/www.valaz.es\/it\/prodotto\/soporte-pared-cuadrado-oro-mate-con-proteccion-pvd\/","title":{"rendered":"Soporte pared cuadrado oro mate con protecci\u00f3n PVD"},"content":{"rendered":"<p class=\"\" data-start=\"61\" data-end=\"248\">Soporte de pared con dise\u00f1o cuadrado y acabado en oro mate con protecci\u00f3n PVD, perfecto para agregar un toque elegante y duradero a tu ba\u00f1o. Resistente a la humedad y f\u00e1cil de instalar.<\/p>\n<h5 class=\"\" data-start=\"250\" data-end=\"275\">Especificaciones:<\/h5>\n<ul data-start=\"276\" data-end=\"405\" data-is-last-node=\"\" data-is-only-node=\"\">\n<li class=\"\" data-start=\"276\" data-end=\"299\">\n<p class=\"\" data-start=\"278\" data-end=\"299\"><strong data-start=\"278\" data-end=\"291\">Material:<\/strong> Metal<\/p>\n<\/li>\n<li class=\"\" data-start=\"300\" data-end=\"344\">\n<p class=\"\" data-start=\"302\" data-end=\"344\"><strong data-start=\"302\" data-end=\"314\">Acabado:<\/strong> Oro mate con protecci\u00f3n PVD<\/p>\n<\/li>\n<li class=\"\" data-start=\"345\" data-end=\"382\">\n<p class=\"\" data-start=\"347\" data-end=\"382\"><strong data-start=\"347\" data-end=\"371\">Tipo de instalaci\u00f3n:<\/strong> De pared<\/p>\n<\/li>\n<li class=\"\" data-start=\"383\" data-end=\"405\">\n<p class=\"\" data-start=\"385\" data-end=\"405\"><strong data-start=\"385\" data-end=\"396\">Dise\u00f1o:<\/strong> Cuadrado<\/p>\n<\/li>\n<\/ul>\n","protected":false},"excerpt":{"rendered":"<p>Soporte de pared con dise\u00f1o cuadrado y acabado en oro  [&#8230;]<\/p>\n","protected":false},"featured_media":15643,"template":"","meta":[],"product_brand":[],"product_cat":[390],"product_tag":[],"serie":[],"manual-de-instalacion":[],"color":[],"class_list":{"0":"post-15192","1":"product","2":"type-product","3":"status-publish","4":"has-post-thumbnail","6":"product_cat-elementos-de-ducha","8":"first","9":"instock","10":"taxable","11":"shipping-taxable","12":"product-type-simple"},"_links":{"self":[{"href":"https:\/\/www.valaz.es\/it\/wp-json\/wp\/v2\/product\/15192","targetHints":{"allow":["GET"]}}],"collection":[{"href":"https:\/\/www.valaz.es\/it\/wp-json\/wp\/v2\/product"}],"about":[{"href":"https:\/\/www.valaz.es\/it\/wp-json\/wp\/v2\/types\/product"}],"wp:featuredmedia":[{"embeddable":true,"href":"https:\/\/www.valaz.es\/it\/wp-json\/wp\/v2\/media\/15643"}],"wp:attachment":[{"href":"https:\/\/www.valaz.es\/it\/wp-json\/wp\/v2\/media?parent=15192"}],"wp:term":[{"taxonomy":"product_brand","embeddable":true,"href":"https:\/\/www.valaz.es\/it\/wp-json\/wp\/v2\/product_brand?post=15192"},{"taxonomy":"product_cat","embeddable":true,"href":"https:\/\/www.valaz.es\/it\/wp-json\/wp\/v2\/product_cat?post=15192"},{"taxonomy":"product_tag","embeddable":true,"href":"https:\/\/www.valaz.es\/it\/wp-json\/wp\/v2\/product_tag?post=15192"},{"taxonomy":"serie","embeddable":true,"href":"https:\/\/www.valaz.es\/it\/wp-json\/wp\/v2\/serie?post=15192"},{"taxonomy":"manual-de-instalacion","embeddable":true,"href":"https:\/\/www.valaz.es\/it\/wp-json\/wp\/v2\/manual-de-instalacion?post=15192"},{"taxonomy":"color","embeddable":true,"href":"https:\/\/www.valaz.es\/it\/wp-json\/wp\/v2\/color?post=15192"}],"curies":[{"name":"wp","href":"https:\/\/api.w.org\/{rel}","templated":true}]}}