{"id":15181,"date":"2025-01-23T11:11:59","date_gmt":"2025-01-23T10:11:59","guid":{"rendered":"https:\/\/www.valaz.es\/?post_type=product&#038;p=15181"},"modified":"2026-04-07T13:23:09","modified_gmt":"2026-04-07T11:23:09","slug":"ducha-empotrada-bimando-redonda-de-1-salida-via-oro-mate-con-proteccion-pvd-serie-nalon","status":"publish","type":"product","link":"https:\/\/www.valaz.es\/it\/prodotto\/ducha-empotrada-bimando-redonda-de-1-salida-via-oro-mate-con-proteccion-pvd-serie-nalon\/","title":{"rendered":"Ducha empotrada bimando redonda de 1 salida\/v\u00eda oro mate con protecci\u00f3n PVD &#8211; Serie Nal\u00f3n"},"content":{"rendered":"<div class=\"pb-left-column col-xs-12 col-sm-4 col-md-5\">\n<p class=\"\" data-start=\"87\" data-end=\"280\">Ducha empotrada con dise\u00f1o cl\u00e1sico y elegante, equipada con un sistema bimando para un control preciso del agua. Su acabado en oro mate con protecci\u00f3n PVD garantiza resistencia y durabilidad.<\/p>\n<h5 class=\"\" data-start=\"282\" data-end=\"307\">Especificaciones:<\/h5>\n<ul data-start=\"308\" data-end=\"450\" data-is-last-node=\"\" data-is-only-node=\"\">\n<li class=\"\" data-start=\"308\" data-end=\"331\">\n<p class=\"\" data-start=\"310\" data-end=\"331\"><strong data-start=\"310\" data-end=\"323\">Material:<\/strong> Lat\u00f3n<\/p>\n<\/li>\n<li class=\"\" data-start=\"332\" data-end=\"376\">\n<p class=\"\" data-start=\"334\" data-end=\"376\"><strong data-start=\"334\" data-end=\"346\">Acabado:<\/strong> Oro mate con protecci\u00f3n PVD<\/p>\n<\/li>\n<li class=\"\" data-start=\"377\" data-end=\"398\">\n<p class=\"\" data-start=\"379\" data-end=\"398\"><strong data-start=\"379\" data-end=\"388\">Tipo:<\/strong> Bimando<\/p>\n<\/li>\n<li class=\"\" data-start=\"399\" data-end=\"421\">\n<p class=\"\" data-start=\"401\" data-end=\"421\"><strong data-start=\"401\" data-end=\"410\">V\u00edas:<\/strong> 1 salida<\/p>\n<\/li>\n<li class=\"\" data-start=\"422\" data-end=\"450\">\n<p class=\"\" data-start=\"424\" data-end=\"450\"><strong data-start=\"424\" data-end=\"440\">Instalaci\u00f3n:<\/strong> Empotrada<\/p>\n<\/li>\n<\/ul>\n<\/div>\n","protected":false},"excerpt":{"rendered":"<p>Serie Nal\u00f3n destaca por los dos mandos, uno para lado del grifo ( agua fr\u00eda y agua caliente) para obtener la temperatura ideal y el caudal adecuado. Con acabados en cromado, dorado cepillado y negro mate y rosa. Disponemos de Grifo de lavabo empotrado y ducha empotrada<\/p>\n<p>La garant\u00eda de todos nuestros productos es de 3 a\u00f1os, para funcionamiento, duraci\u00f3n del esmaltado y anticorrosi\u00f3n.<\/p>\n<p>Recomendamos para un correcto mantenimiento de la grifer\u00eda y evitar el deterioro por el uso. Secar las gotas de agua con un pa\u00f1o suave despu\u00e9s del uso, evitando que se posen en la superficie y deterioran el acabado, no utilizar esponjas que puedan rayar la grifer\u00eda, utilizar limpiadores como vinagre limpieza, agua caliente y jab\u00f3n con ph neutro.<\/p>\n<p>&nbsp;<\/p>\n<p><strong>Nuestro departamento\u00a0t\u00e9cnico\u00a0dispone de\u00a0gu\u00edas\u00a0de todos los\u00a0modelos\u00a0empotrados\u00a0que vendemos<\/strong><strong>,\u00a0si tiene alguna duda con la\u00a0instalaci\u00f3n\u00a0contacte con nosotros mediante\u00a0tel\u00e9fono,\u00a0WhatsApp\u00a0o email dentro del horario laboral indicado en la web.<\/strong><\/p>\n<p><strong>Recuerden que una vez instalado el cuerpo\u00a0empotrado\u00a0de la\u00a0grifer\u00eda\u00a0revisar de su correcto funcionamiento de paso de agua, comprobaci\u00f3n de cartuchos y corte de agua, si detecta alguna\u00a0anomal\u00eda\u00a0informe a nuestro\u00a0departamento\u00a0para darle una\u00a0soluci\u00f3n, no\u00a0contin\u00fae\u00a0con la\u00a0instalaci\u00f3n\u00a0de cerramiento de la pared.<\/strong><\/p>\n","protected":false},"featured_media":15238,"template":"","meta":[],"product_brand":[],"product_cat":[57,47],"product_tag":[],"serie":[69],"manual-de-instalacion":[87],"color":[350],"class_list":{"0":"post-15181","1":"product","2":"type-product","3":"status-publish","4":"has-post-thumbnail","6":"product_cat-duchas-empotradas","7":"product_cat-duchas","8":"pa_tamano-rociador-20cm","9":"pa_tamano-rociador-25cm","10":"pa_tamano-rociador-30cm","11":"serie-nalon","12":"manual-de-instalacion-guia-instalacion-ducha-bimando","13":"color-oro-mate-cepillado","15":"first","16":"instock","17":"taxable","18":"shipping-taxable","19":"product-type-variable"},"_links":{"self":[{"href":"https:\/\/www.valaz.es\/it\/wp-json\/wp\/v2\/product\/15181","targetHints":{"allow":["GET"]}}],"collection":[{"href":"https:\/\/www.valaz.es\/it\/wp-json\/wp\/v2\/product"}],"about":[{"href":"https:\/\/www.valaz.es\/it\/wp-json\/wp\/v2\/types\/product"}],"wp:featuredmedia":[{"embeddable":true,"href":"https:\/\/www.valaz.es\/it\/wp-json\/wp\/v2\/media\/15238"}],"wp:attachment":[{"href":"https:\/\/www.valaz.es\/it\/wp-json\/wp\/v2\/media?parent=15181"}],"wp:term":[{"taxonomy":"product_brand","embeddable":true,"href":"https:\/\/www.valaz.es\/it\/wp-json\/wp\/v2\/product_brand?post=15181"},{"taxonomy":"product_cat","embeddable":true,"href":"https:\/\/www.valaz.es\/it\/wp-json\/wp\/v2\/product_cat?post=15181"},{"taxonomy":"product_tag","embeddable":true,"href":"https:\/\/www.valaz.es\/it\/wp-json\/wp\/v2\/product_tag?post=15181"},{"taxonomy":"serie","embeddable":true,"href":"https:\/\/www.valaz.es\/it\/wp-json\/wp\/v2\/serie?post=15181"},{"taxonomy":"manual-de-instalacion","embeddable":true,"href":"https:\/\/www.valaz.es\/it\/wp-json\/wp\/v2\/manual-de-instalacion?post=15181"},{"taxonomy":"color","embeddable":true,"href":"https:\/\/www.valaz.es\/it\/wp-json\/wp\/v2\/color?post=15181"}],"curies":[{"name":"wp","href":"https:\/\/api.w.org\/{rel}","templated":true}]}}