{"id":15175,"date":"2025-01-23T10:59:48","date_gmt":"2025-01-23T09:59:48","guid":{"rendered":"https:\/\/www.valaz.es\/?post_type=product&#038;p=15175"},"modified":"2026-03-25T09:57:59","modified_gmt":"2026-03-25T08:57:59","slug":"grifo-de-cocina-cano-en-c-monomando-giratorio-oro-mate-con-proteccion-pvd-serie-zancara","status":"publish","type":"product","link":"https:\/\/www.valaz.es\/it\/prodotto\/grifo-de-cocina-cano-en-c-monomando-giratorio-oro-mate-con-proteccion-pvd-serie-zancara\/","title":{"rendered":"Grifo de cocina ca\u00f1o en C monomando giratorio oro mate con protecci\u00f3n PVD &#8211; Serie Zancara"},"content":{"rendered":"<p class=\"\" data-start=\"101\" data-end=\"287\">Grifo de cocina con dise\u00f1o moderno y funcional, equipado con un ca\u00f1o en C giratorio para mayor comodidad. Su acabado en oro mate con protecci\u00f3n PVD garantiza resistencia y durabilidad.<\/p>\n<h5 class=\"\" data-start=\"289\" data-end=\"314\">Especificaciones:<\/h5>\n<ul data-start=\"315\" data-end=\"558\" data-is-last-node=\"\" data-is-only-node=\"\">\n<li class=\"\" data-start=\"315\" data-end=\"336\">\n<p class=\"\" data-start=\"317\" data-end=\"336\"><strong data-start=\"317\" data-end=\"328\">Cuerpo:<\/strong> Lat\u00f3n<\/p>\n<\/li>\n<li class=\"\" data-start=\"337\" data-end=\"385\">\n<p class=\"\" data-start=\"339\" data-end=\"385\"><strong data-start=\"339\" data-end=\"348\">Ca\u00f1o:<\/strong> Acero inoxidable, en C y giratorio<\/p>\n<\/li>\n<li class=\"\" data-start=\"386\" data-end=\"430\">\n<p class=\"\" data-start=\"388\" data-end=\"430\"><strong data-start=\"388\" data-end=\"400\">Acabado:<\/strong> Oro mate con protecci\u00f3n PVD<\/p>\n<\/li>\n<li class=\"\" data-start=\"431\" data-end=\"454\">\n<p class=\"\" data-start=\"433\" data-end=\"454\"><strong data-start=\"433\" data-end=\"442\">Tipo:<\/strong> Monomando<\/p>\n<\/li>\n<li class=\"\" data-start=\"455\" data-end=\"489\">\n<p class=\"\" data-start=\"457\" data-end=\"489\"><strong data-start=\"457\" data-end=\"470\">Cartucho:<\/strong> Cer\u00e1mico \u00d8 35 mm<\/p>\n<\/li>\n<li class=\"\" data-start=\"490\" data-end=\"525\">\n<p class=\"\" data-start=\"492\" data-end=\"525\"><strong data-start=\"492\" data-end=\"518\">Mangueras de conexi\u00f3n:<\/strong> 3\/8\u201d<\/p>\n<\/li>\n<li class=\"\" data-start=\"526\" data-end=\"558\">\n<p class=\"\" data-start=\"528\" data-end=\"558\"><strong data-start=\"528\" data-end=\"544\">Instalaci\u00f3n:<\/strong> De superficie<\/p>\n<\/li>\n<\/ul>\n","protected":false},"excerpt":{"rendered":"<p>Grifo de cocina con dise\u00f1o moderno y funcional, equipado con  [&#8230;]<\/p>\n","protected":false},"featured_media":15177,"template":"","meta":[],"product_brand":[],"product_cat":[50],"product_tag":[],"serie":[337],"manual-de-instalacion":[],"color":[350],"class_list":{"0":"post-15175","1":"product","2":"type-product","3":"status-publish","4":"has-post-thumbnail","6":"product_cat-grifos-de-cocina","7":"serie-zancara","8":"color-oro-mate-cepillado","10":"first","11":"instock","12":"taxable","13":"shipping-taxable","14":"product-type-simple"},"_links":{"self":[{"href":"https:\/\/www.valaz.es\/it\/wp-json\/wp\/v2\/product\/15175","targetHints":{"allow":["GET"]}}],"collection":[{"href":"https:\/\/www.valaz.es\/it\/wp-json\/wp\/v2\/product"}],"about":[{"href":"https:\/\/www.valaz.es\/it\/wp-json\/wp\/v2\/types\/product"}],"wp:featuredmedia":[{"embeddable":true,"href":"https:\/\/www.valaz.es\/it\/wp-json\/wp\/v2\/media\/15177"}],"wp:attachment":[{"href":"https:\/\/www.valaz.es\/it\/wp-json\/wp\/v2\/media?parent=15175"}],"wp:term":[{"taxonomy":"product_brand","embeddable":true,"href":"https:\/\/www.valaz.es\/it\/wp-json\/wp\/v2\/product_brand?post=15175"},{"taxonomy":"product_cat","embeddable":true,"href":"https:\/\/www.valaz.es\/it\/wp-json\/wp\/v2\/product_cat?post=15175"},{"taxonomy":"product_tag","embeddable":true,"href":"https:\/\/www.valaz.es\/it\/wp-json\/wp\/v2\/product_tag?post=15175"},{"taxonomy":"serie","embeddable":true,"href":"https:\/\/www.valaz.es\/it\/wp-json\/wp\/v2\/serie?post=15175"},{"taxonomy":"manual-de-instalacion","embeddable":true,"href":"https:\/\/www.valaz.es\/it\/wp-json\/wp\/v2\/manual-de-instalacion?post=15175"},{"taxonomy":"color","embeddable":true,"href":"https:\/\/www.valaz.es\/it\/wp-json\/wp\/v2\/color?post=15175"}],"curies":[{"name":"wp","href":"https:\/\/api.w.org\/{rel}","templated":true}]}}