{"id":15170,"date":"2025-01-23T10:52:47","date_gmt":"2025-01-23T09:52:47","guid":{"rendered":"https:\/\/www.valaz.es\/?post_type=product&#038;p=15170"},"modified":"2025-11-28T10:54:25","modified_gmt":"2025-11-28T09:54:25","slug":"grifo-de-bidet-empotrado-cuadrado-oro-mate-con-proteccion-pvd-serie-tajo","status":"publish","type":"product","link":"https:\/\/www.valaz.es\/it\/prodotto\/grifo-de-bidet-empotrado-cuadrado-oro-mate-con-proteccion-pvd-serie-tajo\/","title":{"rendered":"Grifo de bidet empotrado cuadrado oro mate con protecci\u00f3n PVD &#8211; Serie Tajo"},"content":{"rendered":"<p class=\"\" data-start=\"81\" data-end=\"271\">Grifo de bid\u00e9 empotrado con dise\u00f1o cuadrado y elegante acabado en oro mate con protecci\u00f3n PVD. Cuenta con 2 v\u00edas para agua fr\u00eda y caliente, ofreciendo comodidad y funcionalidad en el ba\u00f1o.<\/p>\n<h5 class=\"\" data-start=\"273\" data-end=\"298\">Especificaciones:<\/h5>\n<ul data-start=\"299\" data-end=\"553\" data-is-last-node=\"\" data-is-only-node=\"\">\n<li class=\"\" data-start=\"299\" data-end=\"332\">\n<p class=\"\" data-start=\"301\" data-end=\"332\"><strong data-start=\"301\" data-end=\"314\">Material:<\/strong> Cuerpo de lat\u00f3n<\/p>\n<\/li>\n<li class=\"\" data-start=\"333\" data-end=\"377\">\n<p class=\"\" data-start=\"335\" data-end=\"377\"><strong data-start=\"335\" data-end=\"347\">Acabado:<\/strong> Oro mate con protecci\u00f3n PVD<\/p>\n<\/li>\n<li class=\"\" data-start=\"378\" data-end=\"421\">\n<p class=\"\" data-start=\"380\" data-end=\"421\"><strong data-start=\"380\" data-end=\"389\">Tipo:<\/strong> 2 v\u00edas (agua fr\u00eda y caliente)<\/p>\n<\/li>\n<li class=\"\" data-start=\"422\" data-end=\"448\">\n<p class=\"\" data-start=\"424\" data-end=\"448\"><strong data-start=\"424\" data-end=\"437\">Cartucho:<\/strong> Cer\u00e1mico<\/p>\n<\/li>\n<li class=\"\" data-start=\"449\" data-end=\"471\">\n<p class=\"\" data-start=\"451\" data-end=\"471\"><strong data-start=\"451\" data-end=\"464\">Conexi\u00f3n:<\/strong> G1\/2<\/p>\n<\/li>\n<li class=\"\" data-start=\"472\" data-end=\"513\">\n<p class=\"\" data-start=\"474\" data-end=\"513\"><strong data-start=\"474\" data-end=\"484\">Flexo:<\/strong> Acero inoxidable de 120 cm<\/p>\n<\/li>\n<li class=\"\" data-start=\"514\" data-end=\"553\">\n<p class=\"\" data-start=\"516\" data-end=\"553\"><strong data-start=\"516\" data-end=\"539\">Presi\u00f3n de trabajo:<\/strong> 0.1 &#8211; 1.0 MPa<\/p>\n<\/li>\n<\/ul>\n","protected":false},"excerpt":{"rendered":"<p>Grifo de bid\u00e9 empotrado con dise\u00f1o cuadrado y elegante acabado  [&#8230;]<\/p>\n","protected":false},"featured_media":15171,"template":"","meta":[],"product_brand":[],"product_cat":[54,59],"product_tag":[],"serie":[23],"manual-de-instalacion":[88],"color":[350],"class_list":{"0":"post-15170","1":"product","2":"type-product","3":"status-publish","4":"has-post-thumbnail","6":"product_cat-grifos-de-bidet","7":"product_cat-grifos-de-bidet-empotrados","8":"serie-tajo","9":"manual-de-instalacion-guia-instalacion-bide-empotrado","10":"color-oro-mate-cepillado","12":"first","13":"instock","14":"taxable","15":"shipping-taxable","16":"product-type-simple"},"_links":{"self":[{"href":"https:\/\/www.valaz.es\/it\/wp-json\/wp\/v2\/product\/15170","targetHints":{"allow":["GET"]}}],"collection":[{"href":"https:\/\/www.valaz.es\/it\/wp-json\/wp\/v2\/product"}],"about":[{"href":"https:\/\/www.valaz.es\/it\/wp-json\/wp\/v2\/types\/product"}],"wp:featuredmedia":[{"embeddable":true,"href":"https:\/\/www.valaz.es\/it\/wp-json\/wp\/v2\/media\/15171"}],"wp:attachment":[{"href":"https:\/\/www.valaz.es\/it\/wp-json\/wp\/v2\/media?parent=15170"}],"wp:term":[{"taxonomy":"product_brand","embeddable":true,"href":"https:\/\/www.valaz.es\/it\/wp-json\/wp\/v2\/product_brand?post=15170"},{"taxonomy":"product_cat","embeddable":true,"href":"https:\/\/www.valaz.es\/it\/wp-json\/wp\/v2\/product_cat?post=15170"},{"taxonomy":"product_tag","embeddable":true,"href":"https:\/\/www.valaz.es\/it\/wp-json\/wp\/v2\/product_tag?post=15170"},{"taxonomy":"serie","embeddable":true,"href":"https:\/\/www.valaz.es\/it\/wp-json\/wp\/v2\/serie?post=15170"},{"taxonomy":"manual-de-instalacion","embeddable":true,"href":"https:\/\/www.valaz.es\/it\/wp-json\/wp\/v2\/manual-de-instalacion?post=15170"},{"taxonomy":"color","embeddable":true,"href":"https:\/\/www.valaz.es\/it\/wp-json\/wp\/v2\/color?post=15170"}],"curies":[{"name":"wp","href":"https:\/\/api.w.org\/{rel}","templated":true}]}}