{"id":15164,"date":"2025-01-23T10:50:27","date_gmt":"2025-01-23T09:50:27","guid":{"rendered":"https:\/\/www.valaz.es\/?post_type=product&#038;p=15164"},"modified":"2026-03-10T10:09:31","modified_gmt":"2026-03-10T09:09:31","slug":"grifo-de-cocina-redondo-monomando-giratorio-oro-mate-con-proteccion-pvd-serie-misisipi","status":"publish","type":"product","link":"https:\/\/www.valaz.es\/it\/prodotto\/grifo-de-cocina-redondo-monomando-giratorio-oro-mate-con-proteccion-pvd-serie-misisipi\/","title":{"rendered":"Grifo de cocina redondo monomando giratorio oro mate con protecci\u00f3n PVD &#8211; Serie Misisipi"},"content":{"rendered":"<p class=\"\" data-start=\"96\" data-end=\"276\">Grifo de cocina con dise\u00f1o redondo y elegante, equipado con un ca\u00f1o giratorio para mayor comodidad. Su acabado en oro mate con protecci\u00f3n PVD garantiza resistencia y durabilidad.<\/p>\n<h5 class=\"\" data-start=\"278\" data-end=\"303\">Especificaciones:<\/h5>\n<ul data-start=\"304\" data-end=\"540\" data-is-last-node=\"\" data-is-only-node=\"\">\n<li class=\"\" data-start=\"304\" data-end=\"325\">\n<p class=\"\" data-start=\"306\" data-end=\"325\"><strong data-start=\"306\" data-end=\"317\">Cuerpo:<\/strong> Lat\u00f3n<\/p>\n<\/li>\n<li class=\"\" data-start=\"326\" data-end=\"367\">\n<p class=\"\" data-start=\"328\" data-end=\"367\"><strong data-start=\"328\" data-end=\"337\">Ca\u00f1o:<\/strong> Acero inoxidable, giratorio<\/p>\n<\/li>\n<li class=\"\" data-start=\"368\" data-end=\"412\">\n<p class=\"\" data-start=\"370\" data-end=\"412\"><strong data-start=\"370\" data-end=\"382\">Acabado:<\/strong> Oro mate con protecci\u00f3n PVD<\/p>\n<\/li>\n<li class=\"\" data-start=\"413\" data-end=\"436\">\n<p class=\"\" data-start=\"415\" data-end=\"436\"><strong data-start=\"415\" data-end=\"424\">Tipo:<\/strong> Monomando<\/p>\n<\/li>\n<li class=\"\" data-start=\"437\" data-end=\"471\">\n<p class=\"\" data-start=\"439\" data-end=\"471\"><strong data-start=\"439\" data-end=\"452\">Cartucho:<\/strong> Cer\u00e1mico \u00d8 35 mm<\/p>\n<\/li>\n<li class=\"\" data-start=\"472\" data-end=\"507\">\n<p class=\"\" data-start=\"474\" data-end=\"507\"><strong data-start=\"474\" data-end=\"500\">Mangueras de conexi\u00f3n:<\/strong> 3\/8\u201d<\/p>\n<\/li>\n<li class=\"\" data-start=\"508\" data-end=\"540\">\n<p class=\"\" data-start=\"510\" data-end=\"540\"><strong data-start=\"510\" data-end=\"526\">Instalaci\u00f3n:<\/strong> De superficie<\/p>\n<\/li>\n<\/ul>\n","protected":false},"excerpt":{"rendered":"<p>Serie Misisipi es un grifo de cocina cl\u00e1sico y elegante, con ca\u00f1o curvo y giratorio 360 grados. Actualmente tenemos acabado en cromado, negro mate, acero cepillado y dorado cepillado El cuerpo de la grifer\u00eda lat\u00f3n, con cartucho cer\u00e1mico y latiguillos.<\/p>\n<p>&nbsp;<\/p>\n<p>La garant\u00eda de todos nuestros productos es de 3 a\u00f1os, para funcionamiento, duraci\u00f3n del esmaltado y anticorrosi\u00f3n.<\/p>\n<p>Recomendamos para un correcto mantenimiento de la grifer\u00eda y evitar el deterioro por el uso. Secar las gotas de agua con un pa\u00f1o suave despu\u00e9s del uso, evitando que se posen en la superficie y deterioran el acabado, no utilizar esponjas que puedan rayar la grifer\u00eda, utilizar limpiadores como vinagre limpieza, agua caliente y jab\u00f3n con ph neutro.<\/p>\n<p>Nuestro departamento\u00a0t\u00e9cnico\u00a0dispone de\u00a0gu\u00edas\u00a0de todos los\u00a0modelos\u00a0empotrados\u00a0que vendemos,\u00a0si tiene alguna duda con la\u00a0instalaci\u00f3n\u00a0contacte con nosotros mediante\u00a0tel\u00e9fono,\u00a0WhatsApp\u00a0o email dentro del horario laboral indicado en la web.<\/p>\n<p>Recuerden que una vez instalado el cuerpo\u00a0empotrado\u00a0de la\u00a0grifer\u00eda\u00a0revisar de su correcto funcionamiento de paso de agua, comprobaci\u00f3n de cartuchos y corte de agua, si detecta alguna\u00a0anomal\u00eda\u00a0informe a nuestro\u00a0departamento\u00a0para darle una\u00a0soluci\u00f3n, no\u00a0contin\u00fae\u00a0con la\u00a0instalaci\u00f3n\u00a0de cerramiento de la pared.<\/p>\n","protected":false},"featured_media":15166,"template":"","meta":[],"product_brand":[],"product_cat":[50],"product_tag":[],"serie":[35],"manual-de-instalacion":[],"color":[350],"class_list":{"0":"post-15164","1":"product","2":"type-product","3":"status-publish","4":"has-post-thumbnail","6":"product_cat-grifos-de-cocina","7":"serie-misisipi","8":"color-oro-mate-cepillado","10":"first","11":"instock","12":"taxable","13":"shipping-taxable","14":"product-type-simple"},"_links":{"self":[{"href":"https:\/\/www.valaz.es\/it\/wp-json\/wp\/v2\/product\/15164","targetHints":{"allow":["GET"]}}],"collection":[{"href":"https:\/\/www.valaz.es\/it\/wp-json\/wp\/v2\/product"}],"about":[{"href":"https:\/\/www.valaz.es\/it\/wp-json\/wp\/v2\/types\/product"}],"wp:featuredmedia":[{"embeddable":true,"href":"https:\/\/www.valaz.es\/it\/wp-json\/wp\/v2\/media\/15166"}],"wp:attachment":[{"href":"https:\/\/www.valaz.es\/it\/wp-json\/wp\/v2\/media?parent=15164"}],"wp:term":[{"taxonomy":"product_brand","embeddable":true,"href":"https:\/\/www.valaz.es\/it\/wp-json\/wp\/v2\/product_brand?post=15164"},{"taxonomy":"product_cat","embeddable":true,"href":"https:\/\/www.valaz.es\/it\/wp-json\/wp\/v2\/product_cat?post=15164"},{"taxonomy":"product_tag","embeddable":true,"href":"https:\/\/www.valaz.es\/it\/wp-json\/wp\/v2\/product_tag?post=15164"},{"taxonomy":"serie","embeddable":true,"href":"https:\/\/www.valaz.es\/it\/wp-json\/wp\/v2\/serie?post=15164"},{"taxonomy":"manual-de-instalacion","embeddable":true,"href":"https:\/\/www.valaz.es\/it\/wp-json\/wp\/v2\/manual-de-instalacion?post=15164"},{"taxonomy":"color","embeddable":true,"href":"https:\/\/www.valaz.es\/it\/wp-json\/wp\/v2\/color?post=15164"}],"curies":[{"name":"wp","href":"https:\/\/api.w.org\/{rel}","templated":true}]}}