{"id":15131,"date":"2025-01-22T17:24:20","date_gmt":"2025-01-22T16:24:20","guid":{"rendered":"https:\/\/www.valaz.es\/?post_type=product&#038;p=15131"},"modified":"2026-03-31T12:23:08","modified_gmt":"2026-03-31T10:23:08","slug":"toallero-adhesivo-pegado-sin-taladro-cuadrado-de-37-cm-negro-mate-para-bano","status":"publish","type":"product","link":"https:\/\/www.valaz.es\/it\/prodotto\/toallero-adhesivo-pegado-sin-taladro-cuadrado-de-37-cm-negro-mate-para-bano\/","title":{"rendered":"Toallero adhesivo pegado sin taladro cuadrado de 37 cm negro mate para ba\u00f1o"},"content":{"rendered":"<p class=\"\" data-start=\"83\" data-end=\"298\">Este toallero de dise\u00f1o cuadrado y acabado negro mate es perfecto para aportar un toque moderno a tu ba\u00f1o. Su instalaci\u00f3n adhesiva sin taladro facilita su colocaci\u00f3n, evitando perforaciones y da\u00f1os en las paredes.<\/p>\n<h5 class=\"\" data-start=\"300\" data-end=\"325\">Especificaciones:<\/h5>\n<ul data-start=\"326\" data-end=\"501\" data-is-last-node=\"\" data-is-only-node=\"\">\n<li class=\"\" data-start=\"326\" data-end=\"360\">\n<p class=\"\" data-start=\"328\" data-end=\"360\"><strong data-start=\"328\" data-end=\"341\">Material:<\/strong> Acero inoxidable<\/p>\n<\/li>\n<li class=\"\" data-start=\"361\" data-end=\"388\">\n<p class=\"\" data-start=\"363\" data-end=\"388\"><strong data-start=\"363\" data-end=\"375\">Acabado:<\/strong> Negro mate<\/p>\n<\/li>\n<li class=\"\" data-start=\"389\" data-end=\"431\">\n<p class=\"\" data-start=\"391\" data-end=\"431\"><strong data-start=\"391\" data-end=\"407\">Instalaci\u00f3n:<\/strong> Adhesiva, sin taladro<\/p>\n<\/li>\n<li class=\"\" data-start=\"432\" data-end=\"455\">\n<p class=\"\" data-start=\"434\" data-end=\"455\"><strong data-start=\"434\" data-end=\"447\">Longitud:<\/strong> 37 cm<\/p>\n<\/li>\n<li class=\"\" data-start=\"456\" data-end=\"480\">\n<p class=\"\" data-start=\"458\" data-end=\"480\"><strong data-start=\"458\" data-end=\"469\">Dise\u00f1o:<\/strong> Cuadrado<\/p>\n<\/li>\n<li class=\"\" data-start=\"481\" data-end=\"501\">\n<p class=\"\" data-start=\"483\" data-end=\"501\"><strong data-start=\"483\" data-end=\"491\">Uso:<\/strong> Para ba\u00f1o<\/p>\n<\/li>\n<\/ul>\n","protected":false},"excerpt":{"rendered":"<p>Este toallero de dise\u00f1o cuadrado y acabado negro mate es  [&#8230;]<\/p>\n","protected":false},"featured_media":15120,"template":"","meta":[],"product_brand":[],"product_cat":[388],"product_tag":[],"serie":[],"manual-de-instalacion":[],"color":[27],"class_list":{"0":"post-15131","1":"product","2":"type-product","3":"status-publish","4":"has-post-thumbnail","6":"product_cat-accesorios-2","7":"color-negro-mate","9":"first","10":"instock","11":"taxable","12":"shipping-taxable","13":"product-type-simple"},"_links":{"self":[{"href":"https:\/\/www.valaz.es\/it\/wp-json\/wp\/v2\/product\/15131","targetHints":{"allow":["GET"]}}],"collection":[{"href":"https:\/\/www.valaz.es\/it\/wp-json\/wp\/v2\/product"}],"about":[{"href":"https:\/\/www.valaz.es\/it\/wp-json\/wp\/v2\/types\/product"}],"wp:featuredmedia":[{"embeddable":true,"href":"https:\/\/www.valaz.es\/it\/wp-json\/wp\/v2\/media\/15120"}],"wp:attachment":[{"href":"https:\/\/www.valaz.es\/it\/wp-json\/wp\/v2\/media?parent=15131"}],"wp:term":[{"taxonomy":"product_brand","embeddable":true,"href":"https:\/\/www.valaz.es\/it\/wp-json\/wp\/v2\/product_brand?post=15131"},{"taxonomy":"product_cat","embeddable":true,"href":"https:\/\/www.valaz.es\/it\/wp-json\/wp\/v2\/product_cat?post=15131"},{"taxonomy":"product_tag","embeddable":true,"href":"https:\/\/www.valaz.es\/it\/wp-json\/wp\/v2\/product_tag?post=15131"},{"taxonomy":"serie","embeddable":true,"href":"https:\/\/www.valaz.es\/it\/wp-json\/wp\/v2\/serie?post=15131"},{"taxonomy":"manual-de-instalacion","embeddable":true,"href":"https:\/\/www.valaz.es\/it\/wp-json\/wp\/v2\/manual-de-instalacion?post=15131"},{"taxonomy":"color","embeddable":true,"href":"https:\/\/www.valaz.es\/it\/wp-json\/wp\/v2\/color?post=15131"}],"curies":[{"name":"wp","href":"https:\/\/api.w.org\/{rel}","templated":true}]}}