{"id":15103,"date":"2025-01-22T17:25:12","date_gmt":"2025-01-22T16:25:12","guid":{"rendered":"https:\/\/www.valaz.es\/?post_type=product&#038;p=15103"},"modified":"2026-04-21T12:08:21","modified_gmt":"2026-04-21T10:08:21","slug":"toallero-para-colgar-en-mueble-cuadrado-en-cromado-para-bano","status":"publish","type":"product","link":"https:\/\/www.valaz.es\/it\/prodotto\/toallero-para-colgar-en-mueble-cuadrado-en-cromado-para-bano\/","title":{"rendered":"Toallero para colgar en mueble cuadrado en cromado para ba\u00f1o"},"content":{"rendered":"<p class=\"\" data-start=\"46\" data-end=\"187\">Toallero de colgar con dise\u00f1o cuadrado y acabado cromado brillante, ideal para ba\u00f1os modernos. F\u00e1cil de instalar y resistente a la humedad.<\/p>\n<h5 class=\"\" data-start=\"189\" data-end=\"214\">Especificaciones:<\/h5>\n<ul data-start=\"215\" data-end=\"323\" data-is-last-node=\"\" data-is-only-node=\"\">\n<li class=\"\" data-start=\"215\" data-end=\"238\">\n<p class=\"\" data-start=\"217\" data-end=\"238\"><strong data-start=\"217\" data-end=\"230\">Material:<\/strong> Metal<\/p>\n<\/li>\n<li class=\"\" data-start=\"239\" data-end=\"261\">\n<p class=\"\" data-start=\"241\" data-end=\"261\"><strong data-start=\"241\" data-end=\"253\">Acabado:<\/strong> Cromo<\/p>\n<\/li>\n<li class=\"\" data-start=\"262\" data-end=\"300\">\n<p class=\"\" data-start=\"264\" data-end=\"300\"><strong data-start=\"264\" data-end=\"288\">Tipo de instalaci\u00f3n:<\/strong> De colgar<\/p>\n<\/li>\n<li class=\"\" data-start=\"301\" data-end=\"323\">\n<p class=\"\" data-start=\"303\" data-end=\"323\"><strong data-start=\"303\" data-end=\"314\">Dise\u00f1o:<\/strong> Cuadrado<\/p>\n<\/li>\n<\/ul>\n","protected":false},"excerpt":{"rendered":"<p>Toallero de colgar con dise\u00f1o cuadrado y acabado cromado brillante,  [&#8230;]<\/p>\n","protected":false},"featured_media":15104,"template":"","meta":[],"product_brand":[],"product_cat":[388],"product_tag":[],"serie":[],"manual-de-instalacion":[],"color":[26],"class_list":{"0":"post-15103","1":"product","2":"type-product","3":"status-publish","4":"has-post-thumbnail","6":"product_cat-accesorios-2","7":"color-cromo","9":"first","10":"instock","11":"virtual","12":"taxable","13":"product-type-simple"},"_links":{"self":[{"href":"https:\/\/www.valaz.es\/it\/wp-json\/wp\/v2\/product\/15103","targetHints":{"allow":["GET"]}}],"collection":[{"href":"https:\/\/www.valaz.es\/it\/wp-json\/wp\/v2\/product"}],"about":[{"href":"https:\/\/www.valaz.es\/it\/wp-json\/wp\/v2\/types\/product"}],"wp:featuredmedia":[{"embeddable":true,"href":"https:\/\/www.valaz.es\/it\/wp-json\/wp\/v2\/media\/15104"}],"wp:attachment":[{"href":"https:\/\/www.valaz.es\/it\/wp-json\/wp\/v2\/media?parent=15103"}],"wp:term":[{"taxonomy":"product_brand","embeddable":true,"href":"https:\/\/www.valaz.es\/it\/wp-json\/wp\/v2\/product_brand?post=15103"},{"taxonomy":"product_cat","embeddable":true,"href":"https:\/\/www.valaz.es\/it\/wp-json\/wp\/v2\/product_cat?post=15103"},{"taxonomy":"product_tag","embeddable":true,"href":"https:\/\/www.valaz.es\/it\/wp-json\/wp\/v2\/product_tag?post=15103"},{"taxonomy":"serie","embeddable":true,"href":"https:\/\/www.valaz.es\/it\/wp-json\/wp\/v2\/serie?post=15103"},{"taxonomy":"manual-de-instalacion","embeddable":true,"href":"https:\/\/www.valaz.es\/it\/wp-json\/wp\/v2\/manual-de-instalacion?post=15103"},{"taxonomy":"color","embeddable":true,"href":"https:\/\/www.valaz.es\/it\/wp-json\/wp\/v2\/color?post=15103"}],"curies":[{"name":"wp","href":"https:\/\/api.w.org\/{rel}","templated":true}]}}