{"id":14846,"date":"2024-12-17T16:50:11","date_gmt":"2024-12-17T15:50:11","guid":{"rendered":"https:\/\/www.valaz.es\/?post_type=product&#038;p=14846"},"modified":"2025-09-23T11:48:09","modified_gmt":"2025-09-23T09:48:09","slug":"ducha-solar-fina-exterior-de-jardin-y-piscina-acero-inoxidable-y-pvc-deposito-8-litros","status":"publish","type":"product","link":"https:\/\/www.valaz.es\/it\/prodotto\/ducha-solar-fina-exterior-de-jardin-y-piscina-acero-inoxidable-y-pvc-deposito-8-litros\/","title":{"rendered":"Ducha solar fina exterior de jard\u00edn y piscina \u2013 acero inoxidable y PVC \u2013 dep\u00f3sito 8 litros"},"content":{"rendered":"<p class=\"\" data-start=\"94\" data-end=\"258\">Ducha solar ideal para exteriores con dep\u00f3sito de 8 litros que se calienta con la energ\u00eda solar. Dise\u00f1o estilizado y funcional, perfecta para jardines y piscinas.<\/p>\n<h5 class=\"\" data-start=\"260\" data-end=\"285\">Especificaciones:<\/h5>\n<ul>\n<li style=\"list-style-type: none;\">\n<ul data-start=\"286\" data-end=\"610\" data-is-last-node=\"\" data-is-only-node=\"\">\n<li class=\"\" data-start=\"286\" data-end=\"326\">\n<p class=\"\" data-start=\"288\" data-end=\"326\"><strong data-start=\"288\" data-end=\"315\">Capacidad del dep\u00f3sito:<\/strong> 8 litros<\/p>\n<\/li>\n<li class=\"\" data-start=\"327\" data-end=\"406\">\n<p class=\"\" data-start=\"329\" data-end=\"406\"><strong data-start=\"329\" data-end=\"342\">Material:<\/strong> Cilindro negro de PVC, tubo cromado y cabezal de ducha de PVC<\/p>\n<\/li>\n<li class=\"\" data-start=\"407\" data-end=\"435\">\n<p class=\"\" data-start=\"409\" data-end=\"435\"><strong data-start=\"409\" data-end=\"426\">Altura total:<\/strong> 2.15 m<\/p>\n<\/li>\n<li class=\"\" data-start=\"436\" data-end=\"459\">\n<p class=\"\" data-start=\"438\" data-end=\"459\"><strong data-start=\"438\" data-end=\"451\">Di\u00e1metro:<\/strong> 11 cm<\/p>\n<\/li>\n<li class=\"\" data-start=\"460\" data-end=\"504\">\n<p class=\"\" data-start=\"462\" data-end=\"504\"><strong data-start=\"462\" data-end=\"495\">Altura de la salida del agua:<\/strong> 1.98 m<\/p>\n<\/li>\n<li class=\"\" data-start=\"505\" data-end=\"540\">\n<p class=\"\" data-start=\"507\" data-end=\"540\"><strong data-start=\"507\" data-end=\"531\">Altura de la maneta:<\/strong> 1.06 m<\/p>\n<\/li>\n<li class=\"\" data-start=\"541\" data-end=\"570\">\n<p class=\"\" data-start=\"543\" data-end=\"570\"><strong data-start=\"543\" data-end=\"562\">Presi\u00f3n m\u00e1xima:<\/strong> 4 bar<\/p>\n<\/li>\n<li class=\"\" data-start=\"571\" data-end=\"610\">\n<p class=\"\" data-start=\"573\" data-end=\"610\"><strong data-start=\"573\" data-end=\"605\">Temperatura m\u00e1xima del agua:<\/strong> 60\u00baC<\/p>\n<\/li>\n<\/ul>\n<\/li>\n<\/ul>\n","protected":false},"excerpt":{"rendered":"<p>Ducha solar ideal para exteriores con dep\u00f3sito de 8 litros  [&#8230;]<\/p>\n","protected":false},"featured_media":14867,"template":"","meta":[],"product_brand":[],"product_cat":[403],"product_tag":[],"serie":[],"manual-de-instalacion":[],"color":[26,27],"class_list":{"0":"post-14846","1":"product","2":"type-product","3":"status-publish","4":"has-post-thumbnail","6":"product_cat-ducha-piscina","7":"color-cromo","8":"color-negro-mate","10":"first","11":"outofstock","12":"taxable","13":"shipping-taxable","14":"product-type-simple"},"_links":{"self":[{"href":"https:\/\/www.valaz.es\/it\/wp-json\/wp\/v2\/product\/14846","targetHints":{"allow":["GET"]}}],"collection":[{"href":"https:\/\/www.valaz.es\/it\/wp-json\/wp\/v2\/product"}],"about":[{"href":"https:\/\/www.valaz.es\/it\/wp-json\/wp\/v2\/types\/product"}],"wp:featuredmedia":[{"embeddable":true,"href":"https:\/\/www.valaz.es\/it\/wp-json\/wp\/v2\/media\/14867"}],"wp:attachment":[{"href":"https:\/\/www.valaz.es\/it\/wp-json\/wp\/v2\/media?parent=14846"}],"wp:term":[{"taxonomy":"product_brand","embeddable":true,"href":"https:\/\/www.valaz.es\/it\/wp-json\/wp\/v2\/product_brand?post=14846"},{"taxonomy":"product_cat","embeddable":true,"href":"https:\/\/www.valaz.es\/it\/wp-json\/wp\/v2\/product_cat?post=14846"},{"taxonomy":"product_tag","embeddable":true,"href":"https:\/\/www.valaz.es\/it\/wp-json\/wp\/v2\/product_tag?post=14846"},{"taxonomy":"serie","embeddable":true,"href":"https:\/\/www.valaz.es\/it\/wp-json\/wp\/v2\/serie?post=14846"},{"taxonomy":"manual-de-instalacion","embeddable":true,"href":"https:\/\/www.valaz.es\/it\/wp-json\/wp\/v2\/manual-de-instalacion?post=14846"},{"taxonomy":"color","embeddable":true,"href":"https:\/\/www.valaz.es\/it\/wp-json\/wp\/v2\/color?post=14846"}],"curies":[{"name":"wp","href":"https:\/\/api.w.org\/{rel}","templated":true}]}}