{"id":1484,"date":"2022-12-14T16:53:45","date_gmt":"2022-12-14T15:53:45","guid":{"rendered":"https:\/\/www.valaz.es\/?post_type=product&#038;p=1484"},"modified":"2026-03-11T15:23:30","modified_gmt":"2026-03-11T14:23:30","slug":"grifo-de-banera-monomando-ovalada-redonda-dorado-cepillado-cromado-serie-duero","status":"publish","type":"product","link":"https:\/\/www.valaz.es\/it\/prodotto\/grifo-de-banera-monomando-ovalada-redonda-dorado-cepillado-cromado-serie-duero\/","title":{"rendered":"Grifo de ba\u00f1era monomando ovalada redonda dorado cepillado &#8211; Serie Duero"},"content":{"rendered":"<p class=\"\" data-start=\"78\" data-end=\"289\">Grifo de ba\u00f1era monomando con un dise\u00f1o ovalado y redondo, en elegante acabado dorado cepillado. Perfecto para aportar un toque de lujo y distinci\u00f3n a tu ba\u00f1o, sin renunciar a la funcionalidad.<\/p>\n<p class=\"\" data-start=\"291\" data-end=\"313\"><strong data-start=\"291\" data-end=\"311\">Especificaciones<\/strong><\/p>\n<ul data-start=\"314\" data-end=\"640\">\n<li class=\"\" data-start=\"314\" data-end=\"348\">\n<p class=\"\" data-start=\"316\" data-end=\"348\"><strong data-start=\"316\" data-end=\"339\">Material del cuerpo<\/strong>: Lat\u00f3n<\/p>\n<\/li>\n<li class=\"\" data-start=\"349\" data-end=\"381\">\n<p class=\"\" data-start=\"351\" data-end=\"381\"><strong data-start=\"351\" data-end=\"372\">Cartucho cer\u00e1mico<\/strong>: 35 mm<\/p>\n<\/li>\n<li class=\"\" data-start=\"382\" data-end=\"424\">\n<p class=\"\" data-start=\"384\" data-end=\"424\"><strong data-start=\"384\" data-end=\"401\">Tipo de grifo<\/strong>: Monomando de 2 v\u00edas<\/p>\n<\/li>\n<li class=\"\" data-start=\"425\" data-end=\"462\">\n<p class=\"\" data-start=\"427\" data-end=\"462\"><strong data-start=\"427\" data-end=\"445\">Salida de agua<\/strong>: Ca\u00f1o de 21 cm<\/p>\n<\/li>\n<li class=\"\" data-start=\"463\" data-end=\"562\">\n<p class=\"\" data-start=\"465\" data-end=\"479\"><strong data-start=\"465\" data-end=\"476\">Incluye<\/strong>:<\/p>\n<ul data-start=\"482\" data-end=\"562\">\n<li class=\"\" data-start=\"482\" data-end=\"503\">\n<p class=\"\" data-start=\"484\" data-end=\"503\">Alcachofa de mano de PVC<\/p>\n<\/li>\n<li class=\"\" data-start=\"506\" data-end=\"525\">\n<p class=\"\" data-start=\"508\" data-end=\"525\">Flexo de 150 cm de PVC<\/p>\n<\/li>\n<li>Caja box empotrable<\/li>\n<li class=\"\" data-start=\"528\" data-end=\"562\">\n<p class=\"\" data-start=\"530\" data-end=\"562\">Soporte para alcachofa de mano<\/p>\n<\/li>\n<\/ul>\n<\/li>\n<li class=\"\" data-start=\"563\" data-end=\"596\">\n<p class=\"\" data-start=\"565\" data-end=\"596\"><strong data-start=\"565\" data-end=\"576\">Acabado<\/strong>: Dorado cepillado<\/p>\n<\/li>\n<li class=\"\" data-start=\"597\" data-end=\"640\">\n<p class=\"\" data-start=\"599\" data-end=\"640\"><strong data-start=\"599\" data-end=\"613\">Conexiones<\/strong>: Latiguillos 3\/8 incluidos<\/p>\n<\/li>\n<\/ul>\n","protected":false},"excerpt":{"rendered":"<p>Serie Duero con l\u00ednea ovaladas y redondas aporta confort, elegancia y bienestar, perfecta para todo tipo de ba\u00f1os. Actualmente disponemos diferentes acabados cromados, acero cepillado, dorado cepilladlo, dorado envejecido, negro mate, blanco. Es una de nuestras series m\u00e1s completa, ya que tenemos una gran variedad Ducha empotrada donde puedes a\u00f1adir ca\u00f1o para el ba\u00f1o, grifo empotrado de lavabo, grifo de bid\u00e9, grifo t\u00f3tem empotrado de ba\u00f1era exenta. Todos nuestros modelos de grifer\u00eda empotrada incluyen la caja box con cartucho monomando y selector, soporte de ducha, flexo y alcachofa de mano junto con el rociador.<\/p>\n<p>&nbsp;<\/p>\n<p>&nbsp;<\/p>\n<p>La garant\u00eda de todos nuestros productos es de 3 a\u00f1os, para funcionamiento, duraci\u00f3n del esmaltado y anticorrosi\u00f3n.<\/p>\n<p>Recomendamos para un correcto mantenimiento de la grifer\u00eda y evitar el deterioro por el uso. Secar las gotas de agua con un pa\u00f1o suave despu\u00e9s del uso, evitando que se posen en la superficie y deterioran el acabado, no utilizar esponjas que puedan rayar la grifer\u00eda, utilizar limpiadores como vinagre limpieza, agua caliente y jab\u00f3n con ph neutro.<\/p>\n<p>&nbsp;<\/p>\n<p><strong>Nuestro departamento\u00a0t\u00e9cnico\u00a0dispone de\u00a0gu\u00edas\u00a0de todos los\u00a0modelos\u00a0empotrados\u00a0que vendemos<\/strong><strong>,\u00a0si tiene alguna duda con la\u00a0instalaci\u00f3n\u00a0contacte con nosotros mediante\u00a0tel\u00e9fono,\u00a0WhatsApp\u00a0o email dentro del horario laboral indicado en la web.<\/strong><\/p>\n<p><strong>Recuerden que una vez instalado el cuerpo\u00a0empotrado\u00a0de la\u00a0grifer\u00eda\u00a0revisar de su correcto funcionamiento de paso de agua, comprobaci\u00f3n de cartuchos y corte de agua, si detecta alguna\u00a0anomal\u00eda\u00a0informe a nuestro\u00a0departamento\u00a0para darle una\u00a0soluci\u00f3n, no\u00a0contin\u00fae\u00a0con la\u00a0instalaci\u00f3n\u00a0de cerramiento de la pared.<\/strong><\/p>\n","protected":false},"featured_media":13262,"template":"","meta":[],"product_brand":[],"product_cat":[60,61],"product_tag":[],"serie":[66],"manual-de-instalacion":[78],"color":[34],"class_list":{"0":"post-1484","1":"product","2":"type-product","3":"status-publish","4":"has-post-thumbnail","6":"product_cat-griferia-de-banera","7":"product_cat-griferia-de-banera-empotrada","8":"serie-duero","9":"manual-de-instalacion-guia-instalacion-duchas-empotradas-monomando","10":"color-dorado-cepillado","12":"first","13":"instock","14":"taxable","15":"shipping-taxable","16":"product-type-simple"},"_links":{"self":[{"href":"https:\/\/www.valaz.es\/it\/wp-json\/wp\/v2\/product\/1484","targetHints":{"allow":["GET"]}}],"collection":[{"href":"https:\/\/www.valaz.es\/it\/wp-json\/wp\/v2\/product"}],"about":[{"href":"https:\/\/www.valaz.es\/it\/wp-json\/wp\/v2\/types\/product"}],"wp:featuredmedia":[{"embeddable":true,"href":"https:\/\/www.valaz.es\/it\/wp-json\/wp\/v2\/media\/13262"}],"wp:attachment":[{"href":"https:\/\/www.valaz.es\/it\/wp-json\/wp\/v2\/media?parent=1484"}],"wp:term":[{"taxonomy":"product_brand","embeddable":true,"href":"https:\/\/www.valaz.es\/it\/wp-json\/wp\/v2\/product_brand?post=1484"},{"taxonomy":"product_cat","embeddable":true,"href":"https:\/\/www.valaz.es\/it\/wp-json\/wp\/v2\/product_cat?post=1484"},{"taxonomy":"product_tag","embeddable":true,"href":"https:\/\/www.valaz.es\/it\/wp-json\/wp\/v2\/product_tag?post=1484"},{"taxonomy":"serie","embeddable":true,"href":"https:\/\/www.valaz.es\/it\/wp-json\/wp\/v2\/serie?post=1484"},{"taxonomy":"manual-de-instalacion","embeddable":true,"href":"https:\/\/www.valaz.es\/it\/wp-json\/wp\/v2\/manual-de-instalacion?post=1484"},{"taxonomy":"color","embeddable":true,"href":"https:\/\/www.valaz.es\/it\/wp-json\/wp\/v2\/color?post=1484"}],"curies":[{"name":"wp","href":"https:\/\/api.w.org\/{rel}","templated":true}]}}