{"id":14686,"date":"2024-12-09T16:55:53","date_gmt":"2024-12-09T15:55:53","guid":{"rendered":"https:\/\/www.valaz.es\/?post_type=product&#038;p=14686"},"modified":"2025-06-27T09:37:43","modified_gmt":"2025-06-27T07:37:43","slug":"ducha-empotrada-termostatica-techo-redonda-negro-mate-serie-cabriel","status":"publish","type":"product","link":"https:\/\/www.valaz.es\/it\/prodotto\/ducha-empotrada-termostatica-techo-redonda-negro-mate-serie-cabriel\/","title":{"rendered":"Ducha empotrada termost\u00e1tica techo redonda negro mate &#8211; Serie Cabriel"},"content":{"rendered":"<p class=\"\" data-start=\"73\" data-end=\"342\">Una ducha empotrada moderna y funcional con acabado negro mate, dise\u00f1ada para ofrecer un control preciso de la temperatura. Su rociador de efecto lluvia y alcachofa de mano brindan una experiencia de ducha completa y relajante. Ideal para ba\u00f1os de estilo contempor\u00e1neo.<\/p>\n<h5 class=\"\" data-start=\"344\" data-end=\"367\">Especificaciones:<\/h5>\n<ul data-start=\"368\" data-end=\"805\" data-is-last-node=\"\" data-is-only-node=\"\">\n<li class=\"\" data-start=\"368\" data-end=\"426\">\n<p class=\"\" data-start=\"370\" data-end=\"426\"><strong data-start=\"370\" data-end=\"405\">Rociador disponible en tama\u00f1os:<\/strong> 20 cm, 25 cm y 30 cm<\/p>\n<\/li>\n<li class=\"\" data-start=\"427\" data-end=\"603\">\n<p class=\"\" data-start=\"429\" data-end=\"441\"><strong data-start=\"429\" data-end=\"441\">Incluye:<\/strong><\/p>\n<ul data-start=\"444\" data-end=\"603\">\n<li class=\"\" data-start=\"444\" data-end=\"491\">\n<p class=\"\" data-start=\"446\" data-end=\"491\">Rociador de efecto lluvia con soporte a techo<\/p>\n<\/li>\n<li class=\"\" data-start=\"494\" data-end=\"549\">\n<p class=\"\" data-start=\"496\" data-end=\"549\">Termost\u00e1tica de 2 v\u00edas (rociador y alcachofa de mano)<\/p>\n<\/li>\n<li class=\"\" data-start=\"552\" data-end=\"569\">\n<p class=\"\" data-start=\"554\" data-end=\"569\">Flexo de 150 cm<\/p>\n<\/li>\n<li class=\"\" data-start=\"572\" data-end=\"603\">\n<p class=\"\" data-start=\"574\" data-end=\"603\">Alcachofa de mano con soporte<\/p>\n<\/li>\n<li data-start=\"572\" data-end=\"603\">Caja box empotrable<\/li>\n<\/ul>\n<\/li>\n<li class=\"\" data-start=\"604\" data-end=\"714\">\n<p class=\"\" data-start=\"606\" data-end=\"621\"><strong data-start=\"606\" data-end=\"621\">Materiales:<\/strong><\/p>\n<ul data-start=\"624\" data-end=\"714\">\n<li class=\"\" data-start=\"624\" data-end=\"654\">\n<p class=\"\" data-start=\"626\" data-end=\"654\">Rociador de acero inoxidable<\/p>\n<\/li>\n<li class=\"\" data-start=\"657\" data-end=\"677\">\n<p class=\"\" data-start=\"659\" data-end=\"677\">Monomando de lat\u00f3n<\/p>\n<\/li>\n<li class=\"\" data-start=\"680\" data-end=\"714\">\n<p class=\"\" data-start=\"682\" data-end=\"714\">Alcachofa de mano y flexo de PVC<\/p>\n<\/li>\n<\/ul>\n<\/li>\n<li class=\"\" data-start=\"715\" data-end=\"740\">\n<p class=\"\" data-start=\"717\" data-end=\"740\"><strong data-start=\"717\" data-end=\"729\">Acabado:<\/strong> Negro mate<\/p>\n<\/li>\n<li class=\"\" data-start=\"741\" data-end=\"805\">\n<p class=\"\" data-start=\"743\" data-end=\"805\"><strong data-start=\"743\" data-end=\"757\">Funciones:<\/strong> Efecto lluvia del rociador y alcachofa de mano.<\/p>\n<\/li>\n<\/ul>\n","protected":false},"excerpt":{"rendered":"<p>Serie J\u00facar con l\u00ednea curvas y redondas aporta confort, elegancia y bienestar, perfecta para todo tipo de ba\u00f1os. Actualmente disponemos diferentes acabados cromados, acero cepillado, dorado cepilladlo, dorado envejecido, negro mate, blanco. Es una de nuestras series m\u00e1s completa, ya que tenemos una gran variedad Ducha empotrada donde puedes a\u00f1adir ca\u00f1o para el ba\u00f1o, grifo empotrado de lavabo, grifo de bid\u00e9, grifo t\u00f3tem empotrado de ba\u00f1era exenta. Todos nuestros modelos de grifer\u00eda empotrada incluyen la caja box con cartucho monomando y selector, soporte ducha, flexo y alcachofa de mano junto con el rociador.<\/p>\n<p>La garant\u00eda de todos nuestros productos es de 3 a\u00f1os, para funcionamiento, duraci\u00f3n del esmaltado y anticorrosi\u00f3n.<\/p>\n<p>Recomendamos para un correcto mantenimiento de la grifer\u00eda y evitar el deterioro por el uso. Secar las gotas de agua con un pa\u00f1o suave despu\u00e9s del uso, evitando que se posen en la superficie y deterioran el acabado, no utilizar esponjas que puedan rayar la grifer\u00eda, utilizar limpiadores como vinagre limpieza, agua caliente y jab\u00f3n con ph neutro.<\/p>\n<p>&nbsp;<\/p>\n<p><strong>Nuestro departamento\u00a0t\u00e9cnico\u00a0dispone de\u00a0gu\u00edas\u00a0de todos los\u00a0modelos\u00a0empotrados\u00a0que vendemos<\/strong><strong>,\u00a0si tiene alguna duda con la\u00a0instalaci\u00f3n\u00a0contacte con nosotros mediante\u00a0tel\u00e9fono,\u00a0WhatsApp\u00a0o email dentro del horario laboral indicado en la web.<\/strong><\/p>\n<p><strong>Recuerden que una vez instalado el cuerpo\u00a0empotrado\u00a0de la\u00a0grifer\u00eda\u00a0revisar de su correcto funcionamiento de paso de agua, comprobaci\u00f3n de cartuchos y corte de agua, si detecta alguna\u00a0anomal\u00eda\u00a0informe a nuestro\u00a0departamento\u00a0para darle una\u00a0soluci\u00f3n, no\u00a0contin\u00fae\u00a0con la\u00a0instalaci\u00f3n\u00a0de cerramiento de la pared.<\/strong><\/p>\n","protected":false},"featured_media":14608,"template":"","meta":[],"product_brand":[],"product_cat":[57],"product_tag":[],"serie":[44],"manual-de-instalacion":[79],"color":[27],"class_list":{"0":"post-14686","1":"product","2":"type-product","3":"status-publish","4":"has-post-thumbnail","6":"product_cat-duchas-empotradas","7":"pa_tamano-rociador-20cm","8":"pa_tamano-rociador-25cm","9":"pa_tamano-rociador-30cm","10":"serie-cabriel","11":"manual-de-instalacion-guia-instalacion-duchas-empotradas-termostaticas","12":"color-negro-mate","14":"first","15":"instock","16":"taxable","17":"shipping-taxable","18":"product-type-variable"},"_links":{"self":[{"href":"https:\/\/www.valaz.es\/it\/wp-json\/wp\/v2\/product\/14686","targetHints":{"allow":["GET"]}}],"collection":[{"href":"https:\/\/www.valaz.es\/it\/wp-json\/wp\/v2\/product"}],"about":[{"href":"https:\/\/www.valaz.es\/it\/wp-json\/wp\/v2\/types\/product"}],"wp:featuredmedia":[{"embeddable":true,"href":"https:\/\/www.valaz.es\/it\/wp-json\/wp\/v2\/media\/14608"}],"wp:attachment":[{"href":"https:\/\/www.valaz.es\/it\/wp-json\/wp\/v2\/media?parent=14686"}],"wp:term":[{"taxonomy":"product_brand","embeddable":true,"href":"https:\/\/www.valaz.es\/it\/wp-json\/wp\/v2\/product_brand?post=14686"},{"taxonomy":"product_cat","embeddable":true,"href":"https:\/\/www.valaz.es\/it\/wp-json\/wp\/v2\/product_cat?post=14686"},{"taxonomy":"product_tag","embeddable":true,"href":"https:\/\/www.valaz.es\/it\/wp-json\/wp\/v2\/product_tag?post=14686"},{"taxonomy":"serie","embeddable":true,"href":"https:\/\/www.valaz.es\/it\/wp-json\/wp\/v2\/serie?post=14686"},{"taxonomy":"manual-de-instalacion","embeddable":true,"href":"https:\/\/www.valaz.es\/it\/wp-json\/wp\/v2\/manual-de-instalacion?post=14686"},{"taxonomy":"color","embeddable":true,"href":"https:\/\/www.valaz.es\/it\/wp-json\/wp\/v2\/color?post=14686"}],"curies":[{"name":"wp","href":"https:\/\/api.w.org\/{rel}","templated":true}]}}