{"id":1460,"date":"2022-12-14T15:31:26","date_gmt":"2022-12-14T14:31:26","guid":{"rendered":"https:\/\/www.valaz.es\/?post_type=product&#038;p=1460"},"modified":"2026-01-22T13:46:51","modified_gmt":"2026-01-22T12:46:51","slug":"ducha-empotrada-monomando-cuadrada-a-techo-dorado-cepillado-serie-mino","status":"publish","type":"product","link":"https:\/\/www.valaz.es\/it\/prodotto\/ducha-empotrada-monomando-cuadrada-a-techo-dorado-cepillado-serie-mino\/","title":{"rendered":"Ducha empotrada monomando cuadrada a techo dorado cepillado &#8211; Serie Mi\u00f1o"},"content":{"rendered":"<p class=\"\" data-start=\"78\" data-end=\"355\">Ducha empotrada monomando de dise\u00f1o cuadrado, ideal para darle un toque de elegancia y sofisticaci\u00f3n a tu ba\u00f1o. Su acabado en dorado cepillado aporta una est\u00e9tica \u00fanica, mientras que su funcionalidad y dise\u00f1o pr\u00e1ctico aseguran una experiencia c\u00f3moda y lujosa.<\/p>\n<p class=\"\" data-start=\"357\" data-end=\"379\"><strong data-start=\"357\" data-end=\"377\">Especificaciones<\/strong><\/p>\n<ul data-start=\"380\" data-end=\"793\">\n<li class=\"\" data-start=\"380\" data-end=\"429\">\n<p class=\"\" data-start=\"382\" data-end=\"429\"><strong data-start=\"382\" data-end=\"420\">Material del cuerpo de la grifer\u00eda<\/strong>: Lat\u00f3n<\/p>\n<\/li>\n<li class=\"\" data-start=\"430\" data-end=\"477\">\n<p class=\"\" data-start=\"432\" data-end=\"477\"><strong data-start=\"432\" data-end=\"457\">Material del rociador<\/strong>: Acero inoxidable<\/p>\n<\/li>\n<li class=\"\" data-start=\"478\" data-end=\"523\">\n<p class=\"\" data-start=\"480\" data-end=\"523\"><strong data-start=\"480\" data-end=\"516\">Material de la alcachofa de mano<\/strong>: PVC<\/p>\n<\/li>\n<li class=\"\" data-start=\"524\" data-end=\"555\">\n<p class=\"\" data-start=\"526\" data-end=\"555\"><strong data-start=\"526\" data-end=\"548\">Material del flexo<\/strong>: PVC<\/p>\n<\/li>\n<li class=\"\" data-start=\"556\" data-end=\"761\">\n<p class=\"\" data-start=\"558\" data-end=\"572\"><strong data-start=\"558\" data-end=\"569\">Incluye<\/strong>:<\/p>\n<ul data-start=\"575\" data-end=\"761\">\n<li class=\"\" data-start=\"575\" data-end=\"608\">\n<p class=\"\" data-start=\"577\" data-end=\"608\">Caja box empotrado monomando de 2 v\u00edas<\/p>\n<\/li>\n<li class=\"\" data-start=\"611\" data-end=\"630\">\n<p class=\"\" data-start=\"613\" data-end=\"630\">Marco empotrado<\/p>\n<\/li>\n<li class=\"\" data-start=\"633\" data-end=\"645\">\n<p class=\"\" data-start=\"635\" data-end=\"645\">Rociador<\/p>\n<\/li>\n<li class=\"\" data-start=\"648\" data-end=\"666\">\n<p class=\"\" data-start=\"650\" data-end=\"666\">Salida de agua<\/p>\n<\/li>\n<li class=\"\" data-start=\"669\" data-end=\"703\">\n<p class=\"\" data-start=\"671\" data-end=\"703\">Soporte para alcachofa de mano<\/p>\n<\/li>\n<li class=\"\" data-start=\"706\" data-end=\"725\">\n<p class=\"\" data-start=\"708\" data-end=\"725\">Flexo de 150 cm de PVC<\/p>\n<\/li>\n<li class=\"\" data-start=\"728\" data-end=\"761\">\n<p class=\"\" data-start=\"730\" data-end=\"761\">Alcachofa de mano de PVC<\/p>\n<\/li>\n<\/ul>\n<\/li>\n<li class=\"\" data-start=\"762\" data-end=\"793\">\n<p class=\"\" data-start=\"764\" data-end=\"793\"><strong data-start=\"764\" data-end=\"775\">Acabado<\/strong>: Dorado cepillado<\/p>\n<\/li>\n<\/ul>\n","protected":false},"excerpt":{"rendered":"<p>&nbsp;<\/p>\n<p>Serie Mi\u00f1o con l\u00edneas redondas y acabados rectangulares se diferencia por tu empotrado de cuadrado y rectangular donde queda todo uniforme. Disponemos de acabados en cromado, dorado cepillado, negro mate tanto con soporte a pared como a ras del techo. Nuestro kit de ducha empotrado viene completo con caja box de 2 v\u00edas, marco o soporte a pared, rociador a elegir, salida de agua , soporte de alcachofa de mano y flexo.<\/p>\n<p>La garant\u00eda de todos nuestros productos es de 3 a\u00f1os, para funcionamiento, duraci\u00f3n del esmaltado y anticorrosi\u00f3n.<\/p>\n<p>Recomendamos para un correcto mantenimiento de la grifer\u00eda y evitar el deterioro por el uso. Secar las gotas de agua con un pa\u00f1o suave despu\u00e9s del uso, evitando que se posen en la superficie y deterioran el acabado, no utilizar esponjas que puedan rayar la grifer\u00eda, utilizar limpiadores como vinagre limpieza, agua caliente y jab\u00f3n con ph neutro.<\/p>\n<p>&nbsp;<\/p>\n<p><strong>Nuestro departamento\u00a0t\u00e9cnico\u00a0dispone de\u00a0gu\u00edas\u00a0de todos los\u00a0modelos\u00a0empotrados\u00a0que vendemos<\/strong><strong>,\u00a0si tiene alguna duda con la\u00a0instalaci\u00f3n\u00a0contacte con nosotros mediante\u00a0tel\u00e9fono,\u00a0WhatsApp\u00a0o email dentro del horario laboral indicado en la web.<\/strong><\/p>\n<p><strong>Recuerden que una vez instalado el cuerpo\u00a0empotrado\u00a0de la\u00a0grifer\u00eda\u00a0revisar de su correcto funcionamiento de paso de agua, comprobaci\u00f3n de cartuchos y corte de agua, si detecta alguna\u00a0anomal\u00eda\u00a0informe a nuestro\u00a0departamento\u00a0para darle una\u00a0soluci\u00f3n, no\u00a0contin\u00fae\u00a0con la\u00a0instalaci\u00f3n\u00a0de cerramiento de la pared.<\/strong><\/p>\n","protected":false},"featured_media":1465,"template":"","meta":[],"product_brand":[],"product_cat":[57,47],"product_tag":[],"serie":[67],"manual-de-instalacion":[85],"color":[34],"class_list":{"0":"post-1460","1":"product","2":"type-product","3":"status-publish","4":"has-post-thumbnail","6":"product_cat-duchas-empotradas","7":"product_cat-duchas","8":"pa_tamano-rociador-20cm","9":"pa_tamano-rociador-25cm","10":"pa_tamano-rociador-30cm","11":"pa_tamano-rociador-40cm","12":"serie-mino","13":"manual-de-instalacion-guia-instalacion-mino","14":"color-dorado-cepillado","16":"first","17":"instock","18":"taxable","19":"shipping-taxable","20":"product-type-variable"},"_links":{"self":[{"href":"https:\/\/www.valaz.es\/it\/wp-json\/wp\/v2\/product\/1460","targetHints":{"allow":["GET"]}}],"collection":[{"href":"https:\/\/www.valaz.es\/it\/wp-json\/wp\/v2\/product"}],"about":[{"href":"https:\/\/www.valaz.es\/it\/wp-json\/wp\/v2\/types\/product"}],"wp:featuredmedia":[{"embeddable":true,"href":"https:\/\/www.valaz.es\/it\/wp-json\/wp\/v2\/media\/1465"}],"wp:attachment":[{"href":"https:\/\/www.valaz.es\/it\/wp-json\/wp\/v2\/media?parent=1460"}],"wp:term":[{"taxonomy":"product_brand","embeddable":true,"href":"https:\/\/www.valaz.es\/it\/wp-json\/wp\/v2\/product_brand?post=1460"},{"taxonomy":"product_cat","embeddable":true,"href":"https:\/\/www.valaz.es\/it\/wp-json\/wp\/v2\/product_cat?post=1460"},{"taxonomy":"product_tag","embeddable":true,"href":"https:\/\/www.valaz.es\/it\/wp-json\/wp\/v2\/product_tag?post=1460"},{"taxonomy":"serie","embeddable":true,"href":"https:\/\/www.valaz.es\/it\/wp-json\/wp\/v2\/serie?post=1460"},{"taxonomy":"manual-de-instalacion","embeddable":true,"href":"https:\/\/www.valaz.es\/it\/wp-json\/wp\/v2\/manual-de-instalacion?post=1460"},{"taxonomy":"color","embeddable":true,"href":"https:\/\/www.valaz.es\/it\/wp-json\/wp\/v2\/color?post=1460"}],"curies":[{"name":"wp","href":"https:\/\/api.w.org\/{rel}","templated":true}]}}