{"id":14561,"date":"2024-12-04T16:02:44","date_gmt":"2024-12-04T15:02:44","guid":{"rendered":"https:\/\/www.valaz.es\/?post_type=product&#038;p=14561"},"modified":"2025-12-12T18:57:26","modified_gmt":"2025-12-12T17:57:26","slug":"ducha-empotrada-monomando-techo-redonda-dorado-cepillado-con-maneta-ancha-serie-cabriel","status":"publish","type":"product","link":"https:\/\/www.valaz.es\/it\/prodotto\/ducha-empotrada-monomando-techo-redonda-dorado-cepillado-con-maneta-ancha-serie-cabriel\/","title":{"rendered":"Ducha empotrada monomando techo redonda dorado cepillado con maneta ancha &#8211; Serie Cabriel"},"content":{"rendered":"<p class=\"\" data-start=\"93\" data-end=\"300\">Esta ducha empotrada de techo con acabado dorado cepillado ofrece un dise\u00f1o sofisticado y funcional. Con una maneta ancha para un control c\u00f3modo y f\u00e1cil, esta ducha proporciona una experiencia de ba\u00f1o \u00fanica.<\/p>\n<h5 class=\"\" data-start=\"302\" data-end=\"325\">Especificaciones:<\/h5>\n<ul data-start=\"327\" data-end=\"598\" data-is-last-node=\"\" data-is-only-node=\"\">\n<li class=\"\" data-start=\"327\" data-end=\"566\">\n<p class=\"\" data-start=\"329\" data-end=\"341\"><strong data-start=\"329\" data-end=\"341\">Incluye:<\/strong><\/p>\n<ul data-start=\"344\" data-end=\"566\">\n<li class=\"\" data-start=\"344\" data-end=\"358\">\n<p class=\"\" data-start=\"346\" data-end=\"358\">Embellecedor<\/p>\n<\/li>\n<li class=\"\" data-start=\"361\" data-end=\"430\">\n<p class=\"\" data-start=\"363\" data-end=\"430\">Soporte de rociador y rociador (disponible en 20 cm, 25 cm y 30 cm)<\/p>\n<\/li>\n<li class=\"\" data-start=\"433\" data-end=\"465\">\n<p class=\"\" data-start=\"435\" data-end=\"465\">Soporte para alcachofa de mano<\/p>\n<\/li>\n<li class=\"\" data-start=\"468\" data-end=\"487\">\n<p class=\"\" data-start=\"470\" data-end=\"487\">Alcachofa de mano de PVC<\/p>\n<\/li>\n<li class=\"\" data-start=\"490\" data-end=\"506\">\n<p class=\"\" data-start=\"492\" data-end=\"506\">Flexo de ducha de PVC<\/p>\n<\/li>\n<li class=\"\" data-start=\"509\" data-end=\"519\">\n<p class=\"\" data-start=\"511\" data-end=\"519\">Caja box empotrable<\/p>\n<\/li>\n<li class=\"\" data-start=\"522\" data-end=\"536\">\n<p class=\"\" data-start=\"524\" data-end=\"536\">Embellecedor<\/p>\n<\/li>\n<li class=\"\" data-start=\"539\" data-end=\"553\">\n<p class=\"\" data-start=\"541\" data-end=\"553\">Maneta ancha<\/p>\n<\/li>\n<li class=\"\" data-start=\"556\" data-end=\"566\">\n<p class=\"\" data-start=\"558\" data-end=\"566\">Selector<\/p>\n<\/li>\n<\/ul>\n<\/li>\n<li class=\"\" data-start=\"567\" data-end=\"598\">\n<p class=\"\" data-start=\"569\" data-end=\"598\"><strong data-start=\"569\" data-end=\"581\">Acabado:<\/strong> Dorado cepillado<\/p>\n<\/li>\n<\/ul>\n","protected":false},"excerpt":{"rendered":"<p>Esta ducha empotrada de techo con acabado dorado cepillado ofrece  [&#8230;]<\/p>\n","protected":false},"featured_media":14565,"template":"","meta":[],"product_brand":[],"product_cat":[57],"product_tag":[],"serie":[44],"manual-de-instalacion":[],"color":[34],"class_list":{"0":"post-14561","1":"product","2":"type-product","3":"status-publish","4":"has-post-thumbnail","6":"product_cat-duchas-empotradas","7":"pa_tamano-rociador-20cm","8":"pa_tamano-rociador-25cm","9":"pa_tamano-rociador-30cm","10":"serie-cabriel","11":"color-dorado-cepillado","13":"first","14":"instock","15":"taxable","16":"shipping-taxable","17":"product-type-variable"},"_links":{"self":[{"href":"https:\/\/www.valaz.es\/it\/wp-json\/wp\/v2\/product\/14561","targetHints":{"allow":["GET"]}}],"collection":[{"href":"https:\/\/www.valaz.es\/it\/wp-json\/wp\/v2\/product"}],"about":[{"href":"https:\/\/www.valaz.es\/it\/wp-json\/wp\/v2\/types\/product"}],"wp:featuredmedia":[{"embeddable":true,"href":"https:\/\/www.valaz.es\/it\/wp-json\/wp\/v2\/media\/14565"}],"wp:attachment":[{"href":"https:\/\/www.valaz.es\/it\/wp-json\/wp\/v2\/media?parent=14561"}],"wp:term":[{"taxonomy":"product_brand","embeddable":true,"href":"https:\/\/www.valaz.es\/it\/wp-json\/wp\/v2\/product_brand?post=14561"},{"taxonomy":"product_cat","embeddable":true,"href":"https:\/\/www.valaz.es\/it\/wp-json\/wp\/v2\/product_cat?post=14561"},{"taxonomy":"product_tag","embeddable":true,"href":"https:\/\/www.valaz.es\/it\/wp-json\/wp\/v2\/product_tag?post=14561"},{"taxonomy":"serie","embeddable":true,"href":"https:\/\/www.valaz.es\/it\/wp-json\/wp\/v2\/serie?post=14561"},{"taxonomy":"manual-de-instalacion","embeddable":true,"href":"https:\/\/www.valaz.es\/it\/wp-json\/wp\/v2\/manual-de-instalacion?post=14561"},{"taxonomy":"color","embeddable":true,"href":"https:\/\/www.valaz.es\/it\/wp-json\/wp\/v2\/color?post=14561"}],"curies":[{"name":"wp","href":"https:\/\/api.w.org\/{rel}","templated":true}]}}