{"id":1454,"date":"2022-12-14T15:27:17","date_gmt":"2022-12-14T14:27:17","guid":{"rendered":"https:\/\/www.valaz.es\/?post_type=product&#038;p=1454"},"modified":"2026-01-22T13:46:56","modified_gmt":"2026-01-22T12:46:56","slug":"ducha-empotrada-monomando-cuadrada-a-techo-cromada-serie-mino","status":"publish","type":"product","link":"https:\/\/www.valaz.es\/it\/prodotto\/ducha-empotrada-monomando-cuadrada-a-techo-cromada-serie-mino\/","title":{"rendered":"Ducha empotrada monomando cuadrada a techo cromada &#8211; Serie Mi\u00f1o"},"content":{"rendered":"<p class=\"\" data-start=\"69\" data-end=\"365\">Ducha empotrada con dise\u00f1o cuadrado, que ofrece un acabado cromado brillante, ideal para darle un toque de sofisticaci\u00f3n y modernidad a tu ba\u00f1o. Con su instalaci\u00f3n empotrada y funcionalidad de monomando, es perfecta para quienes buscan estilo y comodidad en su espacio de ducha.<\/p>\n<p class=\"\" data-start=\"367\" data-end=\"389\"><strong data-start=\"367\" data-end=\"387\">Especificaciones<\/strong><\/p>\n<ul data-start=\"390\" data-end=\"817\">\n<li class=\"\" data-start=\"390\" data-end=\"439\">\n<p class=\"\" data-start=\"392\" data-end=\"439\"><strong data-start=\"392\" data-end=\"430\">Material del cuerpo de la grifer\u00eda<\/strong>: Lat\u00f3n<\/p>\n<\/li>\n<li class=\"\" data-start=\"440\" data-end=\"487\">\n<p class=\"\" data-start=\"442\" data-end=\"487\"><strong data-start=\"442\" data-end=\"467\">Material del rociador<\/strong>: Acero inoxidable<\/p>\n<\/li>\n<li class=\"\" data-start=\"488\" data-end=\"533\">\n<p class=\"\" data-start=\"490\" data-end=\"533\"><strong data-start=\"490\" data-end=\"526\">Material de la alcachofa de mano<\/strong>: PVC<\/p>\n<\/li>\n<li class=\"\" data-start=\"534\" data-end=\"578\">\n<p class=\"\" data-start=\"536\" data-end=\"578\"><strong data-start=\"536\" data-end=\"558\">Material del flexo<\/strong>: Acero inoxidable<\/p>\n<\/li>\n<li class=\"\" data-start=\"579\" data-end=\"784\">\n<p class=\"\" data-start=\"581\" data-end=\"595\"><strong data-start=\"581\" data-end=\"592\">Incluye<\/strong>:<\/p>\n<ul data-start=\"598\" data-end=\"784\">\n<li class=\"\" data-start=\"598\" data-end=\"631\">\n<p class=\"\" data-start=\"600\" data-end=\"631\">Caja box empotrado monomando de 2 v\u00edas<\/p>\n<\/li>\n<li class=\"\" data-start=\"634\" data-end=\"653\">\n<p class=\"\" data-start=\"636\" data-end=\"653\">Marco empotrado<\/p>\n<\/li>\n<li class=\"\" data-start=\"656\" data-end=\"668\">\n<p class=\"\" data-start=\"658\" data-end=\"668\">Rociador<\/p>\n<\/li>\n<li class=\"\" data-start=\"671\" data-end=\"689\">\n<p class=\"\" data-start=\"673\" data-end=\"689\">Salida de agua<\/p>\n<\/li>\n<li class=\"\" data-start=\"692\" data-end=\"726\">\n<p class=\"\" data-start=\"694\" data-end=\"726\">Soporte para alcachofa de mano<\/p>\n<\/li>\n<li class=\"\" data-start=\"729\" data-end=\"748\">\n<p class=\"\" data-start=\"731\" data-end=\"748\">Flexo de 150 cm de acero inoxidable<\/p>\n<\/li>\n<li class=\"\" data-start=\"751\" data-end=\"784\">\n<p class=\"\" data-start=\"753\" data-end=\"784\">Alcachofa de mano de PVC<\/p>\n<\/li>\n<\/ul>\n<\/li>\n<li class=\"\" data-start=\"785\" data-end=\"817\">\n<p class=\"\" data-start=\"787\" data-end=\"817\"><strong data-start=\"787\" data-end=\"798\">Acabado<\/strong>: Cromado brillante<\/p>\n<\/li>\n<\/ul>\n","protected":false},"excerpt":{"rendered":"<p>&nbsp;<\/p>\n<p>Serie Mi\u00f1o con l\u00edneas redondas y acabados rectangulares se diferencia por tu empotrado de cuadrado y rectangular donde queda todo uniforme. Disponemos de acabados en cromado, dorado cepillado, negro mate tanto con soporte a pared como a ras del techo. Nuestro kit de ducha empotrado viene completo con caja box de 2 v\u00edas, marco o soporte a pared, rociador a elegir, salida de agua , soporte de alcachofa de mano y flexo.<\/p>\n<p>La garant\u00eda de todos nuestros productos es de 3 a\u00f1os, para funcionamiento, duraci\u00f3n del esmaltado y anticorrosi\u00f3n.<\/p>\n<p>Recomendamos para un correcto mantenimiento de la grifer\u00eda y evitar el deterioro por el uso. Secar las gotas de agua con un pa\u00f1o suave despu\u00e9s del uso, evitando que se posen en la superficie y deterioran el acabado, no utilizar esponjas que puedan rayar la grifer\u00eda, utilizar limpiadores como vinagre limpieza, agua caliente y jab\u00f3n con ph neutro.<\/p>\n<p>&nbsp;<\/p>\n<p><strong>Nuestro departamento\u00a0t\u00e9cnico\u00a0dispone de\u00a0gu\u00edas\u00a0de todos los\u00a0modelos\u00a0empotrados\u00a0que vendemos<\/strong><strong>,\u00a0si tiene alguna duda con la\u00a0instalaci\u00f3n\u00a0contacte con nosotros mediante\u00a0tel\u00e9fono,\u00a0WhatsApp\u00a0o email dentro del horario laboral indicado en la web.<\/strong><\/p>\n<p><strong>Recuerden que una vez instalado el cuerpo\u00a0empotrado\u00a0de la\u00a0grifer\u00eda\u00a0revisar de su correcto funcionamiento de paso de agua, comprobaci\u00f3n de cartuchos y corte de agua, si detecta alguna\u00a0anomal\u00eda\u00a0informe a nuestro\u00a0departamento\u00a0para darle una\u00a0soluci\u00f3n, no\u00a0contin\u00fae\u00a0con la\u00a0instalaci\u00f3n\u00a0de cerramiento de la pared.<\/strong><\/p>\n","protected":false},"featured_media":1467,"template":"","meta":[],"product_brand":[],"product_cat":[57,47],"product_tag":[],"serie":[67],"manual-de-instalacion":[85],"color":[26],"class_list":{"0":"post-1454","1":"product","2":"type-product","3":"status-publish","4":"has-post-thumbnail","6":"product_cat-duchas-empotradas","7":"product_cat-duchas","8":"pa_tamano-rociador-20cm","9":"pa_tamano-rociador-25cm","10":"pa_tamano-rociador-30cm","11":"pa_tamano-rociador-40cm","12":"serie-mino","13":"manual-de-instalacion-guia-instalacion-mino","14":"color-cromo","16":"first","17":"instock","18":"taxable","19":"shipping-taxable","20":"product-type-variable"},"_links":{"self":[{"href":"https:\/\/www.valaz.es\/it\/wp-json\/wp\/v2\/product\/1454","targetHints":{"allow":["GET"]}}],"collection":[{"href":"https:\/\/www.valaz.es\/it\/wp-json\/wp\/v2\/product"}],"about":[{"href":"https:\/\/www.valaz.es\/it\/wp-json\/wp\/v2\/types\/product"}],"wp:featuredmedia":[{"embeddable":true,"href":"https:\/\/www.valaz.es\/it\/wp-json\/wp\/v2\/media\/1467"}],"wp:attachment":[{"href":"https:\/\/www.valaz.es\/it\/wp-json\/wp\/v2\/media?parent=1454"}],"wp:term":[{"taxonomy":"product_brand","embeddable":true,"href":"https:\/\/www.valaz.es\/it\/wp-json\/wp\/v2\/product_brand?post=1454"},{"taxonomy":"product_cat","embeddable":true,"href":"https:\/\/www.valaz.es\/it\/wp-json\/wp\/v2\/product_cat?post=1454"},{"taxonomy":"product_tag","embeddable":true,"href":"https:\/\/www.valaz.es\/it\/wp-json\/wp\/v2\/product_tag?post=1454"},{"taxonomy":"serie","embeddable":true,"href":"https:\/\/www.valaz.es\/it\/wp-json\/wp\/v2\/serie?post=1454"},{"taxonomy":"manual-de-instalacion","embeddable":true,"href":"https:\/\/www.valaz.es\/it\/wp-json\/wp\/v2\/manual-de-instalacion?post=1454"},{"taxonomy":"color","embeddable":true,"href":"https:\/\/www.valaz.es\/it\/wp-json\/wp\/v2\/color?post=1454"}],"curies":[{"name":"wp","href":"https:\/\/api.w.org\/{rel}","templated":true}]}}